{"id":183,"date":"2017-01-30T22:35:35","date_gmt":"2017-01-30T22:35:35","guid":{"rendered":"https:\/\/pivelgregoriano.com\/tienda\/?post_type=product&#038;p=183"},"modified":"2023-06-14T17:58:15","modified_gmt":"2023-06-14T17:58:15","slug":"audio-el-santo-rosario-en-latin-y-oraciones-en-espanol-para-meditar","status":"publish","type":"product","link":"https:\/\/www.pivelgregoriano.com\/tienda\/tienda\/audio-el-santo-rosario-en-latin-y-oraciones-en-espanol-para-meditar\/","title":{"rendered":"Audio El santo Rosario en Lat\u00edn y Oraciones en Espa\u00f1ol para meditar (Descarga Inmediata)"},"content":{"rendered":"<p><b>Autor:\u00a0 Jos\u00e9 Luis Pivel<\/b><br \/>\n<b>N\u00famero de Audios: 4 CDs<br \/>\n<\/b><b style=\"font-size: 1rem;\"><\/b><\/p>\n<p><b style=\"font-size: 1rem;\">CD #1. Misterios Gozosos.<br \/>\nCD #2. Misterios Dolorosos.<br \/>\nCD #3. Misterios Gloriosos.<br \/>\nCD #4. Misterios Luminosos.<\/b><\/p>\n<p><b>Peso de descarga: 345MB<\/b><br \/>\nRadio Cristiandad, Emisora Virtual de Argentina inici\u00f3 la transmisi\u00f3n del Rosario en Lat\u00edn para un p\u00fablico limitado; ahora usted tiene la oportunidad de escucharlo en su propia casa o veh\u00edculo.\u00a0 El audio ha sido enriquecido con otras plegarias m\u00fasica gregoriana para ambientar de forma agradable esta antigua tradici\u00f3n para fomentar la devoci\u00f3n Mariana. Y rezarlo y meditarlo como lo hicieron los Santos desde el Siglo XIII. Es una oraci\u00f3n eficaz para pedir la intercesi\u00f3n de la Madre de Dios en la lucha contra el Poder de las tinieblas y para ganar las grandes batallas de la Fe. (complemento del Libro El santo rosario en lat\u00edn Espa\u00f1ol)<\/p>\n","protected":false},"excerpt":{"rendered":"<p><b>Autor:\u00a0 Jos\u00e9 Luis Pivel<\/b><br \/>\n<b>N\u00famero de Audios: 4 CDs<br \/>\n<\/b><b style=\"font-size: 1rem;\"><\/b><\/p>\n<p><b style=\"font-size: 1rem;\">CD #1. Misterios Gozosos.<br \/>\nCD #2. Misterios Dolorosos.<br \/>\nCD #3. Misterios Gloriosos.<br \/>\nCD #4. Misterios Luminosos.<\/b><\/p>\n<p><b>Peso de descarga: 345MB<\/b><br \/>\nRadio Cristiandad, Emisora Virtual de Argentina inici\u00f3 la transmisi\u00f3n del Rosario en Lat\u00edn para un p\u00fablico limitado; ahora usted tiene la oportunidad de escucharlo en su propia casa o veh\u00edculo.\u00a0 El audio ha sido enriquecido con otras plegarias m\u00fasica gregoriana para ambientar de forma agradable esta antigua tradici\u00f3n para fomentar la devoci\u00f3n Mariana. Y rezarlo y meditarlo como lo hicieron los Santos desde el Siglo XIII. Es una oraci\u00f3n eficaz para pedir la intercesi\u00f3n de la Madre de Dios en la lucha contra el Poder de las tinieblas y para ganar las grandes batallas de la Fe. (complemento del Libro El santo rosario en lat\u00edn Espa\u00f1ol)<\/p>\n","protected":false},"featured_media":599,"comment_status":"open","ping_status":"closed","template":"","meta":[],"product_brand":[],"product_cat":[21,7],"product_tag":[],"class_list":{"0":"post-183","1":"product","2":"type-product","3":"status-publish","4":"has-post-thumbnail","6":"product_cat-audio","7":"product_cat-descarga","9":"first","10":"instock","11":"downloadable","12":"virtual","13":"sold-individually","14":"purchasable","15":"product-type-simple"},"yoast_head":"<!-- This site is optimized with the Yoast SEO Premium plugin v20.1 (Yoast SEO v26.9) - https:\/\/yoast.com\/product\/yoast-seo-premium-wordpress\/ -->\n<title>Audio El santo Rosario en Lat\u00edn y Oraciones en Espa\u00f1ol para meditar (Descarga Inmediata) - TIENDA PIVEL<\/title>\n<meta name=\"robots\" content=\"index, follow, max-snippet:-1, max-image-preview:large, max-video-preview:-1\" \/>\n<link rel=\"canonical\" href=\"https:\/\/www.pivelgregoriano.com\/tienda\/tienda\/audio-el-santo-rosario-en-latin-y-oraciones-en-espanol-para-meditar\/\" \/>\n<meta property=\"og:locale\" content=\"es_ES\" \/>\n<meta property=\"og:type\" content=\"article\" \/>\n<meta property=\"og:title\" content=\"Audio El santo Rosario en Lat\u00edn y Oraciones en Espa\u00f1ol para meditar (Descarga Inmediata)\" \/>\n<meta property=\"og:description\" content=\"Autor:\u00a0 Jos\u00e9 Luis Pivel N\u00famero de Audios: 4 CDs   CD #1. Misterios Gozosos. CD #2. Misterios Dolorosos. CD #3. Misterios Gloriosos. CD #4. Misterios Luminosos.  Peso de descarga: 345MB Radio Cristiandad, Emisora Virtual de Argentina inici\u00f3 la transmisi\u00f3n del Rosario en Lat\u00edn para un p\u00fablico limitado; ahora usted tiene la oportunidad de escucharlo en su propia casa o veh\u00edculo.\u00a0 El audio ha sido enriquecido con otras plegarias m\u00fasica gregoriana para ambientar de forma agradable esta antigua tradici\u00f3n para fomentar la devoci\u00f3n Mariana. Y rezarlo y meditarlo como lo hicieron los Santos desde el Siglo XIII. Es una oraci\u00f3n eficaz para pedir la intercesi\u00f3n de la Madre de Dios en la lucha contra el Poder de las tinieblas y para ganar las grandes batallas de la Fe. (complemento del Libro El santo rosario en lat\u00edn Espa\u00f1ol)\" \/>\n<meta property=\"og:url\" content=\"https:\/\/www.pivelgregoriano.com\/tienda\/tienda\/audio-el-santo-rosario-en-latin-y-oraciones-en-espanol-para-meditar\/\" \/>\n<meta property=\"og:site_name\" content=\"TIENDA PIVEL\" \/>\n<meta property=\"article:modified_time\" content=\"2023-06-14T17:58:15+00:00\" \/>\n<meta property=\"og:image\" content=\"https:\/\/www.pivelgregoriano.com\/tienda\/wp-content\/uploads\/2017\/01\/Audio-ElSantoRosarioEnLatinyOracionesEnEspanolParaMeditar600.jpg\" \/>\n\t<meta property=\"og:image:width\" content=\"600\" \/>\n\t<meta property=\"og:image:height\" content=\"600\" \/>\n\t<meta property=\"og:image:type\" content=\"image\/jpeg\" \/>\n<meta name=\"twitter:card\" content=\"summary_large_image\" \/>\n<meta name=\"twitter:label1\" content=\"Precio\" \/>\n\t<meta name=\"twitter:data1\" content=\"&#036;20.000\" \/>\n\t<meta name=\"twitter:label2\" content=\"Availability\" \/>\n\t<meta name=\"twitter:data2\" content=\"In stock\" \/>\n<script type=\"application\/ld+json\" class=\"yoast-schema-graph\">{\"@context\":\"https:\/\/schema.org\",\"@graph\":[{\"@type\":\"WebPage\",\"@id\":\"https:\/\/www.pivelgregoriano.com\/tienda\/tienda\/audio-el-santo-rosario-en-latin-y-oraciones-en-espanol-para-meditar\/\",\"url\":\"https:\/\/www.pivelgregoriano.com\/tienda\/tienda\/audio-el-santo-rosario-en-latin-y-oraciones-en-espanol-para-meditar\/\",\"name\":\"Audio El santo Rosario en Lat\u00edn y Oraciones en Espa\u00f1ol para meditar (Descarga Inmediata) - TIENDA PIVEL\",\"isPartOf\":{\"@id\":\"https:\/\/www.pivelgregoriano.com\/tienda\/#website\"},\"primaryImageOfPage\":{\"@id\":\"https:\/\/www.pivelgregoriano.com\/tienda\/tienda\/audio-el-santo-rosario-en-latin-y-oraciones-en-espanol-para-meditar\/#primaryimage\"},\"image\":{\"@id\":\"https:\/\/www.pivelgregoriano.com\/tienda\/tienda\/audio-el-santo-rosario-en-latin-y-oraciones-en-espanol-para-meditar\/#primaryimage\"},\"thumbnailUrl\":\"https:\/\/www.pivelgregoriano.com\/tienda\/wp-content\/uploads\/2017\/01\/Audio-ElSantoRosarioEnLatinyOracionesEnEspanolParaMeditar600.jpg\",\"datePublished\":\"2017-01-30T22:35:35+00:00\",\"dateModified\":\"2023-06-14T17:58:15+00:00\",\"breadcrumb\":{\"@id\":\"https:\/\/www.pivelgregoriano.com\/tienda\/tienda\/audio-el-santo-rosario-en-latin-y-oraciones-en-espanol-para-meditar\/#breadcrumb\"},\"inLanguage\":\"es\",\"potentialAction\":[{\"@type\":\"ReadAction\",\"target\":[\"https:\/\/www.pivelgregoriano.com\/tienda\/tienda\/audio-el-santo-rosario-en-latin-y-oraciones-en-espanol-para-meditar\/\"]}]},{\"@type\":\"ImageObject\",\"inLanguage\":\"es\",\"@id\":\"https:\/\/www.pivelgregoriano.com\/tienda\/tienda\/audio-el-santo-rosario-en-latin-y-oraciones-en-espanol-para-meditar\/#primaryimage\",\"url\":\"https:\/\/www.pivelgregoriano.com\/tienda\/wp-content\/uploads\/2017\/01\/Audio-ElSantoRosarioEnLatinyOracionesEnEspanolParaMeditar600.jpg\",\"contentUrl\":\"https:\/\/www.pivelgregoriano.com\/tienda\/wp-content\/uploads\/2017\/01\/Audio-ElSantoRosarioEnLatinyOracionesEnEspanolParaMeditar600.jpg\",\"width\":600,\"height\":600,\"caption\":\"Audio-ElSantoRosarioEnLatinyOracionesEnEspanolParaMeditar\"},{\"@type\":\"BreadcrumbList\",\"@id\":\"https:\/\/www.pivelgregoriano.com\/tienda\/tienda\/audio-el-santo-rosario-en-latin-y-oraciones-en-espanol-para-meditar\/#breadcrumb\",\"itemListElement\":[{\"@type\":\"ListItem\",\"position\":1,\"name\":\"Home\",\"item\":\"https:\/\/www.pivelgregoriano.com\/tienda\/\"},{\"@type\":\"ListItem\",\"position\":2,\"name\":\"Tienda\",\"item\":\"https:\/\/www.pivelgregoriano.com\/tienda\/\"},{\"@type\":\"ListItem\",\"position\":3,\"name\":\"Audio El santo Rosario en Lat\u00edn y Oraciones en Espa\u00f1ol para meditar (Descarga Inmediata)\"}]},{\"@type\":\"WebSite\",\"@id\":\"https:\/\/www.pivelgregoriano.com\/tienda\/#website\",\"url\":\"https:\/\/www.pivelgregoriano.com\/tienda\/\",\"name\":\"Tienda Pivel Gregoriano\",\"description\":\"Tienda PivelGregoriano\",\"publisher\":{\"@id\":\"https:\/\/www.pivelgregoriano.com\/tienda\/#\/schema\/person\/1d010b70231deefe56affbc088b309ee\"},\"potentialAction\":[{\"@type\":\"SearchAction\",\"target\":{\"@type\":\"EntryPoint\",\"urlTemplate\":\"https:\/\/www.pivelgregoriano.com\/tienda\/?s={search_term_string}\"},\"query-input\":{\"@type\":\"PropertyValueSpecification\",\"valueRequired\":true,\"valueName\":\"search_term_string\"}}],\"inLanguage\":\"es\"},{\"@type\":[\"Person\",\"Organization\"],\"@id\":\"https:\/\/www.pivelgregoriano.com\/tienda\/#\/schema\/person\/1d010b70231deefe56affbc088b309ee\",\"name\":\"PIVEL AD TIENDA\",\"image\":{\"@type\":\"ImageObject\",\"inLanguage\":\"es\",\"@id\":\"https:\/\/www.pivelgregoriano.com\/tienda\/#\/schema\/person\/image\/\",\"url\":\"https:\/\/www.pivelgregoriano.com\/tienda\/wp-content\/uploads\/2016\/12\/cropped-LOGO-Misa-Tridentina-249x300-2-2.png\",\"contentUrl\":\"https:\/\/www.pivelgregoriano.com\/tienda\/wp-content\/uploads\/2016\/12\/cropped-LOGO-Misa-Tridentina-249x300-2-2.png\",\"width\":240,\"height\":121,\"caption\":\"PIVEL AD TIENDA\"},\"logo\":{\"@id\":\"https:\/\/www.pivelgregoriano.com\/tienda\/#\/schema\/person\/image\/\"}}]}<\/script>\n<meta property=\"product:price:amount\" content=\"20000\" \/>\n<meta property=\"product:price:currency\" content=\"COP\" \/>\n<meta property=\"og:availability\" content=\"instock\" \/>\n<meta property=\"product:availability\" content=\"instock\" \/>\n<meta property=\"product:condition\" content=\"new\" \/>\n<!-- \/ Yoast SEO Premium plugin. -->","yoast_head_json":{"title":"Audio El santo Rosario en Lat\u00edn y Oraciones en Espa\u00f1ol para meditar (Descarga Inmediata) - TIENDA PIVEL","robots":{"index":"index","follow":"follow","max-snippet":"max-snippet:-1","max-image-preview":"max-image-preview:large","max-video-preview":"max-video-preview:-1"},"canonical":"https:\/\/www.pivelgregoriano.com\/tienda\/tienda\/audio-el-santo-rosario-en-latin-y-oraciones-en-espanol-para-meditar\/","og_locale":"es_ES","og_type":"article","og_title":"Audio El santo Rosario en Lat\u00edn y Oraciones en Espa\u00f1ol para meditar (Descarga Inmediata)","og_description":"Autor:\u00a0 Jos\u00e9 Luis Pivel N\u00famero de Audios: 4 CDs   CD #1. Misterios Gozosos. CD #2. Misterios Dolorosos. CD #3. Misterios Gloriosos. CD #4. Misterios Luminosos.  Peso de descarga: 345MB Radio Cristiandad, Emisora Virtual de Argentina inici\u00f3 la transmisi\u00f3n del Rosario en Lat\u00edn para un p\u00fablico limitado; ahora usted tiene la oportunidad de escucharlo en su propia casa o veh\u00edculo.\u00a0 El audio ha sido enriquecido con otras plegarias m\u00fasica gregoriana para ambientar de forma agradable esta antigua tradici\u00f3n para fomentar la devoci\u00f3n Mariana. Y rezarlo y meditarlo como lo hicieron los Santos desde el Siglo XIII. Es una oraci\u00f3n eficaz para pedir la intercesi\u00f3n de la Madre de Dios en la lucha contra el Poder de las tinieblas y para ganar las grandes batallas de la Fe. (complemento del Libro El santo rosario en lat\u00edn Espa\u00f1ol)","og_url":"https:\/\/www.pivelgregoriano.com\/tienda\/tienda\/audio-el-santo-rosario-en-latin-y-oraciones-en-espanol-para-meditar\/","og_site_name":"TIENDA PIVEL","article_modified_time":"2023-06-14T17:58:15+00:00","og_image":[{"width":600,"height":600,"url":"https:\/\/www.pivelgregoriano.com\/tienda\/wp-content\/uploads\/2017\/01\/Audio-ElSantoRosarioEnLatinyOracionesEnEspanolParaMeditar600.jpg","type":"image\/jpeg"}],"twitter_card":"summary_large_image","twitter_misc":{"Precio":"&#36;20.000","Availability":"In stock"},"schema":{"@context":"https:\/\/schema.org","@graph":[{"@type":"WebPage","@id":"https:\/\/www.pivelgregoriano.com\/tienda\/tienda\/audio-el-santo-rosario-en-latin-y-oraciones-en-espanol-para-meditar\/","url":"https:\/\/www.pivelgregoriano.com\/tienda\/tienda\/audio-el-santo-rosario-en-latin-y-oraciones-en-espanol-para-meditar\/","name":"Audio El santo Rosario en Lat\u00edn y Oraciones en Espa\u00f1ol para meditar (Descarga Inmediata) - TIENDA PIVEL","isPartOf":{"@id":"https:\/\/www.pivelgregoriano.com\/tienda\/#website"},"primaryImageOfPage":{"@id":"https:\/\/www.pivelgregoriano.com\/tienda\/tienda\/audio-el-santo-rosario-en-latin-y-oraciones-en-espanol-para-meditar\/#primaryimage"},"image":{"@id":"https:\/\/www.pivelgregoriano.com\/tienda\/tienda\/audio-el-santo-rosario-en-latin-y-oraciones-en-espanol-para-meditar\/#primaryimage"},"thumbnailUrl":"https:\/\/www.pivelgregoriano.com\/tienda\/wp-content\/uploads\/2017\/01\/Audio-ElSantoRosarioEnLatinyOracionesEnEspanolParaMeditar600.jpg","datePublished":"2017-01-30T22:35:35+00:00","dateModified":"2023-06-14T17:58:15+00:00","breadcrumb":{"@id":"https:\/\/www.pivelgregoriano.com\/tienda\/tienda\/audio-el-santo-rosario-en-latin-y-oraciones-en-espanol-para-meditar\/#breadcrumb"},"inLanguage":"es","potentialAction":[{"@type":"ReadAction","target":["https:\/\/www.pivelgregoriano.com\/tienda\/tienda\/audio-el-santo-rosario-en-latin-y-oraciones-en-espanol-para-meditar\/"]}]},{"@type":"ImageObject","inLanguage":"es","@id":"https:\/\/www.pivelgregoriano.com\/tienda\/tienda\/audio-el-santo-rosario-en-latin-y-oraciones-en-espanol-para-meditar\/#primaryimage","url":"https:\/\/www.pivelgregoriano.com\/tienda\/wp-content\/uploads\/2017\/01\/Audio-ElSantoRosarioEnLatinyOracionesEnEspanolParaMeditar600.jpg","contentUrl":"https:\/\/www.pivelgregoriano.com\/tienda\/wp-content\/uploads\/2017\/01\/Audio-ElSantoRosarioEnLatinyOracionesEnEspanolParaMeditar600.jpg","width":600,"height":600,"caption":"Audio-ElSantoRosarioEnLatinyOracionesEnEspanolParaMeditar"},{"@type":"BreadcrumbList","@id":"https:\/\/www.pivelgregoriano.com\/tienda\/tienda\/audio-el-santo-rosario-en-latin-y-oraciones-en-espanol-para-meditar\/#breadcrumb","itemListElement":[{"@type":"ListItem","position":1,"name":"Home","item":"https:\/\/www.pivelgregoriano.com\/tienda\/"},{"@type":"ListItem","position":2,"name":"Tienda","item":"https:\/\/www.pivelgregoriano.com\/tienda\/"},{"@type":"ListItem","position":3,"name":"Audio El santo Rosario en Lat\u00edn y Oraciones en Espa\u00f1ol para meditar (Descarga Inmediata)"}]},{"@type":"WebSite","@id":"https:\/\/www.pivelgregoriano.com\/tienda\/#website","url":"https:\/\/www.pivelgregoriano.com\/tienda\/","name":"Tienda Pivel Gregoriano","description":"Tienda PivelGregoriano","publisher":{"@id":"https:\/\/www.pivelgregoriano.com\/tienda\/#\/schema\/person\/1d010b70231deefe56affbc088b309ee"},"potentialAction":[{"@type":"SearchAction","target":{"@type":"EntryPoint","urlTemplate":"https:\/\/www.pivelgregoriano.com\/tienda\/?s={search_term_string}"},"query-input":{"@type":"PropertyValueSpecification","valueRequired":true,"valueName":"search_term_string"}}],"inLanguage":"es"},{"@type":["Person","Organization"],"@id":"https:\/\/www.pivelgregoriano.com\/tienda\/#\/schema\/person\/1d010b70231deefe56affbc088b309ee","name":"PIVEL AD TIENDA","image":{"@type":"ImageObject","inLanguage":"es","@id":"https:\/\/www.pivelgregoriano.com\/tienda\/#\/schema\/person\/image\/","url":"https:\/\/www.pivelgregoriano.com\/tienda\/wp-content\/uploads\/2016\/12\/cropped-LOGO-Misa-Tridentina-249x300-2-2.png","contentUrl":"https:\/\/www.pivelgregoriano.com\/tienda\/wp-content\/uploads\/2016\/12\/cropped-LOGO-Misa-Tridentina-249x300-2-2.png","width":240,"height":121,"caption":"PIVEL AD TIENDA"},"logo":{"@id":"https:\/\/www.pivelgregoriano.com\/tienda\/#\/schema\/person\/image\/"}}]},"product_price_amount":"20000","product_price_currency":"COP","og_availability":"instock","product_availability":"instock","product_condition":"new"},"_links":{"self":[{"href":"https:\/\/www.pivelgregoriano.com\/tienda\/wp-json\/wp\/v2\/product\/183","targetHints":{"allow":["GET"]}}],"collection":[{"href":"https:\/\/www.pivelgregoriano.com\/tienda\/wp-json\/wp\/v2\/product"}],"about":[{"href":"https:\/\/www.pivelgregoriano.com\/tienda\/wp-json\/wp\/v2\/types\/product"}],"replies":[{"embeddable":true,"href":"https:\/\/www.pivelgregoriano.com\/tienda\/wp-json\/wp\/v2\/comments?post=183"}],"wp:featuredmedia":[{"embeddable":true,"href":"https:\/\/www.pivelgregoriano.com\/tienda\/wp-json\/wp\/v2\/media\/599"}],"wp:attachment":[{"href":"https:\/\/www.pivelgregoriano.com\/tienda\/wp-json\/wp\/v2\/media?parent=183"}],"wp:term":[{"taxonomy":"product_brand","embeddable":true,"href":"https:\/\/www.pivelgregoriano.com\/tienda\/wp-json\/wp\/v2\/product_brand?post=183"},{"taxonomy":"product_cat","embeddable":true,"href":"https:\/\/www.pivelgregoriano.com\/tienda\/wp-json\/wp\/v2\/product_cat?post=183"},{"taxonomy":"product_tag","embeddable":true,"href":"https:\/\/www.pivelgregoriano.com\/tienda\/wp-json\/wp\/v2\/product_tag?post=183"}],"curies":[{"name":"wp","href":"https:\/\/api.w.org\/{rel}","templated":true}]}}