{"id":184,"date":"2017-01-30T22:52:55","date_gmt":"2017-01-30T22:52:55","guid":{"rendered":"https:\/\/pivelgregoriano.com\/tienda\/?post_type=product&#038;p=184"},"modified":"2022-10-12T16:52:48","modified_gmt":"2022-10-12T16:52:48","slug":"audio-50-oraciones-para-la-familia-cristiana","status":"publish","type":"product","link":"https:\/\/www.pivelgregoriano.com\/tienda\/tienda\/audio-50-oraciones-para-la-familia-cristiana\/","title":{"rendered":"Audio 50 oraciones para la familia cristiana (Descarga Inmediata)"},"content":{"rendered":"<p><strong>MP3, duraci\u00f3n: 80 minutos<br \/>\nAutor:\u00a0 Jos\u00e9 Luis Pivel<br \/>\nN\u00famero de Audios: 1<br \/>\n<\/strong>Este audio, contiene las principales oraciones del cristiano que desde ni\u00f1os aprendimos de nuestros padres. Es una ayuda para refrescar la memoria con estas plegarias necesarias para implorar la ayuda de Dios. Con estas plegarias tambi\u00e9n pedimos \u00a0la intercesi\u00f3n de la Virgen Mar\u00eda, los \u00c1ngeles buenos y todos los Santos. Est\u00e1 ambientado con un fondo musical de canto gregoriano para acompa\u00f1ar a cada Oraci\u00f3n. Le garantizamos que cada vez que lo escuche usted sentir\u00e1 la paz espiritual, que tanto anhelamos en los momentos dif\u00edciles \u00a0la vida.<\/p>\n<p><a href=\"https:\/\/pivelgregoriano.com\/tienda\/wp-content\/uploads\/2017\/01\/LISTA-Audio_50_oraciones_para_la_familia_cristiana.jpg\"><img loading=\"lazy\" decoding=\"async\" class=\"aligncenter wp-image-202\" src=\"https:\/\/pivelgregoriano.com\/tienda\/wp-content\/uploads\/2017\/01\/LISTA-Audio_50_oraciones_para_la_familia_cristiana.jpg\" alt=\"LISTA-Audio_50_oraciones_para_la_familia_cristiana\" width=\"556\" height=\"571\" srcset=\"https:\/\/www.pivelgregoriano.com\/tienda\/wp-content\/uploads\/2017\/01\/LISTA-Audio_50_oraciones_para_la_familia_cristiana.jpg 783w, https:\/\/www.pivelgregoriano.com\/tienda\/wp-content\/uploads\/2017\/01\/LISTA-Audio_50_oraciones_para_la_familia_cristiana-600x616.jpg 600w, https:\/\/www.pivelgregoriano.com\/tienda\/wp-content\/uploads\/2017\/01\/LISTA-Audio_50_oraciones_para_la_familia_cristiana-292x300.jpg 292w, https:\/\/www.pivelgregoriano.com\/tienda\/wp-content\/uploads\/2017\/01\/LISTA-Audio_50_oraciones_para_la_familia_cristiana-768x789.jpg 768w\" sizes=\"auto, (max-width: 556px) 100vw, 556px\" \/><\/a><\/p>\n","protected":false},"excerpt":{"rendered":"<p><strong>MP3, duraci\u00f3n: 80 minutos<br \/>\nAutor:\u00a0 Jos\u00e9 Luis Pivel<br \/>\nN\u00famero de Audios: 1<br \/>\n<\/strong>Este audio, contiene las principales oraciones del cristiano que desde ni\u00f1os aprendimos de nuestros padres. Es una ayuda para refrescar la memoria con estas plegarias necesarias para implorar la ayuda de Dios. Con estas plegarias tambi\u00e9n pedimos \u00a0la intercesi\u00f3n de la Virgen Mar\u00eda, los \u00c1ngeles buenos y todos los Santos. Est\u00e1 ambientado con un fondo musical de canto gregoriano para acompa\u00f1ar a cada Oraci\u00f3n. Le garantizamos que cada vez que lo escuche usted sentir\u00e1 la paz espiritual, que tanto anhelamos en los momentos dif\u00edciles \u00a0la vida.<\/p>\n","protected":false},"featured_media":185,"comment_status":"open","ping_status":"closed","template":"","meta":[],"product_brand":[],"product_cat":[21,7],"product_tag":[],"class_list":{"0":"post-184","1":"product","2":"type-product","3":"status-publish","4":"has-post-thumbnail","6":"product_cat-audio","7":"product_cat-descarga","9":"first","10":"instock","11":"downloadable","12":"virtual","13":"sold-individually","14":"purchasable","15":"product-type-simple"},"yoast_head":"<!-- This site is optimized with the Yoast SEO Premium plugin v20.1 (Yoast SEO v26.9) - https:\/\/yoast.com\/product\/yoast-seo-premium-wordpress\/ -->\n<title>Audio 50 oraciones para la familia cristiana (Descarga Inmediata) - TIENDA PIVEL<\/title>\n<meta name=\"robots\" content=\"index, follow, max-snippet:-1, max-image-preview:large, max-video-preview:-1\" \/>\n<link rel=\"canonical\" href=\"https:\/\/www.pivelgregoriano.com\/tienda\/tienda\/audio-50-oraciones-para-la-familia-cristiana\/\" \/>\n<meta property=\"og:locale\" content=\"es_ES\" \/>\n<meta property=\"og:type\" content=\"article\" \/>\n<meta property=\"og:title\" content=\"Audio 50 oraciones para la familia cristiana (Descarga Inmediata)\" \/>\n<meta property=\"og:description\" content=\"MP3, duraci\u00f3n: 80 minutos Autor:\u00a0 Jos\u00e9 Luis Pivel N\u00famero de Audios: 1 Este audio, contiene las principales oraciones del cristiano que desde ni\u00f1os aprendimos de nuestros padres. Es una ayuda para refrescar la memoria con estas plegarias necesarias para implorar la ayuda de Dios. Con estas plegarias tambi\u00e9n pedimos \u00a0la intercesi\u00f3n de la Virgen Mar\u00eda, los \u00c1ngeles buenos y todos los Santos. Est\u00e1 ambientado con un fondo musical de canto gregoriano para acompa\u00f1ar a cada Oraci\u00f3n. Le garantizamos que cada vez que lo escuche usted sentir\u00e1 la paz espiritual, que tanto anhelamos en los momentos dif\u00edciles \u00a0la vida.\" \/>\n<meta property=\"og:url\" content=\"https:\/\/www.pivelgregoriano.com\/tienda\/tienda\/audio-50-oraciones-para-la-familia-cristiana\/\" \/>\n<meta property=\"og:site_name\" content=\"TIENDA PIVEL\" \/>\n<meta property=\"article:modified_time\" content=\"2022-10-12T16:52:48+00:00\" \/>\n<meta property=\"og:image\" content=\"https:\/\/www.pivelgregoriano.com\/tienda\/wp-content\/uploads\/2017\/01\/Audio_50_oraciones_para_la_familia_cristiana-cuadrado.jpg\" \/>\n\t<meta property=\"og:image:width\" content=\"552\" \/>\n\t<meta property=\"og:image:height\" content=\"552\" \/>\n\t<meta property=\"og:image:type\" content=\"image\/jpeg\" \/>\n<meta name=\"twitter:card\" content=\"summary_large_image\" \/>\n<meta name=\"twitter:label1\" content=\"Precio\" \/>\n\t<meta name=\"twitter:data1\" content=\"&#036;10.000\" \/>\n\t<meta name=\"twitter:label2\" content=\"Availability\" \/>\n\t<meta name=\"twitter:data2\" content=\"In stock\" \/>\n<script type=\"application\/ld+json\" class=\"yoast-schema-graph\">{\"@context\":\"https:\/\/schema.org\",\"@graph\":[{\"@type\":\"WebPage\",\"@id\":\"https:\/\/www.pivelgregoriano.com\/tienda\/tienda\/audio-50-oraciones-para-la-familia-cristiana\/\",\"url\":\"https:\/\/www.pivelgregoriano.com\/tienda\/tienda\/audio-50-oraciones-para-la-familia-cristiana\/\",\"name\":\"Audio 50 oraciones para la familia cristiana (Descarga Inmediata) - TIENDA PIVEL\",\"isPartOf\":{\"@id\":\"https:\/\/www.pivelgregoriano.com\/tienda\/#website\"},\"primaryImageOfPage\":{\"@id\":\"https:\/\/www.pivelgregoriano.com\/tienda\/tienda\/audio-50-oraciones-para-la-familia-cristiana\/#primaryimage\"},\"image\":{\"@id\":\"https:\/\/www.pivelgregoriano.com\/tienda\/tienda\/audio-50-oraciones-para-la-familia-cristiana\/#primaryimage\"},\"thumbnailUrl\":\"https:\/\/www.pivelgregoriano.com\/tienda\/wp-content\/uploads\/2017\/01\/Audio_50_oraciones_para_la_familia_cristiana-cuadrado.jpg\",\"datePublished\":\"2017-01-30T22:52:55+00:00\",\"dateModified\":\"2022-10-12T16:52:48+00:00\",\"breadcrumb\":{\"@id\":\"https:\/\/www.pivelgregoriano.com\/tienda\/tienda\/audio-50-oraciones-para-la-familia-cristiana\/#breadcrumb\"},\"inLanguage\":\"es\",\"potentialAction\":[{\"@type\":\"ReadAction\",\"target\":[\"https:\/\/www.pivelgregoriano.com\/tienda\/tienda\/audio-50-oraciones-para-la-familia-cristiana\/\"]}]},{\"@type\":\"ImageObject\",\"inLanguage\":\"es\",\"@id\":\"https:\/\/www.pivelgregoriano.com\/tienda\/tienda\/audio-50-oraciones-para-la-familia-cristiana\/#primaryimage\",\"url\":\"https:\/\/www.pivelgregoriano.com\/tienda\/wp-content\/uploads\/2017\/01\/Audio_50_oraciones_para_la_familia_cristiana-cuadrado.jpg\",\"contentUrl\":\"https:\/\/www.pivelgregoriano.com\/tienda\/wp-content\/uploads\/2017\/01\/Audio_50_oraciones_para_la_familia_cristiana-cuadrado.jpg\",\"width\":552,\"height\":552},{\"@type\":\"BreadcrumbList\",\"@id\":\"https:\/\/www.pivelgregoriano.com\/tienda\/tienda\/audio-50-oraciones-para-la-familia-cristiana\/#breadcrumb\",\"itemListElement\":[{\"@type\":\"ListItem\",\"position\":1,\"name\":\"Home\",\"item\":\"https:\/\/www.pivelgregoriano.com\/tienda\/\"},{\"@type\":\"ListItem\",\"position\":2,\"name\":\"Tienda\",\"item\":\"https:\/\/www.pivelgregoriano.com\/tienda\/\"},{\"@type\":\"ListItem\",\"position\":3,\"name\":\"Audio 50 oraciones para la familia cristiana (Descarga Inmediata)\"}]},{\"@type\":\"WebSite\",\"@id\":\"https:\/\/www.pivelgregoriano.com\/tienda\/#website\",\"url\":\"https:\/\/www.pivelgregoriano.com\/tienda\/\",\"name\":\"Tienda Pivel Gregoriano\",\"description\":\"Tienda PivelGregoriano\",\"publisher\":{\"@id\":\"https:\/\/www.pivelgregoriano.com\/tienda\/#\/schema\/person\/1d010b70231deefe56affbc088b309ee\"},\"potentialAction\":[{\"@type\":\"SearchAction\",\"target\":{\"@type\":\"EntryPoint\",\"urlTemplate\":\"https:\/\/www.pivelgregoriano.com\/tienda\/?s={search_term_string}\"},\"query-input\":{\"@type\":\"PropertyValueSpecification\",\"valueRequired\":true,\"valueName\":\"search_term_string\"}}],\"inLanguage\":\"es\"},{\"@type\":[\"Person\",\"Organization\"],\"@id\":\"https:\/\/www.pivelgregoriano.com\/tienda\/#\/schema\/person\/1d010b70231deefe56affbc088b309ee\",\"name\":\"PIVEL AD TIENDA\",\"image\":{\"@type\":\"ImageObject\",\"inLanguage\":\"es\",\"@id\":\"https:\/\/www.pivelgregoriano.com\/tienda\/#\/schema\/person\/image\/\",\"url\":\"https:\/\/www.pivelgregoriano.com\/tienda\/wp-content\/uploads\/2016\/12\/cropped-LOGO-Misa-Tridentina-249x300-2-2.png\",\"contentUrl\":\"https:\/\/www.pivelgregoriano.com\/tienda\/wp-content\/uploads\/2016\/12\/cropped-LOGO-Misa-Tridentina-249x300-2-2.png\",\"width\":240,\"height\":121,\"caption\":\"PIVEL AD TIENDA\"},\"logo\":{\"@id\":\"https:\/\/www.pivelgregoriano.com\/tienda\/#\/schema\/person\/image\/\"}}]}<\/script>\n<meta property=\"product:price:amount\" content=\"10000\" \/>\n<meta property=\"product:price:currency\" content=\"COP\" \/>\n<meta property=\"og:availability\" content=\"instock\" \/>\n<meta property=\"product:availability\" content=\"instock\" \/>\n<meta property=\"product:condition\" content=\"new\" \/>\n<!-- \/ Yoast SEO Premium plugin. -->","yoast_head_json":{"title":"Audio 50 oraciones para la familia cristiana (Descarga Inmediata) - TIENDA PIVEL","robots":{"index":"index","follow":"follow","max-snippet":"max-snippet:-1","max-image-preview":"max-image-preview:large","max-video-preview":"max-video-preview:-1"},"canonical":"https:\/\/www.pivelgregoriano.com\/tienda\/tienda\/audio-50-oraciones-para-la-familia-cristiana\/","og_locale":"es_ES","og_type":"article","og_title":"Audio 50 oraciones para la familia cristiana (Descarga Inmediata)","og_description":"MP3, duraci\u00f3n: 80 minutos Autor:\u00a0 Jos\u00e9 Luis Pivel N\u00famero de Audios: 1 Este audio, contiene las principales oraciones del cristiano que desde ni\u00f1os aprendimos de nuestros padres. Es una ayuda para refrescar la memoria con estas plegarias necesarias para implorar la ayuda de Dios. Con estas plegarias tambi\u00e9n pedimos \u00a0la intercesi\u00f3n de la Virgen Mar\u00eda, los \u00c1ngeles buenos y todos los Santos. Est\u00e1 ambientado con un fondo musical de canto gregoriano para acompa\u00f1ar a cada Oraci\u00f3n. Le garantizamos que cada vez que lo escuche usted sentir\u00e1 la paz espiritual, que tanto anhelamos en los momentos dif\u00edciles \u00a0la vida.","og_url":"https:\/\/www.pivelgregoriano.com\/tienda\/tienda\/audio-50-oraciones-para-la-familia-cristiana\/","og_site_name":"TIENDA PIVEL","article_modified_time":"2022-10-12T16:52:48+00:00","og_image":[{"width":552,"height":552,"url":"https:\/\/www.pivelgregoriano.com\/tienda\/wp-content\/uploads\/2017\/01\/Audio_50_oraciones_para_la_familia_cristiana-cuadrado.jpg","type":"image\/jpeg"}],"twitter_card":"summary_large_image","twitter_misc":{"Precio":"&#36;10.000","Availability":"In stock"},"schema":{"@context":"https:\/\/schema.org","@graph":[{"@type":"WebPage","@id":"https:\/\/www.pivelgregoriano.com\/tienda\/tienda\/audio-50-oraciones-para-la-familia-cristiana\/","url":"https:\/\/www.pivelgregoriano.com\/tienda\/tienda\/audio-50-oraciones-para-la-familia-cristiana\/","name":"Audio 50 oraciones para la familia cristiana (Descarga Inmediata) - TIENDA PIVEL","isPartOf":{"@id":"https:\/\/www.pivelgregoriano.com\/tienda\/#website"},"primaryImageOfPage":{"@id":"https:\/\/www.pivelgregoriano.com\/tienda\/tienda\/audio-50-oraciones-para-la-familia-cristiana\/#primaryimage"},"image":{"@id":"https:\/\/www.pivelgregoriano.com\/tienda\/tienda\/audio-50-oraciones-para-la-familia-cristiana\/#primaryimage"},"thumbnailUrl":"https:\/\/www.pivelgregoriano.com\/tienda\/wp-content\/uploads\/2017\/01\/Audio_50_oraciones_para_la_familia_cristiana-cuadrado.jpg","datePublished":"2017-01-30T22:52:55+00:00","dateModified":"2022-10-12T16:52:48+00:00","breadcrumb":{"@id":"https:\/\/www.pivelgregoriano.com\/tienda\/tienda\/audio-50-oraciones-para-la-familia-cristiana\/#breadcrumb"},"inLanguage":"es","potentialAction":[{"@type":"ReadAction","target":["https:\/\/www.pivelgregoriano.com\/tienda\/tienda\/audio-50-oraciones-para-la-familia-cristiana\/"]}]},{"@type":"ImageObject","inLanguage":"es","@id":"https:\/\/www.pivelgregoriano.com\/tienda\/tienda\/audio-50-oraciones-para-la-familia-cristiana\/#primaryimage","url":"https:\/\/www.pivelgregoriano.com\/tienda\/wp-content\/uploads\/2017\/01\/Audio_50_oraciones_para_la_familia_cristiana-cuadrado.jpg","contentUrl":"https:\/\/www.pivelgregoriano.com\/tienda\/wp-content\/uploads\/2017\/01\/Audio_50_oraciones_para_la_familia_cristiana-cuadrado.jpg","width":552,"height":552},{"@type":"BreadcrumbList","@id":"https:\/\/www.pivelgregoriano.com\/tienda\/tienda\/audio-50-oraciones-para-la-familia-cristiana\/#breadcrumb","itemListElement":[{"@type":"ListItem","position":1,"name":"Home","item":"https:\/\/www.pivelgregoriano.com\/tienda\/"},{"@type":"ListItem","position":2,"name":"Tienda","item":"https:\/\/www.pivelgregoriano.com\/tienda\/"},{"@type":"ListItem","position":3,"name":"Audio 50 oraciones para la familia cristiana (Descarga Inmediata)"}]},{"@type":"WebSite","@id":"https:\/\/www.pivelgregoriano.com\/tienda\/#website","url":"https:\/\/www.pivelgregoriano.com\/tienda\/","name":"Tienda Pivel Gregoriano","description":"Tienda PivelGregoriano","publisher":{"@id":"https:\/\/www.pivelgregoriano.com\/tienda\/#\/schema\/person\/1d010b70231deefe56affbc088b309ee"},"potentialAction":[{"@type":"SearchAction","target":{"@type":"EntryPoint","urlTemplate":"https:\/\/www.pivelgregoriano.com\/tienda\/?s={search_term_string}"},"query-input":{"@type":"PropertyValueSpecification","valueRequired":true,"valueName":"search_term_string"}}],"inLanguage":"es"},{"@type":["Person","Organization"],"@id":"https:\/\/www.pivelgregoriano.com\/tienda\/#\/schema\/person\/1d010b70231deefe56affbc088b309ee","name":"PIVEL AD TIENDA","image":{"@type":"ImageObject","inLanguage":"es","@id":"https:\/\/www.pivelgregoriano.com\/tienda\/#\/schema\/person\/image\/","url":"https:\/\/www.pivelgregoriano.com\/tienda\/wp-content\/uploads\/2016\/12\/cropped-LOGO-Misa-Tridentina-249x300-2-2.png","contentUrl":"https:\/\/www.pivelgregoriano.com\/tienda\/wp-content\/uploads\/2016\/12\/cropped-LOGO-Misa-Tridentina-249x300-2-2.png","width":240,"height":121,"caption":"PIVEL AD TIENDA"},"logo":{"@id":"https:\/\/www.pivelgregoriano.com\/tienda\/#\/schema\/person\/image\/"}}]},"product_price_amount":"10000","product_price_currency":"COP","og_availability":"instock","product_availability":"instock","product_condition":"new"},"_links":{"self":[{"href":"https:\/\/www.pivelgregoriano.com\/tienda\/wp-json\/wp\/v2\/product\/184","targetHints":{"allow":["GET"]}}],"collection":[{"href":"https:\/\/www.pivelgregoriano.com\/tienda\/wp-json\/wp\/v2\/product"}],"about":[{"href":"https:\/\/www.pivelgregoriano.com\/tienda\/wp-json\/wp\/v2\/types\/product"}],"replies":[{"embeddable":true,"href":"https:\/\/www.pivelgregoriano.com\/tienda\/wp-json\/wp\/v2\/comments?post=184"}],"wp:featuredmedia":[{"embeddable":true,"href":"https:\/\/www.pivelgregoriano.com\/tienda\/wp-json\/wp\/v2\/media\/185"}],"wp:attachment":[{"href":"https:\/\/www.pivelgregoriano.com\/tienda\/wp-json\/wp\/v2\/media?parent=184"}],"wp:term":[{"taxonomy":"product_brand","embeddable":true,"href":"https:\/\/www.pivelgregoriano.com\/tienda\/wp-json\/wp\/v2\/product_brand?post=184"},{"taxonomy":"product_cat","embeddable":true,"href":"https:\/\/www.pivelgregoriano.com\/tienda\/wp-json\/wp\/v2\/product_cat?post=184"},{"taxonomy":"product_tag","embeddable":true,"href":"https:\/\/www.pivelgregoriano.com\/tienda\/wp-json\/wp\/v2\/product_tag?post=184"}],"curies":[{"name":"wp","href":"https:\/\/api.w.org\/{rel}","templated":true}]}}