{"id":186,"date":"2017-01-30T22:59:58","date_gmt":"2017-01-30T22:59:58","guid":{"rendered":"https:\/\/pivelgregoriano.com\/tienda\/?post_type=product&#038;p=186"},"modified":"2022-10-12T16:52:39","modified_gmt":"2022-10-12T16:52:39","slug":"pelicula-conoce-la-misa-de-siempre-video-animado","status":"publish","type":"product","link":"https:\/\/www.pivelgregoriano.com\/tienda\/tienda\/pelicula-conoce-la-misa-de-siempre-video-animado\/","title":{"rendered":"Pel\u00edcula Conoce la misa de siempre <P>(video animado descargable)"},"content":{"rendered":"<p><strong>Autor:\u00a0 Jos\u00e9 Luis Pinz\u00f3n<br \/>\nN\u00famero de videos: 1<br \/>\nDuraci\u00f3n: \u00a035 Minutos<br \/>\nPeso de descarga: 788MB<br \/>\n<\/strong>Este video animado, est\u00e1 destinado a los ni\u00f1os y adultos que deseen aprender el verdadero significado de la Santa Misa Tridentina; Rito exclusivo de la religi\u00f3n Cat\u00f3lica para agradar a Dios. \u00a0Trae ense\u00f1anzas sobre el significado de los ornamentos, los vasos sagrados y otros elementos de la Liturgia Cat\u00f3lica. Tambi\u00e9n ense\u00f1a como en la misa est\u00e1n presentes los Santos \u00c1ngeles y la Virgen Mar\u00eda cuando el Sacerdote Celebra la Santa Eucarist\u00eda. Ent\u00e9rese de c\u00f3mo San Miguel Arc\u00e1ngel lucha contra el demonio para proteger las almas durante la celebraci\u00f3n de la Santa Misa.<\/p>\n<p><center><iframe loading=\"lazy\" src=\"https:\/\/www.youtube.com\/embed\/3o0Fzlgo6f4\" width=\"660\" height=\"415\" frameborder=\"0\" allowfullscreen=\"allowfullscreen\"><\/iframe><\/center><center><\/center><img loading=\"lazy\" decoding=\"async\" class=\"wp-image-193 aligncenter\" src=\"https:\/\/pivelgregoriano.com\/tienda\/wp-content\/uploads\/2017\/01\/Pelicula_Conoce-_la_misa_de_siempre_video_animado.jpg\" alt=\"Pel\u00edcula Conoce la misa de siempre (video animado)\" width=\"650\" height=\"436\" srcset=\"https:\/\/www.pivelgregoriano.com\/tienda\/wp-content\/uploads\/2017\/01\/Pelicula_Conoce-_la_misa_de_siempre_video_animado.jpg 800w, https:\/\/www.pivelgregoriano.com\/tienda\/wp-content\/uploads\/2017\/01\/Pelicula_Conoce-_la_misa_de_siempre_video_animado-600x403.jpg 600w, https:\/\/www.pivelgregoriano.com\/tienda\/wp-content\/uploads\/2017\/01\/Pelicula_Conoce-_la_misa_de_siempre_video_animado-300x201.jpg 300w, https:\/\/www.pivelgregoriano.com\/tienda\/wp-content\/uploads\/2017\/01\/Pelicula_Conoce-_la_misa_de_siempre_video_animado-768x516.jpg 768w\" sizes=\"auto, (max-width: 650px) 100vw, 650px\" \/><\/p>\n","protected":false},"excerpt":{"rendered":"<p><strong>Autor:\u00a0 Jos\u00e9 Luis Pinz\u00f3n<br \/>\nN\u00famero de videos: 1<br \/>\nDuraci\u00f3n: \u00a035 Minutos<br \/>\nPeso de descarga: 788MB<br \/>\n<\/strong>Este video animado, est\u00e1 destinado a los ni\u00f1os y adultos que deseen aprender el verdadero significado de la Santa Misa Tridentina; Rito exclusivo de la religi\u00f3n Cat\u00f3lica para agradar a Dios. \u00a0Trae ense\u00f1anzas sobre el significado de los ornamentos, los vasos sagrados y otros elementos de la Liturgia Cat\u00f3lica. Tambi\u00e9n ense\u00f1a como en la misa est\u00e1n presentes los Santos \u00c1ngeles y la Virgen Mar\u00eda cuando el Sacerdote Celebra la Santa Eucarist\u00eda. Ent\u00e9rese de c\u00f3mo San Miguel Arc\u00e1ngel lucha contra el demonio para proteger las almas durante la celebraci\u00f3n de la Santa Misa.<\/p>\n","protected":false},"featured_media":194,"comment_status":"open","ping_status":"closed","template":"","meta":[],"product_brand":[],"product_cat":[7,20],"product_tag":[],"class_list":{"0":"post-186","1":"product","2":"type-product","3":"status-publish","4":"has-post-thumbnail","6":"product_cat-descarga","7":"product_cat-video","9":"first","10":"instock","11":"downloadable","12":"virtual","13":"sold-individually","14":"purchasable","15":"product-type-simple"},"yoast_head":"<!-- This site is optimized with the Yoast SEO Premium plugin v20.1 (Yoast SEO v26.9) - https:\/\/yoast.com\/product\/yoast-seo-premium-wordpress\/ -->\n<title>Pel\u00edcula Conoce la misa de siempre (video animado descargable) - TIENDA PIVEL<\/title>\n<meta name=\"robots\" content=\"index, follow, max-snippet:-1, max-image-preview:large, max-video-preview:-1\" \/>\n<link rel=\"canonical\" href=\"https:\/\/www.pivelgregoriano.com\/tienda\/tienda\/pelicula-conoce-la-misa-de-siempre-video-animado\/\" \/>\n<meta property=\"og:locale\" content=\"es_ES\" \/>\n<meta property=\"og:type\" content=\"article\" \/>\n<meta property=\"og:title\" content=\"Pel\u00edcula Conoce la misa de siempre (video animado descargable)\" \/>\n<meta property=\"og:description\" content=\"Autor:\u00a0 Jos\u00e9 Luis Pinz\u00f3n N\u00famero de videos: 1 Duraci\u00f3n: \u00a035 Minutos Peso de descarga: 788MB Este video animado, est\u00e1 destinado a los ni\u00f1os y adultos que deseen aprender el verdadero significado de la Santa Misa Tridentina; Rito exclusivo de la religi\u00f3n Cat\u00f3lica para agradar a Dios. \u00a0Trae ense\u00f1anzas sobre el significado de los ornamentos, los vasos sagrados y otros elementos de la Liturgia Cat\u00f3lica. Tambi\u00e9n ense\u00f1a como en la misa est\u00e1n presentes los Santos \u00c1ngeles y la Virgen Mar\u00eda cuando el Sacerdote Celebra la Santa Eucarist\u00eda. Ent\u00e9rese de c\u00f3mo San Miguel Arc\u00e1ngel lucha contra el demonio para proteger las almas durante la celebraci\u00f3n de la Santa Misa.\" \/>\n<meta property=\"og:url\" content=\"https:\/\/www.pivelgregoriano.com\/tienda\/tienda\/pelicula-conoce-la-misa-de-siempre-video-animado\/\" \/>\n<meta property=\"og:site_name\" content=\"TIENDA PIVEL\" \/>\n<meta property=\"article:modified_time\" content=\"2022-10-12T16:52:39+00:00\" \/>\n<meta property=\"og:image\" content=\"https:\/\/www.pivelgregoriano.com\/tienda\/wp-content\/uploads\/2017\/01\/Pelicula_Conoce-_la_misa_de_siempre_video_animado-cuadrado.jpg\" \/>\n\t<meta property=\"og:image:width\" content=\"552\" \/>\n\t<meta property=\"og:image:height\" content=\"552\" \/>\n\t<meta property=\"og:image:type\" content=\"image\/jpeg\" \/>\n<meta name=\"twitter:card\" content=\"summary_large_image\" \/>\n<meta name=\"twitter:label1\" content=\"Precio\" \/>\n\t<meta name=\"twitter:data1\" content=\"&#036;10.000\" \/>\n\t<meta name=\"twitter:label2\" content=\"Availability\" \/>\n\t<meta name=\"twitter:data2\" content=\"In stock\" \/>\n<script type=\"application\/ld+json\" class=\"yoast-schema-graph\">{\"@context\":\"https:\/\/schema.org\",\"@graph\":[{\"@type\":\"WebPage\",\"@id\":\"https:\/\/www.pivelgregoriano.com\/tienda\/tienda\/pelicula-conoce-la-misa-de-siempre-video-animado\/\",\"url\":\"https:\/\/www.pivelgregoriano.com\/tienda\/tienda\/pelicula-conoce-la-misa-de-siempre-video-animado\/\",\"name\":\"Pel\u00edcula Conoce la misa de siempre (video animado descargable) - TIENDA PIVEL\",\"isPartOf\":{\"@id\":\"https:\/\/www.pivelgregoriano.com\/tienda\/#website\"},\"primaryImageOfPage\":{\"@id\":\"https:\/\/www.pivelgregoriano.com\/tienda\/tienda\/pelicula-conoce-la-misa-de-siempre-video-animado\/#primaryimage\"},\"image\":{\"@id\":\"https:\/\/www.pivelgregoriano.com\/tienda\/tienda\/pelicula-conoce-la-misa-de-siempre-video-animado\/#primaryimage\"},\"thumbnailUrl\":\"https:\/\/www.pivelgregoriano.com\/tienda\/wp-content\/uploads\/2017\/01\/Pelicula_Conoce-_la_misa_de_siempre_video_animado-cuadrado.jpg\",\"datePublished\":\"2017-01-30T22:59:58+00:00\",\"dateModified\":\"2022-10-12T16:52:39+00:00\",\"breadcrumb\":{\"@id\":\"https:\/\/www.pivelgregoriano.com\/tienda\/tienda\/pelicula-conoce-la-misa-de-siempre-video-animado\/#breadcrumb\"},\"inLanguage\":\"es\",\"potentialAction\":[{\"@type\":\"ReadAction\",\"target\":[\"https:\/\/www.pivelgregoriano.com\/tienda\/tienda\/pelicula-conoce-la-misa-de-siempre-video-animado\/\"]}]},{\"@type\":\"ImageObject\",\"inLanguage\":\"es\",\"@id\":\"https:\/\/www.pivelgregoriano.com\/tienda\/tienda\/pelicula-conoce-la-misa-de-siempre-video-animado\/#primaryimage\",\"url\":\"https:\/\/www.pivelgregoriano.com\/tienda\/wp-content\/uploads\/2017\/01\/Pelicula_Conoce-_la_misa_de_siempre_video_animado-cuadrado.jpg\",\"contentUrl\":\"https:\/\/www.pivelgregoriano.com\/tienda\/wp-content\/uploads\/2017\/01\/Pelicula_Conoce-_la_misa_de_siempre_video_animado-cuadrado.jpg\",\"width\":552,\"height\":552},{\"@type\":\"BreadcrumbList\",\"@id\":\"https:\/\/www.pivelgregoriano.com\/tienda\/tienda\/pelicula-conoce-la-misa-de-siempre-video-animado\/#breadcrumb\",\"itemListElement\":[{\"@type\":\"ListItem\",\"position\":1,\"name\":\"Home\",\"item\":\"https:\/\/www.pivelgregoriano.com\/tienda\/\"},{\"@type\":\"ListItem\",\"position\":2,\"name\":\"Tienda\",\"item\":\"https:\/\/www.pivelgregoriano.com\/tienda\/\"},{\"@type\":\"ListItem\",\"position\":3,\"name\":\"Pel\u00edcula Conoce la misa de siempre (video animado descargable)\"}]},{\"@type\":\"WebSite\",\"@id\":\"https:\/\/www.pivelgregoriano.com\/tienda\/#website\",\"url\":\"https:\/\/www.pivelgregoriano.com\/tienda\/\",\"name\":\"Tienda Pivel Gregoriano\",\"description\":\"Tienda PivelGregoriano\",\"publisher\":{\"@id\":\"https:\/\/www.pivelgregoriano.com\/tienda\/#\/schema\/person\/1d010b70231deefe56affbc088b309ee\"},\"potentialAction\":[{\"@type\":\"SearchAction\",\"target\":{\"@type\":\"EntryPoint\",\"urlTemplate\":\"https:\/\/www.pivelgregoriano.com\/tienda\/?s={search_term_string}\"},\"query-input\":{\"@type\":\"PropertyValueSpecification\",\"valueRequired\":true,\"valueName\":\"search_term_string\"}}],\"inLanguage\":\"es\"},{\"@type\":[\"Person\",\"Organization\"],\"@id\":\"https:\/\/www.pivelgregoriano.com\/tienda\/#\/schema\/person\/1d010b70231deefe56affbc088b309ee\",\"name\":\"PIVEL AD TIENDA\",\"image\":{\"@type\":\"ImageObject\",\"inLanguage\":\"es\",\"@id\":\"https:\/\/www.pivelgregoriano.com\/tienda\/#\/schema\/person\/image\/\",\"url\":\"https:\/\/www.pivelgregoriano.com\/tienda\/wp-content\/uploads\/2016\/12\/cropped-LOGO-Misa-Tridentina-249x300-2-2.png\",\"contentUrl\":\"https:\/\/www.pivelgregoriano.com\/tienda\/wp-content\/uploads\/2016\/12\/cropped-LOGO-Misa-Tridentina-249x300-2-2.png\",\"width\":240,\"height\":121,\"caption\":\"PIVEL AD TIENDA\"},\"logo\":{\"@id\":\"https:\/\/www.pivelgregoriano.com\/tienda\/#\/schema\/person\/image\/\"}}]}<\/script>\n<meta property=\"product:price:amount\" content=\"10000\" \/>\n<meta property=\"product:price:currency\" content=\"COP\" \/>\n<meta property=\"og:availability\" content=\"instock\" \/>\n<meta property=\"product:availability\" content=\"instock\" \/>\n<meta property=\"product:condition\" content=\"new\" \/>\n<!-- \/ Yoast SEO Premium plugin. -->","yoast_head_json":{"title":"Pel\u00edcula Conoce la misa de siempre (video animado descargable) - TIENDA PIVEL","robots":{"index":"index","follow":"follow","max-snippet":"max-snippet:-1","max-image-preview":"max-image-preview:large","max-video-preview":"max-video-preview:-1"},"canonical":"https:\/\/www.pivelgregoriano.com\/tienda\/tienda\/pelicula-conoce-la-misa-de-siempre-video-animado\/","og_locale":"es_ES","og_type":"article","og_title":"Pel\u00edcula Conoce la misa de siempre (video animado descargable)","og_description":"Autor:\u00a0 Jos\u00e9 Luis Pinz\u00f3n N\u00famero de videos: 1 Duraci\u00f3n: \u00a035 Minutos Peso de descarga: 788MB Este video animado, est\u00e1 destinado a los ni\u00f1os y adultos que deseen aprender el verdadero significado de la Santa Misa Tridentina; Rito exclusivo de la religi\u00f3n Cat\u00f3lica para agradar a Dios. \u00a0Trae ense\u00f1anzas sobre el significado de los ornamentos, los vasos sagrados y otros elementos de la Liturgia Cat\u00f3lica. Tambi\u00e9n ense\u00f1a como en la misa est\u00e1n presentes los Santos \u00c1ngeles y la Virgen Mar\u00eda cuando el Sacerdote Celebra la Santa Eucarist\u00eda. Ent\u00e9rese de c\u00f3mo San Miguel Arc\u00e1ngel lucha contra el demonio para proteger las almas durante la celebraci\u00f3n de la Santa Misa.","og_url":"https:\/\/www.pivelgregoriano.com\/tienda\/tienda\/pelicula-conoce-la-misa-de-siempre-video-animado\/","og_site_name":"TIENDA PIVEL","article_modified_time":"2022-10-12T16:52:39+00:00","og_image":[{"width":552,"height":552,"url":"https:\/\/www.pivelgregoriano.com\/tienda\/wp-content\/uploads\/2017\/01\/Pelicula_Conoce-_la_misa_de_siempre_video_animado-cuadrado.jpg","type":"image\/jpeg"}],"twitter_card":"summary_large_image","twitter_misc":{"Precio":"&#36;10.000","Availability":"In stock"},"schema":{"@context":"https:\/\/schema.org","@graph":[{"@type":"WebPage","@id":"https:\/\/www.pivelgregoriano.com\/tienda\/tienda\/pelicula-conoce-la-misa-de-siempre-video-animado\/","url":"https:\/\/www.pivelgregoriano.com\/tienda\/tienda\/pelicula-conoce-la-misa-de-siempre-video-animado\/","name":"Pel\u00edcula Conoce la misa de siempre (video animado descargable) - TIENDA PIVEL","isPartOf":{"@id":"https:\/\/www.pivelgregoriano.com\/tienda\/#website"},"primaryImageOfPage":{"@id":"https:\/\/www.pivelgregoriano.com\/tienda\/tienda\/pelicula-conoce-la-misa-de-siempre-video-animado\/#primaryimage"},"image":{"@id":"https:\/\/www.pivelgregoriano.com\/tienda\/tienda\/pelicula-conoce-la-misa-de-siempre-video-animado\/#primaryimage"},"thumbnailUrl":"https:\/\/www.pivelgregoriano.com\/tienda\/wp-content\/uploads\/2017\/01\/Pelicula_Conoce-_la_misa_de_siempre_video_animado-cuadrado.jpg","datePublished":"2017-01-30T22:59:58+00:00","dateModified":"2022-10-12T16:52:39+00:00","breadcrumb":{"@id":"https:\/\/www.pivelgregoriano.com\/tienda\/tienda\/pelicula-conoce-la-misa-de-siempre-video-animado\/#breadcrumb"},"inLanguage":"es","potentialAction":[{"@type":"ReadAction","target":["https:\/\/www.pivelgregoriano.com\/tienda\/tienda\/pelicula-conoce-la-misa-de-siempre-video-animado\/"]}]},{"@type":"ImageObject","inLanguage":"es","@id":"https:\/\/www.pivelgregoriano.com\/tienda\/tienda\/pelicula-conoce-la-misa-de-siempre-video-animado\/#primaryimage","url":"https:\/\/www.pivelgregoriano.com\/tienda\/wp-content\/uploads\/2017\/01\/Pelicula_Conoce-_la_misa_de_siempre_video_animado-cuadrado.jpg","contentUrl":"https:\/\/www.pivelgregoriano.com\/tienda\/wp-content\/uploads\/2017\/01\/Pelicula_Conoce-_la_misa_de_siempre_video_animado-cuadrado.jpg","width":552,"height":552},{"@type":"BreadcrumbList","@id":"https:\/\/www.pivelgregoriano.com\/tienda\/tienda\/pelicula-conoce-la-misa-de-siempre-video-animado\/#breadcrumb","itemListElement":[{"@type":"ListItem","position":1,"name":"Home","item":"https:\/\/www.pivelgregoriano.com\/tienda\/"},{"@type":"ListItem","position":2,"name":"Tienda","item":"https:\/\/www.pivelgregoriano.com\/tienda\/"},{"@type":"ListItem","position":3,"name":"Pel\u00edcula Conoce la misa de siempre (video animado descargable)"}]},{"@type":"WebSite","@id":"https:\/\/www.pivelgregoriano.com\/tienda\/#website","url":"https:\/\/www.pivelgregoriano.com\/tienda\/","name":"Tienda Pivel Gregoriano","description":"Tienda PivelGregoriano","publisher":{"@id":"https:\/\/www.pivelgregoriano.com\/tienda\/#\/schema\/person\/1d010b70231deefe56affbc088b309ee"},"potentialAction":[{"@type":"SearchAction","target":{"@type":"EntryPoint","urlTemplate":"https:\/\/www.pivelgregoriano.com\/tienda\/?s={search_term_string}"},"query-input":{"@type":"PropertyValueSpecification","valueRequired":true,"valueName":"search_term_string"}}],"inLanguage":"es"},{"@type":["Person","Organization"],"@id":"https:\/\/www.pivelgregoriano.com\/tienda\/#\/schema\/person\/1d010b70231deefe56affbc088b309ee","name":"PIVEL AD TIENDA","image":{"@type":"ImageObject","inLanguage":"es","@id":"https:\/\/www.pivelgregoriano.com\/tienda\/#\/schema\/person\/image\/","url":"https:\/\/www.pivelgregoriano.com\/tienda\/wp-content\/uploads\/2016\/12\/cropped-LOGO-Misa-Tridentina-249x300-2-2.png","contentUrl":"https:\/\/www.pivelgregoriano.com\/tienda\/wp-content\/uploads\/2016\/12\/cropped-LOGO-Misa-Tridentina-249x300-2-2.png","width":240,"height":121,"caption":"PIVEL AD TIENDA"},"logo":{"@id":"https:\/\/www.pivelgregoriano.com\/tienda\/#\/schema\/person\/image\/"}}]},"product_price_amount":"10000","product_price_currency":"COP","og_availability":"instock","product_availability":"instock","product_condition":"new"},"_links":{"self":[{"href":"https:\/\/www.pivelgregoriano.com\/tienda\/wp-json\/wp\/v2\/product\/186","targetHints":{"allow":["GET"]}}],"collection":[{"href":"https:\/\/www.pivelgregoriano.com\/tienda\/wp-json\/wp\/v2\/product"}],"about":[{"href":"https:\/\/www.pivelgregoriano.com\/tienda\/wp-json\/wp\/v2\/types\/product"}],"replies":[{"embeddable":true,"href":"https:\/\/www.pivelgregoriano.com\/tienda\/wp-json\/wp\/v2\/comments?post=186"}],"wp:featuredmedia":[{"embeddable":true,"href":"https:\/\/www.pivelgregoriano.com\/tienda\/wp-json\/wp\/v2\/media\/194"}],"wp:attachment":[{"href":"https:\/\/www.pivelgregoriano.com\/tienda\/wp-json\/wp\/v2\/media?parent=186"}],"wp:term":[{"taxonomy":"product_brand","embeddable":true,"href":"https:\/\/www.pivelgregoriano.com\/tienda\/wp-json\/wp\/v2\/product_brand?post=186"},{"taxonomy":"product_cat","embeddable":true,"href":"https:\/\/www.pivelgregoriano.com\/tienda\/wp-json\/wp\/v2\/product_cat?post=186"},{"taxonomy":"product_tag","embeddable":true,"href":"https:\/\/www.pivelgregoriano.com\/tienda\/wp-json\/wp\/v2\/product_tag?post=186"}],"curies":[{"name":"wp","href":"https:\/\/api.w.org\/{rel}","templated":true}]}}