{"id":195,"date":"2017-01-31T00:07:25","date_gmt":"2017-01-31T00:07:25","guid":{"rendered":"https:\/\/pivelgregoriano.com\/tienda\/?post_type=product&#038;p=195"},"modified":"2022-10-12T16:51:47","modified_gmt":"2022-10-12T16:51:47","slug":"audio-santo-rosario-en-espanol","status":"publish","type":"product","link":"https:\/\/www.pivelgregoriano.com\/tienda\/tienda\/audio-santo-rosario-en-espanol\/","title":{"rendered":"Audio Santo Rosario en espa\u00f1ol (Descarga Inmediata)"},"content":{"rendered":"<p><strong>Autor:\u00a0 Jos\u00e9 Luis Pivel<br \/>\nMP3: 1<br \/>\nDuraci\u00f3n: 80 Min<br \/>\nPeso de descarga:\u00a085 MB<br \/>\n<\/strong>Este audio, es para aprender a rezar el Santo Rosario en Espa\u00f1ol, lo escuchar\u00e1 en voz humana de forma pausada y n\u00edtida. Contiene los Misterios Tradicionales del Rosario que la Virgen Mar\u00eda le revel\u00f3 a Santo Domingo de Guzm\u00e1n en el Siglo XIII. Tambi\u00e9n se han agregado entre otras oraciones las jaculatorias y las letan\u00edas. Se puede escuchar solo o en compa\u00f1\u00eda; con la cam\u00e1ndula en la mano o sin ella, o simplemente lo puede repetir mentalmente mientras transita a pie o en veh\u00edculo, lo importante es tener la intenci\u00f3n de rezarlo bien. Si lo ora mentalmente, en voz alta o moviendo los labios recuerde que Dios oye sus pensamientos y escucha su voz. \u00datil para todo aquel que dese\u00e9 la protecci\u00f3n de la Virgen Mar\u00eda en todo momento y en todo lugar<\/p>\n","protected":false},"excerpt":{"rendered":"<p><strong>Autor:\u00a0 Jos\u00e9 Luis Pivel<br \/>\nMP3: 1<br \/>\nDuraci\u00f3n: 80 Min<br \/>\nPeso de descarga:\u00a085 MB<br \/>\n<\/strong>Este audio, es para aprender a rezar el Santo Rosario en Espa\u00f1ol, lo escuchar\u00e1 en voz humana de forma pausada y n\u00edtida. Contiene los Misterios Tradicionales del Rosario que la Virgen Mar\u00eda le revel\u00f3 a Santo Domingo de Guzm\u00e1n en el Siglo XIII. Tambi\u00e9n se han agregado entre otras oraciones las jaculatorias y las letan\u00edas. Se puede escuchar solo o en compa\u00f1\u00eda; con la cam\u00e1ndula en la mano o sin ella, o simplemente lo puede repetir mentalmente mientras transita a pie o en veh\u00edculo, lo importante es tener la intenci\u00f3n de rezarlo bien. Si lo ora mentalmente, en voz alta o moviendo los labios recuerde que Dios oye sus pensamientos y escucha su voz. \u00datil para todo aquel que dese\u00e9 la protecci\u00f3n de la Virgen Mar\u00eda en todo momento y en todo lugar<\/p>\n","protected":false},"featured_media":203,"comment_status":"open","ping_status":"closed","template":"","meta":[],"product_brand":[],"product_cat":[21,7],"product_tag":[],"class_list":{"0":"post-195","1":"product","2":"type-product","3":"status-publish","4":"has-post-thumbnail","6":"product_cat-audio","7":"product_cat-descarga","9":"first","10":"instock","11":"downloadable","12":"virtual","13":"sold-individually","14":"purchasable","15":"product-type-simple"},"yoast_head":"<!-- This site is optimized with the Yoast SEO Premium plugin v20.1 (Yoast SEO v26.9) - https:\/\/yoast.com\/product\/yoast-seo-premium-wordpress\/ -->\n<title>Audio Santo Rosario en espa\u00f1ol (Descarga Inmediata) - TIENDA PIVEL<\/title>\n<meta name=\"robots\" content=\"index, follow, max-snippet:-1, max-image-preview:large, max-video-preview:-1\" \/>\n<link rel=\"canonical\" href=\"https:\/\/www.pivelgregoriano.com\/tienda\/tienda\/audio-santo-rosario-en-espanol\/\" \/>\n<meta property=\"og:locale\" content=\"es_ES\" \/>\n<meta property=\"og:type\" content=\"article\" \/>\n<meta property=\"og:title\" content=\"Audio Santo Rosario en espa\u00f1ol (Descarga Inmediata)\" \/>\n<meta property=\"og:description\" content=\"Autor:\u00a0 Jos\u00e9 Luis Pivel MP3: 1 Duraci\u00f3n: 80 Min Peso de descarga:\u00a085 MB Este audio, es para aprender a rezar el Santo Rosario en Espa\u00f1ol, lo escuchar\u00e1 en voz humana de forma pausada y n\u00edtida. Contiene los Misterios Tradicionales del Rosario que la Virgen Mar\u00eda le revel\u00f3 a Santo Domingo de Guzm\u00e1n en el Siglo XIII. Tambi\u00e9n se han agregado entre otras oraciones las jaculatorias y las letan\u00edas. Se puede escuchar solo o en compa\u00f1\u00eda; con la cam\u00e1ndula en la mano o sin ella, o simplemente lo puede repetir mentalmente mientras transita a pie o en veh\u00edculo, lo importante es tener la intenci\u00f3n de rezarlo bien. Si lo ora mentalmente, en voz alta o moviendo los labios recuerde que Dios oye sus pensamientos y escucha su voz. \u00datil para todo aquel que dese\u00e9 la protecci\u00f3n de la Virgen Mar\u00eda en todo momento y en todo lugar\" \/>\n<meta property=\"og:url\" content=\"https:\/\/www.pivelgregoriano.com\/tienda\/tienda\/audio-santo-rosario-en-espanol\/\" \/>\n<meta property=\"og:site_name\" content=\"TIENDA PIVEL\" \/>\n<meta property=\"article:modified_time\" content=\"2022-10-12T16:51:47+00:00\" \/>\n<meta property=\"og:image\" content=\"https:\/\/www.pivelgregoriano.com\/tienda\/wp-content\/uploads\/2017\/01\/Audio_Santo_Rosario_en_espanol_CUADRO.jpg\" \/>\n\t<meta property=\"og:image:width\" content=\"552\" \/>\n\t<meta property=\"og:image:height\" content=\"552\" \/>\n\t<meta property=\"og:image:type\" content=\"image\/jpeg\" \/>\n<meta name=\"twitter:card\" content=\"summary_large_image\" \/>\n<meta name=\"twitter:label1\" content=\"Precio\" \/>\n\t<meta name=\"twitter:data1\" content=\"&#036;10.000\" \/>\n\t<meta name=\"twitter:label2\" content=\"Availability\" \/>\n\t<meta name=\"twitter:data2\" content=\"In stock\" \/>\n<script type=\"application\/ld+json\" class=\"yoast-schema-graph\">{\"@context\":\"https:\/\/schema.org\",\"@graph\":[{\"@type\":\"WebPage\",\"@id\":\"https:\/\/www.pivelgregoriano.com\/tienda\/tienda\/audio-santo-rosario-en-espanol\/\",\"url\":\"https:\/\/www.pivelgregoriano.com\/tienda\/tienda\/audio-santo-rosario-en-espanol\/\",\"name\":\"Audio Santo Rosario en espa\u00f1ol (Descarga Inmediata) - TIENDA PIVEL\",\"isPartOf\":{\"@id\":\"https:\/\/www.pivelgregoriano.com\/tienda\/#website\"},\"primaryImageOfPage\":{\"@id\":\"https:\/\/www.pivelgregoriano.com\/tienda\/tienda\/audio-santo-rosario-en-espanol\/#primaryimage\"},\"image\":{\"@id\":\"https:\/\/www.pivelgregoriano.com\/tienda\/tienda\/audio-santo-rosario-en-espanol\/#primaryimage\"},\"thumbnailUrl\":\"https:\/\/www.pivelgregoriano.com\/tienda\/wp-content\/uploads\/2017\/01\/Audio_Santo_Rosario_en_espanol_CUADRO.jpg\",\"datePublished\":\"2017-01-31T00:07:25+00:00\",\"dateModified\":\"2022-10-12T16:51:47+00:00\",\"breadcrumb\":{\"@id\":\"https:\/\/www.pivelgregoriano.com\/tienda\/tienda\/audio-santo-rosario-en-espanol\/#breadcrumb\"},\"inLanguage\":\"es\",\"potentialAction\":[{\"@type\":\"ReadAction\",\"target\":[\"https:\/\/www.pivelgregoriano.com\/tienda\/tienda\/audio-santo-rosario-en-espanol\/\"]}]},{\"@type\":\"ImageObject\",\"inLanguage\":\"es\",\"@id\":\"https:\/\/www.pivelgregoriano.com\/tienda\/tienda\/audio-santo-rosario-en-espanol\/#primaryimage\",\"url\":\"https:\/\/www.pivelgregoriano.com\/tienda\/wp-content\/uploads\/2017\/01\/Audio_Santo_Rosario_en_espanol_CUADRO.jpg\",\"contentUrl\":\"https:\/\/www.pivelgregoriano.com\/tienda\/wp-content\/uploads\/2017\/01\/Audio_Santo_Rosario_en_espanol_CUADRO.jpg\",\"width\":552,\"height\":552},{\"@type\":\"BreadcrumbList\",\"@id\":\"https:\/\/www.pivelgregoriano.com\/tienda\/tienda\/audio-santo-rosario-en-espanol\/#breadcrumb\",\"itemListElement\":[{\"@type\":\"ListItem\",\"position\":1,\"name\":\"Home\",\"item\":\"https:\/\/www.pivelgregoriano.com\/tienda\/\"},{\"@type\":\"ListItem\",\"position\":2,\"name\":\"Tienda\",\"item\":\"https:\/\/www.pivelgregoriano.com\/tienda\/\"},{\"@type\":\"ListItem\",\"position\":3,\"name\":\"Audio Santo Rosario en espa\u00f1ol (Descarga Inmediata)\"}]},{\"@type\":\"WebSite\",\"@id\":\"https:\/\/www.pivelgregoriano.com\/tienda\/#website\",\"url\":\"https:\/\/www.pivelgregoriano.com\/tienda\/\",\"name\":\"Tienda Pivel Gregoriano\",\"description\":\"Tienda PivelGregoriano\",\"publisher\":{\"@id\":\"https:\/\/www.pivelgregoriano.com\/tienda\/#\/schema\/person\/1d010b70231deefe56affbc088b309ee\"},\"potentialAction\":[{\"@type\":\"SearchAction\",\"target\":{\"@type\":\"EntryPoint\",\"urlTemplate\":\"https:\/\/www.pivelgregoriano.com\/tienda\/?s={search_term_string}\"},\"query-input\":{\"@type\":\"PropertyValueSpecification\",\"valueRequired\":true,\"valueName\":\"search_term_string\"}}],\"inLanguage\":\"es\"},{\"@type\":[\"Person\",\"Organization\"],\"@id\":\"https:\/\/www.pivelgregoriano.com\/tienda\/#\/schema\/person\/1d010b70231deefe56affbc088b309ee\",\"name\":\"PIVEL AD TIENDA\",\"image\":{\"@type\":\"ImageObject\",\"inLanguage\":\"es\",\"@id\":\"https:\/\/www.pivelgregoriano.com\/tienda\/#\/schema\/person\/image\/\",\"url\":\"https:\/\/www.pivelgregoriano.com\/tienda\/wp-content\/uploads\/2016\/12\/cropped-LOGO-Misa-Tridentina-249x300-2-2.png\",\"contentUrl\":\"https:\/\/www.pivelgregoriano.com\/tienda\/wp-content\/uploads\/2016\/12\/cropped-LOGO-Misa-Tridentina-249x300-2-2.png\",\"width\":240,\"height\":121,\"caption\":\"PIVEL AD TIENDA\"},\"logo\":{\"@id\":\"https:\/\/www.pivelgregoriano.com\/tienda\/#\/schema\/person\/image\/\"}}]}<\/script>\n<meta property=\"product:price:amount\" content=\"10000\" \/>\n<meta property=\"product:price:currency\" content=\"COP\" \/>\n<meta property=\"og:availability\" content=\"instock\" \/>\n<meta property=\"product:availability\" content=\"instock\" \/>\n<meta property=\"product:condition\" content=\"new\" \/>\n<!-- \/ Yoast SEO Premium plugin. -->","yoast_head_json":{"title":"Audio Santo Rosario en espa\u00f1ol (Descarga Inmediata) - TIENDA PIVEL","robots":{"index":"index","follow":"follow","max-snippet":"max-snippet:-1","max-image-preview":"max-image-preview:large","max-video-preview":"max-video-preview:-1"},"canonical":"https:\/\/www.pivelgregoriano.com\/tienda\/tienda\/audio-santo-rosario-en-espanol\/","og_locale":"es_ES","og_type":"article","og_title":"Audio Santo Rosario en espa\u00f1ol (Descarga Inmediata)","og_description":"Autor:\u00a0 Jos\u00e9 Luis Pivel MP3: 1 Duraci\u00f3n: 80 Min Peso de descarga:\u00a085 MB Este audio, es para aprender a rezar el Santo Rosario en Espa\u00f1ol, lo escuchar\u00e1 en voz humana de forma pausada y n\u00edtida. Contiene los Misterios Tradicionales del Rosario que la Virgen Mar\u00eda le revel\u00f3 a Santo Domingo de Guzm\u00e1n en el Siglo XIII. Tambi\u00e9n se han agregado entre otras oraciones las jaculatorias y las letan\u00edas. Se puede escuchar solo o en compa\u00f1\u00eda; con la cam\u00e1ndula en la mano o sin ella, o simplemente lo puede repetir mentalmente mientras transita a pie o en veh\u00edculo, lo importante es tener la intenci\u00f3n de rezarlo bien. Si lo ora mentalmente, en voz alta o moviendo los labios recuerde que Dios oye sus pensamientos y escucha su voz. \u00datil para todo aquel que dese\u00e9 la protecci\u00f3n de la Virgen Mar\u00eda en todo momento y en todo lugar","og_url":"https:\/\/www.pivelgregoriano.com\/tienda\/tienda\/audio-santo-rosario-en-espanol\/","og_site_name":"TIENDA PIVEL","article_modified_time":"2022-10-12T16:51:47+00:00","og_image":[{"width":552,"height":552,"url":"https:\/\/www.pivelgregoriano.com\/tienda\/wp-content\/uploads\/2017\/01\/Audio_Santo_Rosario_en_espanol_CUADRO.jpg","type":"image\/jpeg"}],"twitter_card":"summary_large_image","twitter_misc":{"Precio":"&#36;10.000","Availability":"In stock"},"schema":{"@context":"https:\/\/schema.org","@graph":[{"@type":"WebPage","@id":"https:\/\/www.pivelgregoriano.com\/tienda\/tienda\/audio-santo-rosario-en-espanol\/","url":"https:\/\/www.pivelgregoriano.com\/tienda\/tienda\/audio-santo-rosario-en-espanol\/","name":"Audio Santo Rosario en espa\u00f1ol (Descarga Inmediata) - TIENDA PIVEL","isPartOf":{"@id":"https:\/\/www.pivelgregoriano.com\/tienda\/#website"},"primaryImageOfPage":{"@id":"https:\/\/www.pivelgregoriano.com\/tienda\/tienda\/audio-santo-rosario-en-espanol\/#primaryimage"},"image":{"@id":"https:\/\/www.pivelgregoriano.com\/tienda\/tienda\/audio-santo-rosario-en-espanol\/#primaryimage"},"thumbnailUrl":"https:\/\/www.pivelgregoriano.com\/tienda\/wp-content\/uploads\/2017\/01\/Audio_Santo_Rosario_en_espanol_CUADRO.jpg","datePublished":"2017-01-31T00:07:25+00:00","dateModified":"2022-10-12T16:51:47+00:00","breadcrumb":{"@id":"https:\/\/www.pivelgregoriano.com\/tienda\/tienda\/audio-santo-rosario-en-espanol\/#breadcrumb"},"inLanguage":"es","potentialAction":[{"@type":"ReadAction","target":["https:\/\/www.pivelgregoriano.com\/tienda\/tienda\/audio-santo-rosario-en-espanol\/"]}]},{"@type":"ImageObject","inLanguage":"es","@id":"https:\/\/www.pivelgregoriano.com\/tienda\/tienda\/audio-santo-rosario-en-espanol\/#primaryimage","url":"https:\/\/www.pivelgregoriano.com\/tienda\/wp-content\/uploads\/2017\/01\/Audio_Santo_Rosario_en_espanol_CUADRO.jpg","contentUrl":"https:\/\/www.pivelgregoriano.com\/tienda\/wp-content\/uploads\/2017\/01\/Audio_Santo_Rosario_en_espanol_CUADRO.jpg","width":552,"height":552},{"@type":"BreadcrumbList","@id":"https:\/\/www.pivelgregoriano.com\/tienda\/tienda\/audio-santo-rosario-en-espanol\/#breadcrumb","itemListElement":[{"@type":"ListItem","position":1,"name":"Home","item":"https:\/\/www.pivelgregoriano.com\/tienda\/"},{"@type":"ListItem","position":2,"name":"Tienda","item":"https:\/\/www.pivelgregoriano.com\/tienda\/"},{"@type":"ListItem","position":3,"name":"Audio Santo Rosario en espa\u00f1ol (Descarga Inmediata)"}]},{"@type":"WebSite","@id":"https:\/\/www.pivelgregoriano.com\/tienda\/#website","url":"https:\/\/www.pivelgregoriano.com\/tienda\/","name":"Tienda Pivel Gregoriano","description":"Tienda PivelGregoriano","publisher":{"@id":"https:\/\/www.pivelgregoriano.com\/tienda\/#\/schema\/person\/1d010b70231deefe56affbc088b309ee"},"potentialAction":[{"@type":"SearchAction","target":{"@type":"EntryPoint","urlTemplate":"https:\/\/www.pivelgregoriano.com\/tienda\/?s={search_term_string}"},"query-input":{"@type":"PropertyValueSpecification","valueRequired":true,"valueName":"search_term_string"}}],"inLanguage":"es"},{"@type":["Person","Organization"],"@id":"https:\/\/www.pivelgregoriano.com\/tienda\/#\/schema\/person\/1d010b70231deefe56affbc088b309ee","name":"PIVEL AD TIENDA","image":{"@type":"ImageObject","inLanguage":"es","@id":"https:\/\/www.pivelgregoriano.com\/tienda\/#\/schema\/person\/image\/","url":"https:\/\/www.pivelgregoriano.com\/tienda\/wp-content\/uploads\/2016\/12\/cropped-LOGO-Misa-Tridentina-249x300-2-2.png","contentUrl":"https:\/\/www.pivelgregoriano.com\/tienda\/wp-content\/uploads\/2016\/12\/cropped-LOGO-Misa-Tridentina-249x300-2-2.png","width":240,"height":121,"caption":"PIVEL AD TIENDA"},"logo":{"@id":"https:\/\/www.pivelgregoriano.com\/tienda\/#\/schema\/person\/image\/"}}]},"product_price_amount":"10000","product_price_currency":"COP","og_availability":"instock","product_availability":"instock","product_condition":"new"},"_links":{"self":[{"href":"https:\/\/www.pivelgregoriano.com\/tienda\/wp-json\/wp\/v2\/product\/195","targetHints":{"allow":["GET"]}}],"collection":[{"href":"https:\/\/www.pivelgregoriano.com\/tienda\/wp-json\/wp\/v2\/product"}],"about":[{"href":"https:\/\/www.pivelgregoriano.com\/tienda\/wp-json\/wp\/v2\/types\/product"}],"replies":[{"embeddable":true,"href":"https:\/\/www.pivelgregoriano.com\/tienda\/wp-json\/wp\/v2\/comments?post=195"}],"wp:featuredmedia":[{"embeddable":true,"href":"https:\/\/www.pivelgregoriano.com\/tienda\/wp-json\/wp\/v2\/media\/203"}],"wp:attachment":[{"href":"https:\/\/www.pivelgregoriano.com\/tienda\/wp-json\/wp\/v2\/media?parent=195"}],"wp:term":[{"taxonomy":"product_brand","embeddable":true,"href":"https:\/\/www.pivelgregoriano.com\/tienda\/wp-json\/wp\/v2\/product_brand?post=195"},{"taxonomy":"product_cat","embeddable":true,"href":"https:\/\/www.pivelgregoriano.com\/tienda\/wp-json\/wp\/v2\/product_cat?post=195"},{"taxonomy":"product_tag","embeddable":true,"href":"https:\/\/www.pivelgregoriano.com\/tienda\/wp-json\/wp\/v2\/product_tag?post=195"}],"curies":[{"name":"wp","href":"https:\/\/api.w.org\/{rel}","templated":true}]}}