{"id":289,"date":"2018-04-09T15:07:00","date_gmt":"2018-04-09T15:07:00","guid":{"rendered":"https:\/\/pivelgregoriano.com\/tienda\/?post_type=product&#038;p=289"},"modified":"2024-06-27T21:29:40","modified_gmt":"2024-06-27T21:29:40","slug":"nueva-era-religion-del-anticristo","status":"publish","type":"product","link":"https:\/\/www.pivelgregoriano.com\/tienda\/tienda\/nueva-era-religion-del-anticristo\/","title":{"rendered":"Nueva Era \u00bfReligi\u00f3n del Anticristo? (Libro Electr\u00f3nico Descarga Inmediata)"},"content":{"rendered":"<p><strong><span style=\"color: #ff6600;\">Autor:<\/span> Jos\u00e9 Luis Pivel<br \/>\nN\u00famero de p\u00e1ginas: 274 (Letra media)<\/strong><\/p>\n<p>Este libro trata el tema de la Nueva Era que apareci\u00f3, en la segunda mitad del Siglo XX. Es conocida como la era astrol\u00f3gica de Acuario. Es una herej\u00eda, contraria a la Doctrina Cristiana. Su ideolog\u00eda se basa en cuatro pilares b\u00e1sicos:\u00a0<span style=\"color: #339966;\"><strong>1.Masoneria\u00a0 &#8211; 2. Gnosticismo &#8211; 3. Espiritismo y 4. Paganismo Oriental (Budismo Yoga, Meditaci\u00f3n \u00a0etc.)<\/strong><\/span><\/p>\n<p><a href=\"https:\/\/www.youtube.com\/watch?v=Az88ogjYE7E\" target=\"_blank\" rel=\"noopener\"><span style=\"color: #0000ff;\"><strong>VER VIDEO INFORME AQUI<\/strong><\/span><\/a><\/p>\n<p>-Tiene Cuatro objetivos: 1. Fundar una religi\u00f3n mundial, \u00a02. Una sola econom\u00eda mundial, a trav\u00e9s de la (Globalizaci\u00f3n), 3. Un solo gobierno mundial \u00a0\u00a0(Socialismo \/ Comunismo) y 4. Una sola cultura mundial. Es un producto cultural t\u00edpico de la crisis espiritual de nuestros d\u00edas. Conozca sus origines, creencias, promotores, sus peligros y problemas que genera a sus seguidores a nivel espiritual, familiar y social. Est\u00e1 en TODOS los pa\u00edses del mundo. Es la religi\u00f3n del Anticristo porque es antagonista de Cristo el Hijo de Dios y promueve una extensa apostas\u00eda de la Fe Cristiana a trav\u00e9s del m\u00e9todo Iglesia NO, Cristo SI; Cristo NO, Dios SI, Dios NO, religi\u00f3n SI; religi\u00f3n NO, sacralidad SI; De este modo genera confusi\u00f3n en sus adeptos y todos sus seguidores. En este libro encontrar\u00e1 ilustraciones de apoyo para facilitar el entendimiento de la lectura del mismo.<\/p>\n<p>Es una alerta para no dejarse enga\u00f1ar por \u00e9stas doctrinas falsas y no poner en peligro la salvaci\u00f3n del alma.<\/p>\n<p>\u201cSi un \u00e1ngel del cielo viniere a predicar un evangelio diferente del que os he predicado sea rechazado\u201d G\u00e1latas 1, 8<\/p>\n","protected":false},"excerpt":{"rendered":"<p><strong><span style=\"color: #ff6600;\">Autor:<\/span> Jos\u00e9 Luis Pivel<br \/>\nN\u00famero de p\u00e1ginas: 274 (Letra media)<\/strong><\/p>\n<p>Este libro trata el tema de la Nueva Era que apareci\u00f3, en la segunda mitad del Siglo XX. Es conocida como la era astrol\u00f3gica de Acuario. Es una herej\u00eda, contraria a la Doctrina Cristiana. Su ideolog\u00eda se basa en cuatro pilares b\u00e1sicos:\u00a0<span style=\"color: #339966;\"><strong>1.Masoneria\u00a0 &#8211; 2. Gnosticismo &#8211; 3. Espiritismo y 4. Paganismo Oriental (Budismo Yoga, Meditaci\u00f3n \u00a0etc.)<\/strong><\/span><\/p>\n<p><a href=\"https:\/\/www.youtube.com\/watch?v=Az88ogjYE7E\" target=\"_blank\" rel=\"noopener\"><span style=\"color: #0000ff;\"><strong>VER VIDEO INFORME AQUI<\/strong><\/span><\/a><\/p>\n<p>-Tiene Cuatro objetivos: 1. Fundar una religi\u00f3n mundial, \u00a02. Una sola econom\u00eda mundial, a trav\u00e9s de la (Globalizaci\u00f3n), 3. Un solo gobierno mundial \u00a0\u00a0(Socialismo \/ Comunismo) y 4. Una sola cultura mundial. Es un producto cultural t\u00edpico de la crisis espiritual de nuestros d\u00edas. Conozca sus origines, creencias, promotores, sus peligros y problemas que genera a sus seguidores a nivel espiritual, familiar y social. Est\u00e1 en TODOS los pa\u00edses del mundo. Es la religi\u00f3n del Anticristo porque es antagonista de Cristo el Hijo de Dios y promueve una extensa apostas\u00eda de la Fe Cristiana a trav\u00e9s del m\u00e9todo Iglesia NO, Cristo SI; Cristo NO, Dios SI, Dios NO, religi\u00f3n SI; religi\u00f3n NO, sacralidad SI; De este modo genera confusi\u00f3n en sus adeptos y todos sus seguidores. En este libro encontrar\u00e1 ilustraciones de apoyo para facilitar el entendimiento de la lectura del mismo.<\/p>\n<p>Es una alerta para no dejarse enga\u00f1ar por \u00e9stas doctrinas falsas y no poner en peligro la salvaci\u00f3n del alma.<\/p>\n<p>\u201cSi un \u00e1ngel del cielo viniere a predicar un evangelio diferente del que os he predicado sea rechazado\u201d G\u00e1latas 1, 8<\/p>\n<p>&nbsp;<\/p>\n","protected":false},"featured_media":293,"comment_status":"open","ping_status":"closed","template":"","meta":[],"product_brand":[],"product_cat":[7,35],"product_tag":[],"class_list":{"0":"post-289","1":"product","2":"type-product","3":"status-publish","4":"has-post-thumbnail","6":"product_cat-descarga","7":"product_cat-ebook","9":"first","10":"instock","11":"downloadable","12":"virtual","13":"sold-individually","14":"purchasable","15":"product-type-simple"},"yoast_head":"<!-- This site is optimized with the Yoast SEO Premium plugin v20.1 (Yoast SEO v26.9) - https:\/\/yoast.com\/product\/yoast-seo-premium-wordpress\/ -->\n<title>Nueva Era \u00bfReligi\u00f3n del Anticristo? (Libro Electr\u00f3nico Descarga Inmediata) - TIENDA PIVEL<\/title>\n<meta name=\"robots\" content=\"index, follow, max-snippet:-1, max-image-preview:large, max-video-preview:-1\" \/>\n<link rel=\"canonical\" href=\"https:\/\/www.pivelgregoriano.com\/tienda\/tienda\/nueva-era-religion-del-anticristo\/\" \/>\n<meta property=\"og:locale\" content=\"es_ES\" \/>\n<meta property=\"og:type\" content=\"article\" \/>\n<meta property=\"og:title\" content=\"Nueva Era \u00bfReligi\u00f3n del Anticristo? (Libro Electr\u00f3nico Descarga Inmediata)\" \/>\n<meta property=\"og:description\" content=\"Autor: Jos\u00e9 Luis Pivel N\u00famero de p\u00e1ginas: 274 (Letra media)  Este libro trata el tema de la Nueva Era que apareci\u00f3, en la segunda mitad del Siglo XX. Es conocida como la era astrol\u00f3gica de Acuario. Es una herej\u00eda, contraria a la Doctrina Cristiana. Su ideolog\u00eda se basa en cuatro pilares b\u00e1sicos:\u00a01.Masoneria\u00a0 - 2. Gnosticismo - 3. Espiritismo y 4. Paganismo Oriental (Budismo Yoga, Meditaci\u00f3n \u00a0etc.)  VER VIDEO INFORME AQUI  -Tiene Cuatro objetivos: 1. Fundar una religi\u00f3n mundial, \u00a02. Una sola econom\u00eda mundial, a trav\u00e9s de la (Globalizaci\u00f3n), 3. Un solo gobierno mundial \u00a0\u00a0(Socialismo \/ Comunismo) y 4. Una sola cultura mundial. Es un producto cultural t\u00edpico de la crisis espiritual de nuestros d\u00edas. Conozca sus origines, creencias, promotores, sus peligros y problemas que genera a sus seguidores a nivel espiritual, familiar y social. Est\u00e1 en TODOS los pa\u00edses del mundo. Es la religi\u00f3n del Anticristo porque es antagonista de Cristo el Hijo de Dios y promueve una extensa apostas\u00eda de la Fe Cristiana a trav\u00e9s del m\u00e9todo Iglesia NO, Cristo SI; Cristo NO, Dios SI, Dios NO, religi\u00f3n SI; religi\u00f3n NO, sacralidad SI; De este modo genera confusi\u00f3n en sus adeptos y todos sus seguidores. En este libro encontrar\u00e1 ilustraciones de apoyo para facilitar el entendimiento de la lectura del mismo.  Es una alerta para no dejarse enga\u00f1ar por \u00e9stas doctrinas falsas y no poner en peligro la salvaci\u00f3n del alma.  \u201cSi un \u00e1ngel del cielo viniere a predicar un evangelio diferente del que os he predicado sea rechazado\u201d G\u00e1latas 1, 8  &nbsp;\" \/>\n<meta property=\"og:url\" content=\"https:\/\/www.pivelgregoriano.com\/tienda\/tienda\/nueva-era-religion-del-anticristo\/\" \/>\n<meta property=\"og:site_name\" content=\"TIENDA PIVEL\" \/>\n<meta property=\"article:modified_time\" content=\"2024-06-27T21:29:40+00:00\" \/>\n<meta property=\"og:image\" content=\"https:\/\/www.pivelgregoriano.com\/tienda\/wp-content\/uploads\/2018\/04\/Nueva_Era_Religion_del_Anticristo.fw_.png\" \/>\n\t<meta property=\"og:image:width\" content=\"500\" \/>\n\t<meta property=\"og:image:height\" content=\"500\" \/>\n\t<meta property=\"og:image:type\" content=\"image\/png\" \/>\n<meta name=\"twitter:card\" content=\"summary_large_image\" \/>\n<meta name=\"twitter:label1\" content=\"Precio\" \/>\n\t<meta name=\"twitter:data1\" content=\"&#036;12.500\" \/>\n\t<meta name=\"twitter:label2\" content=\"Availability\" \/>\n\t<meta name=\"twitter:data2\" content=\"In stock\" \/>\n<script type=\"application\/ld+json\" class=\"yoast-schema-graph\">{\"@context\":\"https:\/\/schema.org\",\"@graph\":[{\"@type\":\"WebPage\",\"@id\":\"https:\/\/www.pivelgregoriano.com\/tienda\/tienda\/nueva-era-religion-del-anticristo\/\",\"url\":\"https:\/\/www.pivelgregoriano.com\/tienda\/tienda\/nueva-era-religion-del-anticristo\/\",\"name\":\"Nueva Era \u00bfReligi\u00f3n del Anticristo? (Libro Electr\u00f3nico Descarga Inmediata) - TIENDA PIVEL\",\"isPartOf\":{\"@id\":\"https:\/\/www.pivelgregoriano.com\/tienda\/#website\"},\"primaryImageOfPage\":{\"@id\":\"https:\/\/www.pivelgregoriano.com\/tienda\/tienda\/nueva-era-religion-del-anticristo\/#primaryimage\"},\"image\":{\"@id\":\"https:\/\/www.pivelgregoriano.com\/tienda\/tienda\/nueva-era-religion-del-anticristo\/#primaryimage\"},\"thumbnailUrl\":\"https:\/\/www.pivelgregoriano.com\/tienda\/wp-content\/uploads\/2018\/04\/Nueva_Era_Religion_del_Anticristo.fw_.png\",\"datePublished\":\"2018-04-09T15:07:00+00:00\",\"dateModified\":\"2024-06-27T21:29:40+00:00\",\"breadcrumb\":{\"@id\":\"https:\/\/www.pivelgregoriano.com\/tienda\/tienda\/nueva-era-religion-del-anticristo\/#breadcrumb\"},\"inLanguage\":\"es\",\"potentialAction\":[{\"@type\":\"ReadAction\",\"target\":[\"https:\/\/www.pivelgregoriano.com\/tienda\/tienda\/nueva-era-religion-del-anticristo\/\"]}]},{\"@type\":\"ImageObject\",\"inLanguage\":\"es\",\"@id\":\"https:\/\/www.pivelgregoriano.com\/tienda\/tienda\/nueva-era-religion-del-anticristo\/#primaryimage\",\"url\":\"https:\/\/www.pivelgregoriano.com\/tienda\/wp-content\/uploads\/2018\/04\/Nueva_Era_Religion_del_Anticristo.fw_.png\",\"contentUrl\":\"https:\/\/www.pivelgregoriano.com\/tienda\/wp-content\/uploads\/2018\/04\/Nueva_Era_Religion_del_Anticristo.fw_.png\",\"width\":500,\"height\":500},{\"@type\":\"BreadcrumbList\",\"@id\":\"https:\/\/www.pivelgregoriano.com\/tienda\/tienda\/nueva-era-religion-del-anticristo\/#breadcrumb\",\"itemListElement\":[{\"@type\":\"ListItem\",\"position\":1,\"name\":\"Home\",\"item\":\"https:\/\/www.pivelgregoriano.com\/tienda\/\"},{\"@type\":\"ListItem\",\"position\":2,\"name\":\"Tienda\",\"item\":\"https:\/\/www.pivelgregoriano.com\/tienda\/\"},{\"@type\":\"ListItem\",\"position\":3,\"name\":\"Nueva Era \u00bfReligi\u00f3n del Anticristo? (Libro Electr\u00f3nico Descarga Inmediata)\"}]},{\"@type\":\"WebSite\",\"@id\":\"https:\/\/www.pivelgregoriano.com\/tienda\/#website\",\"url\":\"https:\/\/www.pivelgregoriano.com\/tienda\/\",\"name\":\"Tienda Pivel Gregoriano\",\"description\":\"Tienda PivelGregoriano\",\"publisher\":{\"@id\":\"https:\/\/www.pivelgregoriano.com\/tienda\/#\/schema\/person\/1d010b70231deefe56affbc088b309ee\"},\"potentialAction\":[{\"@type\":\"SearchAction\",\"target\":{\"@type\":\"EntryPoint\",\"urlTemplate\":\"https:\/\/www.pivelgregoriano.com\/tienda\/?s={search_term_string}\"},\"query-input\":{\"@type\":\"PropertyValueSpecification\",\"valueRequired\":true,\"valueName\":\"search_term_string\"}}],\"inLanguage\":\"es\"},{\"@type\":[\"Person\",\"Organization\"],\"@id\":\"https:\/\/www.pivelgregoriano.com\/tienda\/#\/schema\/person\/1d010b70231deefe56affbc088b309ee\",\"name\":\"PIVEL AD TIENDA\",\"image\":{\"@type\":\"ImageObject\",\"inLanguage\":\"es\",\"@id\":\"https:\/\/www.pivelgregoriano.com\/tienda\/#\/schema\/person\/image\/\",\"url\":\"https:\/\/www.pivelgregoriano.com\/tienda\/wp-content\/uploads\/2016\/12\/cropped-LOGO-Misa-Tridentina-249x300-2-2.png\",\"contentUrl\":\"https:\/\/www.pivelgregoriano.com\/tienda\/wp-content\/uploads\/2016\/12\/cropped-LOGO-Misa-Tridentina-249x300-2-2.png\",\"width\":240,\"height\":121,\"caption\":\"PIVEL AD TIENDA\"},\"logo\":{\"@id\":\"https:\/\/www.pivelgregoriano.com\/tienda\/#\/schema\/person\/image\/\"}}]}<\/script>\n<meta property=\"product:price:amount\" content=\"12500\" \/>\n<meta property=\"product:price:currency\" content=\"COP\" \/>\n<meta property=\"og:availability\" content=\"instock\" \/>\n<meta property=\"product:availability\" content=\"instock\" \/>\n<meta property=\"product:condition\" content=\"new\" \/>\n<!-- \/ Yoast SEO Premium plugin. -->","yoast_head_json":{"title":"Nueva Era \u00bfReligi\u00f3n del Anticristo? (Libro Electr\u00f3nico Descarga Inmediata) - TIENDA PIVEL","robots":{"index":"index","follow":"follow","max-snippet":"max-snippet:-1","max-image-preview":"max-image-preview:large","max-video-preview":"max-video-preview:-1"},"canonical":"https:\/\/www.pivelgregoriano.com\/tienda\/tienda\/nueva-era-religion-del-anticristo\/","og_locale":"es_ES","og_type":"article","og_title":"Nueva Era \u00bfReligi\u00f3n del Anticristo? (Libro Electr\u00f3nico Descarga Inmediata)","og_description":"Autor: Jos\u00e9 Luis Pivel N\u00famero de p\u00e1ginas: 274 (Letra media)  Este libro trata el tema de la Nueva Era que apareci\u00f3, en la segunda mitad del Siglo XX. Es conocida como la era astrol\u00f3gica de Acuario. Es una herej\u00eda, contraria a la Doctrina Cristiana. Su ideolog\u00eda se basa en cuatro pilares b\u00e1sicos:\u00a01.Masoneria\u00a0 - 2. Gnosticismo - 3. Espiritismo y 4. Paganismo Oriental (Budismo Yoga, Meditaci\u00f3n \u00a0etc.)  VER VIDEO INFORME AQUI  -Tiene Cuatro objetivos: 1. Fundar una religi\u00f3n mundial, \u00a02. Una sola econom\u00eda mundial, a trav\u00e9s de la (Globalizaci\u00f3n), 3. Un solo gobierno mundial \u00a0\u00a0(Socialismo \/ Comunismo) y 4. Una sola cultura mundial. Es un producto cultural t\u00edpico de la crisis espiritual de nuestros d\u00edas. Conozca sus origines, creencias, promotores, sus peligros y problemas que genera a sus seguidores a nivel espiritual, familiar y social. Est\u00e1 en TODOS los pa\u00edses del mundo. Es la religi\u00f3n del Anticristo porque es antagonista de Cristo el Hijo de Dios y promueve una extensa apostas\u00eda de la Fe Cristiana a trav\u00e9s del m\u00e9todo Iglesia NO, Cristo SI; Cristo NO, Dios SI, Dios NO, religi\u00f3n SI; religi\u00f3n NO, sacralidad SI; De este modo genera confusi\u00f3n en sus adeptos y todos sus seguidores. En este libro encontrar\u00e1 ilustraciones de apoyo para facilitar el entendimiento de la lectura del mismo.  Es una alerta para no dejarse enga\u00f1ar por \u00e9stas doctrinas falsas y no poner en peligro la salvaci\u00f3n del alma.  \u201cSi un \u00e1ngel del cielo viniere a predicar un evangelio diferente del que os he predicado sea rechazado\u201d G\u00e1latas 1, 8  &nbsp;","og_url":"https:\/\/www.pivelgregoriano.com\/tienda\/tienda\/nueva-era-religion-del-anticristo\/","og_site_name":"TIENDA PIVEL","article_modified_time":"2024-06-27T21:29:40+00:00","og_image":[{"width":500,"height":500,"url":"https:\/\/www.pivelgregoriano.com\/tienda\/wp-content\/uploads\/2018\/04\/Nueva_Era_Religion_del_Anticristo.fw_.png","type":"image\/png"}],"twitter_card":"summary_large_image","twitter_misc":{"Precio":"&#36;12.500","Availability":"In stock"},"schema":{"@context":"https:\/\/schema.org","@graph":[{"@type":"WebPage","@id":"https:\/\/www.pivelgregoriano.com\/tienda\/tienda\/nueva-era-religion-del-anticristo\/","url":"https:\/\/www.pivelgregoriano.com\/tienda\/tienda\/nueva-era-religion-del-anticristo\/","name":"Nueva Era \u00bfReligi\u00f3n del Anticristo? (Libro Electr\u00f3nico Descarga Inmediata) - TIENDA PIVEL","isPartOf":{"@id":"https:\/\/www.pivelgregoriano.com\/tienda\/#website"},"primaryImageOfPage":{"@id":"https:\/\/www.pivelgregoriano.com\/tienda\/tienda\/nueva-era-religion-del-anticristo\/#primaryimage"},"image":{"@id":"https:\/\/www.pivelgregoriano.com\/tienda\/tienda\/nueva-era-religion-del-anticristo\/#primaryimage"},"thumbnailUrl":"https:\/\/www.pivelgregoriano.com\/tienda\/wp-content\/uploads\/2018\/04\/Nueva_Era_Religion_del_Anticristo.fw_.png","datePublished":"2018-04-09T15:07:00+00:00","dateModified":"2024-06-27T21:29:40+00:00","breadcrumb":{"@id":"https:\/\/www.pivelgregoriano.com\/tienda\/tienda\/nueva-era-religion-del-anticristo\/#breadcrumb"},"inLanguage":"es","potentialAction":[{"@type":"ReadAction","target":["https:\/\/www.pivelgregoriano.com\/tienda\/tienda\/nueva-era-religion-del-anticristo\/"]}]},{"@type":"ImageObject","inLanguage":"es","@id":"https:\/\/www.pivelgregoriano.com\/tienda\/tienda\/nueva-era-religion-del-anticristo\/#primaryimage","url":"https:\/\/www.pivelgregoriano.com\/tienda\/wp-content\/uploads\/2018\/04\/Nueva_Era_Religion_del_Anticristo.fw_.png","contentUrl":"https:\/\/www.pivelgregoriano.com\/tienda\/wp-content\/uploads\/2018\/04\/Nueva_Era_Religion_del_Anticristo.fw_.png","width":500,"height":500},{"@type":"BreadcrumbList","@id":"https:\/\/www.pivelgregoriano.com\/tienda\/tienda\/nueva-era-religion-del-anticristo\/#breadcrumb","itemListElement":[{"@type":"ListItem","position":1,"name":"Home","item":"https:\/\/www.pivelgregoriano.com\/tienda\/"},{"@type":"ListItem","position":2,"name":"Tienda","item":"https:\/\/www.pivelgregoriano.com\/tienda\/"},{"@type":"ListItem","position":3,"name":"Nueva Era \u00bfReligi\u00f3n del Anticristo? (Libro Electr\u00f3nico Descarga Inmediata)"}]},{"@type":"WebSite","@id":"https:\/\/www.pivelgregoriano.com\/tienda\/#website","url":"https:\/\/www.pivelgregoriano.com\/tienda\/","name":"Tienda Pivel Gregoriano","description":"Tienda PivelGregoriano","publisher":{"@id":"https:\/\/www.pivelgregoriano.com\/tienda\/#\/schema\/person\/1d010b70231deefe56affbc088b309ee"},"potentialAction":[{"@type":"SearchAction","target":{"@type":"EntryPoint","urlTemplate":"https:\/\/www.pivelgregoriano.com\/tienda\/?s={search_term_string}"},"query-input":{"@type":"PropertyValueSpecification","valueRequired":true,"valueName":"search_term_string"}}],"inLanguage":"es"},{"@type":["Person","Organization"],"@id":"https:\/\/www.pivelgregoriano.com\/tienda\/#\/schema\/person\/1d010b70231deefe56affbc088b309ee","name":"PIVEL AD TIENDA","image":{"@type":"ImageObject","inLanguage":"es","@id":"https:\/\/www.pivelgregoriano.com\/tienda\/#\/schema\/person\/image\/","url":"https:\/\/www.pivelgregoriano.com\/tienda\/wp-content\/uploads\/2016\/12\/cropped-LOGO-Misa-Tridentina-249x300-2-2.png","contentUrl":"https:\/\/www.pivelgregoriano.com\/tienda\/wp-content\/uploads\/2016\/12\/cropped-LOGO-Misa-Tridentina-249x300-2-2.png","width":240,"height":121,"caption":"PIVEL AD TIENDA"},"logo":{"@id":"https:\/\/www.pivelgregoriano.com\/tienda\/#\/schema\/person\/image\/"}}]},"product_price_amount":"12500","product_price_currency":"COP","og_availability":"instock","product_availability":"instock","product_condition":"new"},"_links":{"self":[{"href":"https:\/\/www.pivelgregoriano.com\/tienda\/wp-json\/wp\/v2\/product\/289","targetHints":{"allow":["GET"]}}],"collection":[{"href":"https:\/\/www.pivelgregoriano.com\/tienda\/wp-json\/wp\/v2\/product"}],"about":[{"href":"https:\/\/www.pivelgregoriano.com\/tienda\/wp-json\/wp\/v2\/types\/product"}],"replies":[{"embeddable":true,"href":"https:\/\/www.pivelgregoriano.com\/tienda\/wp-json\/wp\/v2\/comments?post=289"}],"wp:featuredmedia":[{"embeddable":true,"href":"https:\/\/www.pivelgregoriano.com\/tienda\/wp-json\/wp\/v2\/media\/293"}],"wp:attachment":[{"href":"https:\/\/www.pivelgregoriano.com\/tienda\/wp-json\/wp\/v2\/media?parent=289"}],"wp:term":[{"taxonomy":"product_brand","embeddable":true,"href":"https:\/\/www.pivelgregoriano.com\/tienda\/wp-json\/wp\/v2\/product_brand?post=289"},{"taxonomy":"product_cat","embeddable":true,"href":"https:\/\/www.pivelgregoriano.com\/tienda\/wp-json\/wp\/v2\/product_cat?post=289"},{"taxonomy":"product_tag","embeddable":true,"href":"https:\/\/www.pivelgregoriano.com\/tienda\/wp-json\/wp\/v2\/product_tag?post=289"}],"curies":[{"name":"wp","href":"https:\/\/api.w.org\/{rel}","templated":true}]}}