{"id":49,"date":"2016-12-03T23:13:37","date_gmt":"2016-12-03T23:13:37","guid":{"rendered":"http:\/\/pivelgregoriano.com\/tienda\/?post_type=product&#038;p=49"},"modified":"2022-10-11T21:47:41","modified_gmt":"2022-10-11T21:47:41","slug":"exorcismo-de-san-miguel-arcangel-del-papa-leon-xiii","status":"publish","type":"product","link":"https:\/\/www.pivelgregoriano.com\/tienda\/tienda\/exorcismo-de-san-miguel-arcangel-del-papa-leon-xiii\/","title":{"rendered":"Exorcismo de San Miguel Arc\u00e1ngel  (Del Papa Le\u00f3n XIII) (Libro Electr\u00f3nico Descarga Inmediata)"},"content":{"rendered":"<p><strong>Recopilado por: Jos\u00e9 Luis Pivel<br \/>\nN\u00famero de p\u00e1ginas: 52 (Edici\u00f3n\u00a0de bolsillo)<br \/>\n<\/strong>Cada d\u00eda podemos comprobar la lucha entre el bien y el mal. Dios nos protege en este combate a trav\u00e9s de sus \u00e1ngeles buenos. San Miguel es el Pr\u00edncipe de los ej\u00e9rcitos celestiales. Este Libro contiene la oraci\u00f3n que el Esp\u00edritu Santo le inspir\u00f3 al santo Padre Le\u00f3n XIII para la\u00a0 protecci\u00f3n de la Iglesia y de sus hijos contra las fuerzas del mal.<\/p>\n","protected":false},"excerpt":{"rendered":"<p><strong>Recopilado por: Jos\u00e9 Luis Pivel<br \/>\nN\u00famero de p\u00e1ginas: 52\u00a0(Edici\u00f3n\u00a0de bolsillo)<br \/>\n<\/strong>Cada d\u00eda podemos comprobar la lucha entre el bien y el mal. Dios nos protege en este combate a trav\u00e9s de sus \u00e1ngeles buenos. San Miguel es el Pr\u00edncipe de los ej\u00e9rcitos celestiales. Este Libro contiene la oraci\u00f3n que el Esp\u00edritu Santo le inspir\u00f3 al santo Padre Le\u00f3n XIII para la\u00a0 protecci\u00f3n de la Iglesia y de sus hijos contra las fuerzas del mal.<\/p>\n","protected":false},"featured_media":142,"comment_status":"open","ping_status":"closed","template":"","meta":[],"product_brand":[],"product_cat":[7,35],"product_tag":[],"class_list":{"0":"post-49","1":"product","2":"type-product","3":"status-publish","4":"has-post-thumbnail","6":"product_cat-descarga","7":"product_cat-ebook","9":"first","10":"instock","11":"downloadable","12":"virtual","13":"sold-individually","14":"purchasable","15":"product-type-simple"},"yoast_head":"<!-- This site is optimized with the Yoast SEO Premium plugin v20.1 (Yoast SEO v26.9) - https:\/\/yoast.com\/product\/yoast-seo-premium-wordpress\/ -->\n<title>Exorcismo de San Miguel Arc\u00e1ngel (Del Papa Le\u00f3n XIII) (Libro Electr\u00f3nico Descarga Inmediata) - TIENDA PIVEL<\/title>\n<meta name=\"robots\" content=\"index, follow, max-snippet:-1, max-image-preview:large, max-video-preview:-1\" \/>\n<link rel=\"canonical\" href=\"https:\/\/www.pivelgregoriano.com\/tienda\/tienda\/exorcismo-de-san-miguel-arcangel-del-papa-leon-xiii\/\" \/>\n<meta property=\"og:locale\" content=\"es_ES\" \/>\n<meta property=\"og:type\" content=\"article\" \/>\n<meta property=\"og:title\" content=\"Exorcismo de San Miguel Arc\u00e1ngel (Del Papa Le\u00f3n XIII) (Libro Electr\u00f3nico Descarga Inmediata)\" \/>\n<meta property=\"og:description\" content=\"Recopilado por: Jos\u00e9 Luis Pivel N\u00famero de p\u00e1ginas: 52\u00a0(Edici\u00f3n\u00a0de bolsillo) Cada d\u00eda podemos comprobar la lucha entre el bien y el mal. Dios nos protege en este combate a trav\u00e9s de sus \u00e1ngeles buenos. San Miguel es el Pr\u00edncipe de los ej\u00e9rcitos celestiales. Este Libro contiene la oraci\u00f3n que el Esp\u00edritu Santo le inspir\u00f3 al santo Padre Le\u00f3n XIII para la\u00a0 protecci\u00f3n de la Iglesia y de sus hijos contra las fuerzas del mal.\" \/>\n<meta property=\"og:url\" content=\"https:\/\/www.pivelgregoriano.com\/tienda\/tienda\/exorcismo-de-san-miguel-arcangel-del-papa-leon-xiii\/\" \/>\n<meta property=\"og:site_name\" content=\"TIENDA PIVEL\" \/>\n<meta property=\"article:modified_time\" content=\"2022-10-11T21:47:41+00:00\" \/>\n<meta property=\"og:image\" content=\"https:\/\/www.pivelgregoriano.com\/tienda\/wp-content\/uploads\/2016\/12\/Exorcismo_de_San_Miguel_Arcangel_Del_Papa_Leon_XIII-CUADRO.jpg\" \/>\n\t<meta property=\"og:image:width\" content=\"552\" \/>\n\t<meta property=\"og:image:height\" content=\"552\" \/>\n\t<meta property=\"og:image:type\" content=\"image\/jpeg\" \/>\n<meta name=\"twitter:card\" content=\"summary_large_image\" \/>\n<meta name=\"twitter:label1\" content=\"Precio\" \/>\n\t<meta name=\"twitter:data1\" content=\"&#036;5.000\" \/>\n\t<meta name=\"twitter:label2\" content=\"Availability\" \/>\n\t<meta name=\"twitter:data2\" content=\"In stock\" \/>\n<script type=\"application\/ld+json\" class=\"yoast-schema-graph\">{\"@context\":\"https:\/\/schema.org\",\"@graph\":[{\"@type\":\"WebPage\",\"@id\":\"https:\/\/www.pivelgregoriano.com\/tienda\/tienda\/exorcismo-de-san-miguel-arcangel-del-papa-leon-xiii\/\",\"url\":\"https:\/\/www.pivelgregoriano.com\/tienda\/tienda\/exorcismo-de-san-miguel-arcangel-del-papa-leon-xiii\/\",\"name\":\"Exorcismo de San Miguel Arc\u00e1ngel (Del Papa Le\u00f3n XIII) (Libro Electr\u00f3nico Descarga Inmediata) - TIENDA PIVEL\",\"isPartOf\":{\"@id\":\"https:\/\/www.pivelgregoriano.com\/tienda\/#website\"},\"primaryImageOfPage\":{\"@id\":\"https:\/\/www.pivelgregoriano.com\/tienda\/tienda\/exorcismo-de-san-miguel-arcangel-del-papa-leon-xiii\/#primaryimage\"},\"image\":{\"@id\":\"https:\/\/www.pivelgregoriano.com\/tienda\/tienda\/exorcismo-de-san-miguel-arcangel-del-papa-leon-xiii\/#primaryimage\"},\"thumbnailUrl\":\"https:\/\/www.pivelgregoriano.com\/tienda\/wp-content\/uploads\/2016\/12\/Exorcismo_de_San_Miguel_Arcangel_Del_Papa_Leon_XIII-CUADRO.jpg\",\"datePublished\":\"2016-12-03T23:13:37+00:00\",\"dateModified\":\"2022-10-11T21:47:41+00:00\",\"breadcrumb\":{\"@id\":\"https:\/\/www.pivelgregoriano.com\/tienda\/tienda\/exorcismo-de-san-miguel-arcangel-del-papa-leon-xiii\/#breadcrumb\"},\"inLanguage\":\"es\",\"potentialAction\":[{\"@type\":\"ReadAction\",\"target\":[\"https:\/\/www.pivelgregoriano.com\/tienda\/tienda\/exorcismo-de-san-miguel-arcangel-del-papa-leon-xiii\/\"]}]},{\"@type\":\"ImageObject\",\"inLanguage\":\"es\",\"@id\":\"https:\/\/www.pivelgregoriano.com\/tienda\/tienda\/exorcismo-de-san-miguel-arcangel-del-papa-leon-xiii\/#primaryimage\",\"url\":\"https:\/\/www.pivelgregoriano.com\/tienda\/wp-content\/uploads\/2016\/12\/Exorcismo_de_San_Miguel_Arcangel_Del_Papa_Leon_XIII-CUADRO.jpg\",\"contentUrl\":\"https:\/\/www.pivelgregoriano.com\/tienda\/wp-content\/uploads\/2016\/12\/Exorcismo_de_San_Miguel_Arcangel_Del_Papa_Leon_XIII-CUADRO.jpg\",\"width\":552,\"height\":552},{\"@type\":\"BreadcrumbList\",\"@id\":\"https:\/\/www.pivelgregoriano.com\/tienda\/tienda\/exorcismo-de-san-miguel-arcangel-del-papa-leon-xiii\/#breadcrumb\",\"itemListElement\":[{\"@type\":\"ListItem\",\"position\":1,\"name\":\"Home\",\"item\":\"https:\/\/www.pivelgregoriano.com\/tienda\/\"},{\"@type\":\"ListItem\",\"position\":2,\"name\":\"Tienda\",\"item\":\"https:\/\/www.pivelgregoriano.com\/tienda\/\"},{\"@type\":\"ListItem\",\"position\":3,\"name\":\"Exorcismo de San Miguel Arc\u00e1ngel (Del Papa Le\u00f3n XIII) (Libro Electr\u00f3nico Descarga Inmediata)\"}]},{\"@type\":\"WebSite\",\"@id\":\"https:\/\/www.pivelgregoriano.com\/tienda\/#website\",\"url\":\"https:\/\/www.pivelgregoriano.com\/tienda\/\",\"name\":\"Tienda Pivel Gregoriano\",\"description\":\"Tienda PivelGregoriano\",\"publisher\":{\"@id\":\"https:\/\/www.pivelgregoriano.com\/tienda\/#\/schema\/person\/1d010b70231deefe56affbc088b309ee\"},\"potentialAction\":[{\"@type\":\"SearchAction\",\"target\":{\"@type\":\"EntryPoint\",\"urlTemplate\":\"https:\/\/www.pivelgregoriano.com\/tienda\/?s={search_term_string}\"},\"query-input\":{\"@type\":\"PropertyValueSpecification\",\"valueRequired\":true,\"valueName\":\"search_term_string\"}}],\"inLanguage\":\"es\"},{\"@type\":[\"Person\",\"Organization\"],\"@id\":\"https:\/\/www.pivelgregoriano.com\/tienda\/#\/schema\/person\/1d010b70231deefe56affbc088b309ee\",\"name\":\"PIVEL AD TIENDA\",\"image\":{\"@type\":\"ImageObject\",\"inLanguage\":\"es\",\"@id\":\"https:\/\/www.pivelgregoriano.com\/tienda\/#\/schema\/person\/image\/\",\"url\":\"https:\/\/www.pivelgregoriano.com\/tienda\/wp-content\/uploads\/2016\/12\/cropped-LOGO-Misa-Tridentina-249x300-2-2.png\",\"contentUrl\":\"https:\/\/www.pivelgregoriano.com\/tienda\/wp-content\/uploads\/2016\/12\/cropped-LOGO-Misa-Tridentina-249x300-2-2.png\",\"width\":240,\"height\":121,\"caption\":\"PIVEL AD TIENDA\"},\"logo\":{\"@id\":\"https:\/\/www.pivelgregoriano.com\/tienda\/#\/schema\/person\/image\/\"}}]}<\/script>\n<meta property=\"product:price:amount\" content=\"5000\" \/>\n<meta property=\"product:price:currency\" content=\"COP\" \/>\n<meta property=\"og:availability\" content=\"instock\" \/>\n<meta property=\"product:availability\" content=\"instock\" \/>\n<meta property=\"product:condition\" content=\"new\" \/>\n<!-- \/ Yoast SEO Premium plugin. -->","yoast_head_json":{"title":"Exorcismo de San Miguel Arc\u00e1ngel (Del Papa Le\u00f3n XIII) (Libro Electr\u00f3nico Descarga Inmediata) - TIENDA PIVEL","robots":{"index":"index","follow":"follow","max-snippet":"max-snippet:-1","max-image-preview":"max-image-preview:large","max-video-preview":"max-video-preview:-1"},"canonical":"https:\/\/www.pivelgregoriano.com\/tienda\/tienda\/exorcismo-de-san-miguel-arcangel-del-papa-leon-xiii\/","og_locale":"es_ES","og_type":"article","og_title":"Exorcismo de San Miguel Arc\u00e1ngel (Del Papa Le\u00f3n XIII) (Libro Electr\u00f3nico Descarga Inmediata)","og_description":"Recopilado por: Jos\u00e9 Luis Pivel N\u00famero de p\u00e1ginas: 52\u00a0(Edici\u00f3n\u00a0de bolsillo) Cada d\u00eda podemos comprobar la lucha entre el bien y el mal. Dios nos protege en este combate a trav\u00e9s de sus \u00e1ngeles buenos. San Miguel es el Pr\u00edncipe de los ej\u00e9rcitos celestiales. Este Libro contiene la oraci\u00f3n que el Esp\u00edritu Santo le inspir\u00f3 al santo Padre Le\u00f3n XIII para la\u00a0 protecci\u00f3n de la Iglesia y de sus hijos contra las fuerzas del mal.","og_url":"https:\/\/www.pivelgregoriano.com\/tienda\/tienda\/exorcismo-de-san-miguel-arcangel-del-papa-leon-xiii\/","og_site_name":"TIENDA PIVEL","article_modified_time":"2022-10-11T21:47:41+00:00","og_image":[{"width":552,"height":552,"url":"https:\/\/www.pivelgregoriano.com\/tienda\/wp-content\/uploads\/2016\/12\/Exorcismo_de_San_Miguel_Arcangel_Del_Papa_Leon_XIII-CUADRO.jpg","type":"image\/jpeg"}],"twitter_card":"summary_large_image","twitter_misc":{"Precio":"&#36;5.000","Availability":"In stock"},"schema":{"@context":"https:\/\/schema.org","@graph":[{"@type":"WebPage","@id":"https:\/\/www.pivelgregoriano.com\/tienda\/tienda\/exorcismo-de-san-miguel-arcangel-del-papa-leon-xiii\/","url":"https:\/\/www.pivelgregoriano.com\/tienda\/tienda\/exorcismo-de-san-miguel-arcangel-del-papa-leon-xiii\/","name":"Exorcismo de San Miguel Arc\u00e1ngel (Del Papa Le\u00f3n XIII) (Libro Electr\u00f3nico Descarga Inmediata) - TIENDA PIVEL","isPartOf":{"@id":"https:\/\/www.pivelgregoriano.com\/tienda\/#website"},"primaryImageOfPage":{"@id":"https:\/\/www.pivelgregoriano.com\/tienda\/tienda\/exorcismo-de-san-miguel-arcangel-del-papa-leon-xiii\/#primaryimage"},"image":{"@id":"https:\/\/www.pivelgregoriano.com\/tienda\/tienda\/exorcismo-de-san-miguel-arcangel-del-papa-leon-xiii\/#primaryimage"},"thumbnailUrl":"https:\/\/www.pivelgregoriano.com\/tienda\/wp-content\/uploads\/2016\/12\/Exorcismo_de_San_Miguel_Arcangel_Del_Papa_Leon_XIII-CUADRO.jpg","datePublished":"2016-12-03T23:13:37+00:00","dateModified":"2022-10-11T21:47:41+00:00","breadcrumb":{"@id":"https:\/\/www.pivelgregoriano.com\/tienda\/tienda\/exorcismo-de-san-miguel-arcangel-del-papa-leon-xiii\/#breadcrumb"},"inLanguage":"es","potentialAction":[{"@type":"ReadAction","target":["https:\/\/www.pivelgregoriano.com\/tienda\/tienda\/exorcismo-de-san-miguel-arcangel-del-papa-leon-xiii\/"]}]},{"@type":"ImageObject","inLanguage":"es","@id":"https:\/\/www.pivelgregoriano.com\/tienda\/tienda\/exorcismo-de-san-miguel-arcangel-del-papa-leon-xiii\/#primaryimage","url":"https:\/\/www.pivelgregoriano.com\/tienda\/wp-content\/uploads\/2016\/12\/Exorcismo_de_San_Miguel_Arcangel_Del_Papa_Leon_XIII-CUADRO.jpg","contentUrl":"https:\/\/www.pivelgregoriano.com\/tienda\/wp-content\/uploads\/2016\/12\/Exorcismo_de_San_Miguel_Arcangel_Del_Papa_Leon_XIII-CUADRO.jpg","width":552,"height":552},{"@type":"BreadcrumbList","@id":"https:\/\/www.pivelgregoriano.com\/tienda\/tienda\/exorcismo-de-san-miguel-arcangel-del-papa-leon-xiii\/#breadcrumb","itemListElement":[{"@type":"ListItem","position":1,"name":"Home","item":"https:\/\/www.pivelgregoriano.com\/tienda\/"},{"@type":"ListItem","position":2,"name":"Tienda","item":"https:\/\/www.pivelgregoriano.com\/tienda\/"},{"@type":"ListItem","position":3,"name":"Exorcismo de San Miguel Arc\u00e1ngel (Del Papa Le\u00f3n XIII) (Libro Electr\u00f3nico Descarga Inmediata)"}]},{"@type":"WebSite","@id":"https:\/\/www.pivelgregoriano.com\/tienda\/#website","url":"https:\/\/www.pivelgregoriano.com\/tienda\/","name":"Tienda Pivel Gregoriano","description":"Tienda PivelGregoriano","publisher":{"@id":"https:\/\/www.pivelgregoriano.com\/tienda\/#\/schema\/person\/1d010b70231deefe56affbc088b309ee"},"potentialAction":[{"@type":"SearchAction","target":{"@type":"EntryPoint","urlTemplate":"https:\/\/www.pivelgregoriano.com\/tienda\/?s={search_term_string}"},"query-input":{"@type":"PropertyValueSpecification","valueRequired":true,"valueName":"search_term_string"}}],"inLanguage":"es"},{"@type":["Person","Organization"],"@id":"https:\/\/www.pivelgregoriano.com\/tienda\/#\/schema\/person\/1d010b70231deefe56affbc088b309ee","name":"PIVEL AD TIENDA","image":{"@type":"ImageObject","inLanguage":"es","@id":"https:\/\/www.pivelgregoriano.com\/tienda\/#\/schema\/person\/image\/","url":"https:\/\/www.pivelgregoriano.com\/tienda\/wp-content\/uploads\/2016\/12\/cropped-LOGO-Misa-Tridentina-249x300-2-2.png","contentUrl":"https:\/\/www.pivelgregoriano.com\/tienda\/wp-content\/uploads\/2016\/12\/cropped-LOGO-Misa-Tridentina-249x300-2-2.png","width":240,"height":121,"caption":"PIVEL AD TIENDA"},"logo":{"@id":"https:\/\/www.pivelgregoriano.com\/tienda\/#\/schema\/person\/image\/"}}]},"product_price_amount":"5000","product_price_currency":"COP","og_availability":"instock","product_availability":"instock","product_condition":"new"},"_links":{"self":[{"href":"https:\/\/www.pivelgregoriano.com\/tienda\/wp-json\/wp\/v2\/product\/49","targetHints":{"allow":["GET"]}}],"collection":[{"href":"https:\/\/www.pivelgregoriano.com\/tienda\/wp-json\/wp\/v2\/product"}],"about":[{"href":"https:\/\/www.pivelgregoriano.com\/tienda\/wp-json\/wp\/v2\/types\/product"}],"replies":[{"embeddable":true,"href":"https:\/\/www.pivelgregoriano.com\/tienda\/wp-json\/wp\/v2\/comments?post=49"}],"wp:featuredmedia":[{"embeddable":true,"href":"https:\/\/www.pivelgregoriano.com\/tienda\/wp-json\/wp\/v2\/media\/142"}],"wp:attachment":[{"href":"https:\/\/www.pivelgregoriano.com\/tienda\/wp-json\/wp\/v2\/media?parent=49"}],"wp:term":[{"taxonomy":"product_brand","embeddable":true,"href":"https:\/\/www.pivelgregoriano.com\/tienda\/wp-json\/wp\/v2\/product_brand?post=49"},{"taxonomy":"product_cat","embeddable":true,"href":"https:\/\/www.pivelgregoriano.com\/tienda\/wp-json\/wp\/v2\/product_cat?post=49"},{"taxonomy":"product_tag","embeddable":true,"href":"https:\/\/www.pivelgregoriano.com\/tienda\/wp-json\/wp\/v2\/product_tag?post=49"}],"curies":[{"name":"wp","href":"https:\/\/api.w.org\/{rel}","templated":true}]}}