{"id":61,"date":"2016-12-04T15:47:04","date_gmt":"2016-12-04T15:47:04","guid":{"rendered":"http:\/\/pivelgregoriano.com\/tienda\/?post_type=product&#038;p=61"},"modified":"2022-10-11T21:45:33","modified_gmt":"2022-10-11T21:45:33","slug":"maria-rosa-mistica-peregrina-de-los-hogares-catolicos","status":"publish","type":"product","link":"https:\/\/www.pivelgregoriano.com\/tienda\/tienda\/maria-rosa-mistica-peregrina-de-los-hogares-catolicos\/","title":{"rendered":"Mar\u00eda, Rosa M\u00edstica Peregrina de los Hogares Cat\u00f3licos (Libro Electr\u00f3nico Descarga Inmediata)"},"content":{"rendered":"<p><strong>Autor: Jos\u00e9 Luis Pivel<br \/>\nN\u00famero de p\u00e1ginas: 112<br \/>\n<\/strong>Esta es una orientaci\u00f3n para quienes sean honrados con la visita de la imagen bendita de la Rosa M\u00edstica, recomendada por san Juan Pablo II. Conozca la historia de esta devoci\u00f3n mariana, sus promesas y su medalla. Contiene oraciones para\u00a0 recibir a\u00a0la Madre de Dios en su hogar. Bajo esta advocaci\u00f3n, Dios ha obrado muchos milagros, sanando enfermedades incurables, liberando secuestrados, convirtiendo a los secuestradores, llamando j\u00f3venes a la vocaci\u00f3n sacerdotal.<\/p>\n","protected":false},"excerpt":{"rendered":"<p><strong>Autor: Jos\u00e9 Luis Pivel<br \/>\nN\u00famero de p\u00e1ginas: 112<br \/>\n<\/strong>Esta es una orientaci\u00f3n para quienes sean honrados con la visita de la imagen bendita de la Rosa M\u00edstica, recomendada por san Juan Pablo II. Conozca la historia de esta devoci\u00f3n mariana, sus promesas y su medalla. Contiene oraciones para\u00a0 recibir a\u00a0la Madre de Dios en su hogar. Bajo esta advocaci\u00f3n, Dios ha obrado muchos milagros, sanando enfermedades incurables, liberando secuestrados, convirtiendo a los secuestradores, llamando j\u00f3venes a la vocaci\u00f3n sacerdotal.<\/p>\n","protected":false},"featured_media":146,"comment_status":"open","ping_status":"closed","template":"","meta":[],"product_brand":[],"product_cat":[7,35],"product_tag":[],"class_list":{"0":"post-61","1":"product","2":"type-product","3":"status-publish","4":"has-post-thumbnail","6":"product_cat-descarga","7":"product_cat-ebook","9":"first","10":"instock","11":"downloadable","12":"virtual","13":"sold-individually","14":"purchasable","15":"product-type-simple"},"yoast_head":"<!-- This site is optimized with the Yoast SEO Premium plugin v20.1 (Yoast SEO v26.9) - https:\/\/yoast.com\/product\/yoast-seo-premium-wordpress\/ -->\n<title>Mar\u00eda, Rosa M\u00edstica Peregrina de los Hogares Cat\u00f3licos (Libro Electr\u00f3nico Descarga Inmediata) - TIENDA PIVEL<\/title>\n<meta name=\"robots\" content=\"index, follow, max-snippet:-1, max-image-preview:large, max-video-preview:-1\" \/>\n<link rel=\"canonical\" href=\"https:\/\/www.pivelgregoriano.com\/tienda\/tienda\/maria-rosa-mistica-peregrina-de-los-hogares-catolicos\/\" \/>\n<meta property=\"og:locale\" content=\"es_ES\" \/>\n<meta property=\"og:type\" content=\"article\" \/>\n<meta property=\"og:title\" content=\"Mar\u00eda, Rosa M\u00edstica Peregrina de los Hogares Cat\u00f3licos (Libro Electr\u00f3nico Descarga Inmediata)\" \/>\n<meta property=\"og:description\" content=\"Autor: Jos\u00e9 Luis Pivel N\u00famero de p\u00e1ginas: 112 Esta es una orientaci\u00f3n para quienes sean honrados con la visita de la imagen bendita de la Rosa M\u00edstica, recomendada por san Juan Pablo II. Conozca la historia de esta devoci\u00f3n mariana, sus promesas y su medalla. Contiene oraciones para\u00a0 recibir a\u00a0la Madre de Dios en su hogar. Bajo esta advocaci\u00f3n, Dios ha obrado muchos milagros, sanando enfermedades incurables, liberando secuestrados, convirtiendo a los secuestradores, llamando j\u00f3venes a la vocaci\u00f3n sacerdotal.\" \/>\n<meta property=\"og:url\" content=\"https:\/\/www.pivelgregoriano.com\/tienda\/tienda\/maria-rosa-mistica-peregrina-de-los-hogares-catolicos\/\" \/>\n<meta property=\"og:site_name\" content=\"TIENDA PIVEL\" \/>\n<meta property=\"article:modified_time\" content=\"2022-10-11T21:45:33+00:00\" \/>\n<meta property=\"og:image\" content=\"https:\/\/www.pivelgregoriano.com\/tienda\/wp-content\/uploads\/2016\/12\/Maria_Rosa_Mistica_peregrina_de_los_hogares_catolicos-CUADRO.jpg\" \/>\n\t<meta property=\"og:image:width\" content=\"552\" \/>\n\t<meta property=\"og:image:height\" content=\"552\" \/>\n\t<meta property=\"og:image:type\" content=\"image\/jpeg\" \/>\n<meta name=\"twitter:card\" content=\"summary_large_image\" \/>\n<meta name=\"twitter:label1\" content=\"Precio\" \/>\n\t<meta name=\"twitter:data1\" content=\"&#036;10.000\" \/>\n\t<meta name=\"twitter:label2\" content=\"Availability\" \/>\n\t<meta name=\"twitter:data2\" content=\"In stock\" \/>\n<script type=\"application\/ld+json\" class=\"yoast-schema-graph\">{\"@context\":\"https:\/\/schema.org\",\"@graph\":[{\"@type\":\"WebPage\",\"@id\":\"https:\/\/www.pivelgregoriano.com\/tienda\/tienda\/maria-rosa-mistica-peregrina-de-los-hogares-catolicos\/\",\"url\":\"https:\/\/www.pivelgregoriano.com\/tienda\/tienda\/maria-rosa-mistica-peregrina-de-los-hogares-catolicos\/\",\"name\":\"Mar\u00eda, Rosa M\u00edstica Peregrina de los Hogares Cat\u00f3licos (Libro Electr\u00f3nico Descarga Inmediata) - TIENDA PIVEL\",\"isPartOf\":{\"@id\":\"https:\/\/www.pivelgregoriano.com\/tienda\/#website\"},\"primaryImageOfPage\":{\"@id\":\"https:\/\/www.pivelgregoriano.com\/tienda\/tienda\/maria-rosa-mistica-peregrina-de-los-hogares-catolicos\/#primaryimage\"},\"image\":{\"@id\":\"https:\/\/www.pivelgregoriano.com\/tienda\/tienda\/maria-rosa-mistica-peregrina-de-los-hogares-catolicos\/#primaryimage\"},\"thumbnailUrl\":\"https:\/\/www.pivelgregoriano.com\/tienda\/wp-content\/uploads\/2016\/12\/Maria_Rosa_Mistica_peregrina_de_los_hogares_catolicos-CUADRO.jpg\",\"datePublished\":\"2016-12-04T15:47:04+00:00\",\"dateModified\":\"2022-10-11T21:45:33+00:00\",\"breadcrumb\":{\"@id\":\"https:\/\/www.pivelgregoriano.com\/tienda\/tienda\/maria-rosa-mistica-peregrina-de-los-hogares-catolicos\/#breadcrumb\"},\"inLanguage\":\"es\",\"potentialAction\":[{\"@type\":\"ReadAction\",\"target\":[\"https:\/\/www.pivelgregoriano.com\/tienda\/tienda\/maria-rosa-mistica-peregrina-de-los-hogares-catolicos\/\"]}]},{\"@type\":\"ImageObject\",\"inLanguage\":\"es\",\"@id\":\"https:\/\/www.pivelgregoriano.com\/tienda\/tienda\/maria-rosa-mistica-peregrina-de-los-hogares-catolicos\/#primaryimage\",\"url\":\"https:\/\/www.pivelgregoriano.com\/tienda\/wp-content\/uploads\/2016\/12\/Maria_Rosa_Mistica_peregrina_de_los_hogares_catolicos-CUADRO.jpg\",\"contentUrl\":\"https:\/\/www.pivelgregoriano.com\/tienda\/wp-content\/uploads\/2016\/12\/Maria_Rosa_Mistica_peregrina_de_los_hogares_catolicos-CUADRO.jpg\",\"width\":552,\"height\":552},{\"@type\":\"BreadcrumbList\",\"@id\":\"https:\/\/www.pivelgregoriano.com\/tienda\/tienda\/maria-rosa-mistica-peregrina-de-los-hogares-catolicos\/#breadcrumb\",\"itemListElement\":[{\"@type\":\"ListItem\",\"position\":1,\"name\":\"Home\",\"item\":\"https:\/\/www.pivelgregoriano.com\/tienda\/\"},{\"@type\":\"ListItem\",\"position\":2,\"name\":\"Tienda\",\"item\":\"https:\/\/www.pivelgregoriano.com\/tienda\/\"},{\"@type\":\"ListItem\",\"position\":3,\"name\":\"Mar\u00eda, Rosa M\u00edstica Peregrina de los Hogares Cat\u00f3licos (Libro Electr\u00f3nico Descarga Inmediata)\"}]},{\"@type\":\"WebSite\",\"@id\":\"https:\/\/www.pivelgregoriano.com\/tienda\/#website\",\"url\":\"https:\/\/www.pivelgregoriano.com\/tienda\/\",\"name\":\"Tienda Pivel Gregoriano\",\"description\":\"Tienda PivelGregoriano\",\"publisher\":{\"@id\":\"https:\/\/www.pivelgregoriano.com\/tienda\/#\/schema\/person\/1d010b70231deefe56affbc088b309ee\"},\"potentialAction\":[{\"@type\":\"SearchAction\",\"target\":{\"@type\":\"EntryPoint\",\"urlTemplate\":\"https:\/\/www.pivelgregoriano.com\/tienda\/?s={search_term_string}\"},\"query-input\":{\"@type\":\"PropertyValueSpecification\",\"valueRequired\":true,\"valueName\":\"search_term_string\"}}],\"inLanguage\":\"es\"},{\"@type\":[\"Person\",\"Organization\"],\"@id\":\"https:\/\/www.pivelgregoriano.com\/tienda\/#\/schema\/person\/1d010b70231deefe56affbc088b309ee\",\"name\":\"PIVEL AD TIENDA\",\"image\":{\"@type\":\"ImageObject\",\"inLanguage\":\"es\",\"@id\":\"https:\/\/www.pivelgregoriano.com\/tienda\/#\/schema\/person\/image\/\",\"url\":\"https:\/\/www.pivelgregoriano.com\/tienda\/wp-content\/uploads\/2016\/12\/cropped-LOGO-Misa-Tridentina-249x300-2-2.png\",\"contentUrl\":\"https:\/\/www.pivelgregoriano.com\/tienda\/wp-content\/uploads\/2016\/12\/cropped-LOGO-Misa-Tridentina-249x300-2-2.png\",\"width\":240,\"height\":121,\"caption\":\"PIVEL AD TIENDA\"},\"logo\":{\"@id\":\"https:\/\/www.pivelgregoriano.com\/tienda\/#\/schema\/person\/image\/\"}}]}<\/script>\n<meta property=\"product:price:amount\" content=\"10000\" \/>\n<meta property=\"product:price:currency\" content=\"COP\" \/>\n<meta property=\"og:availability\" content=\"instock\" \/>\n<meta property=\"product:availability\" content=\"instock\" \/>\n<meta property=\"product:condition\" content=\"new\" \/>\n<!-- \/ Yoast SEO Premium plugin. -->","yoast_head_json":{"title":"Mar\u00eda, Rosa M\u00edstica Peregrina de los Hogares Cat\u00f3licos (Libro Electr\u00f3nico Descarga Inmediata) - TIENDA PIVEL","robots":{"index":"index","follow":"follow","max-snippet":"max-snippet:-1","max-image-preview":"max-image-preview:large","max-video-preview":"max-video-preview:-1"},"canonical":"https:\/\/www.pivelgregoriano.com\/tienda\/tienda\/maria-rosa-mistica-peregrina-de-los-hogares-catolicos\/","og_locale":"es_ES","og_type":"article","og_title":"Mar\u00eda, Rosa M\u00edstica Peregrina de los Hogares Cat\u00f3licos (Libro Electr\u00f3nico Descarga Inmediata)","og_description":"Autor: Jos\u00e9 Luis Pivel N\u00famero de p\u00e1ginas: 112 Esta es una orientaci\u00f3n para quienes sean honrados con la visita de la imagen bendita de la Rosa M\u00edstica, recomendada por san Juan Pablo II. Conozca la historia de esta devoci\u00f3n mariana, sus promesas y su medalla. Contiene oraciones para\u00a0 recibir a\u00a0la Madre de Dios en su hogar. Bajo esta advocaci\u00f3n, Dios ha obrado muchos milagros, sanando enfermedades incurables, liberando secuestrados, convirtiendo a los secuestradores, llamando j\u00f3venes a la vocaci\u00f3n sacerdotal.","og_url":"https:\/\/www.pivelgregoriano.com\/tienda\/tienda\/maria-rosa-mistica-peregrina-de-los-hogares-catolicos\/","og_site_name":"TIENDA PIVEL","article_modified_time":"2022-10-11T21:45:33+00:00","og_image":[{"width":552,"height":552,"url":"https:\/\/www.pivelgregoriano.com\/tienda\/wp-content\/uploads\/2016\/12\/Maria_Rosa_Mistica_peregrina_de_los_hogares_catolicos-CUADRO.jpg","type":"image\/jpeg"}],"twitter_card":"summary_large_image","twitter_misc":{"Precio":"&#36;10.000","Availability":"In stock"},"schema":{"@context":"https:\/\/schema.org","@graph":[{"@type":"WebPage","@id":"https:\/\/www.pivelgregoriano.com\/tienda\/tienda\/maria-rosa-mistica-peregrina-de-los-hogares-catolicos\/","url":"https:\/\/www.pivelgregoriano.com\/tienda\/tienda\/maria-rosa-mistica-peregrina-de-los-hogares-catolicos\/","name":"Mar\u00eda, Rosa M\u00edstica Peregrina de los Hogares Cat\u00f3licos (Libro Electr\u00f3nico Descarga Inmediata) - TIENDA PIVEL","isPartOf":{"@id":"https:\/\/www.pivelgregoriano.com\/tienda\/#website"},"primaryImageOfPage":{"@id":"https:\/\/www.pivelgregoriano.com\/tienda\/tienda\/maria-rosa-mistica-peregrina-de-los-hogares-catolicos\/#primaryimage"},"image":{"@id":"https:\/\/www.pivelgregoriano.com\/tienda\/tienda\/maria-rosa-mistica-peregrina-de-los-hogares-catolicos\/#primaryimage"},"thumbnailUrl":"https:\/\/www.pivelgregoriano.com\/tienda\/wp-content\/uploads\/2016\/12\/Maria_Rosa_Mistica_peregrina_de_los_hogares_catolicos-CUADRO.jpg","datePublished":"2016-12-04T15:47:04+00:00","dateModified":"2022-10-11T21:45:33+00:00","breadcrumb":{"@id":"https:\/\/www.pivelgregoriano.com\/tienda\/tienda\/maria-rosa-mistica-peregrina-de-los-hogares-catolicos\/#breadcrumb"},"inLanguage":"es","potentialAction":[{"@type":"ReadAction","target":["https:\/\/www.pivelgregoriano.com\/tienda\/tienda\/maria-rosa-mistica-peregrina-de-los-hogares-catolicos\/"]}]},{"@type":"ImageObject","inLanguage":"es","@id":"https:\/\/www.pivelgregoriano.com\/tienda\/tienda\/maria-rosa-mistica-peregrina-de-los-hogares-catolicos\/#primaryimage","url":"https:\/\/www.pivelgregoriano.com\/tienda\/wp-content\/uploads\/2016\/12\/Maria_Rosa_Mistica_peregrina_de_los_hogares_catolicos-CUADRO.jpg","contentUrl":"https:\/\/www.pivelgregoriano.com\/tienda\/wp-content\/uploads\/2016\/12\/Maria_Rosa_Mistica_peregrina_de_los_hogares_catolicos-CUADRO.jpg","width":552,"height":552},{"@type":"BreadcrumbList","@id":"https:\/\/www.pivelgregoriano.com\/tienda\/tienda\/maria-rosa-mistica-peregrina-de-los-hogares-catolicos\/#breadcrumb","itemListElement":[{"@type":"ListItem","position":1,"name":"Home","item":"https:\/\/www.pivelgregoriano.com\/tienda\/"},{"@type":"ListItem","position":2,"name":"Tienda","item":"https:\/\/www.pivelgregoriano.com\/tienda\/"},{"@type":"ListItem","position":3,"name":"Mar\u00eda, Rosa M\u00edstica Peregrina de los Hogares Cat\u00f3licos (Libro Electr\u00f3nico Descarga Inmediata)"}]},{"@type":"WebSite","@id":"https:\/\/www.pivelgregoriano.com\/tienda\/#website","url":"https:\/\/www.pivelgregoriano.com\/tienda\/","name":"Tienda Pivel Gregoriano","description":"Tienda PivelGregoriano","publisher":{"@id":"https:\/\/www.pivelgregoriano.com\/tienda\/#\/schema\/person\/1d010b70231deefe56affbc088b309ee"},"potentialAction":[{"@type":"SearchAction","target":{"@type":"EntryPoint","urlTemplate":"https:\/\/www.pivelgregoriano.com\/tienda\/?s={search_term_string}"},"query-input":{"@type":"PropertyValueSpecification","valueRequired":true,"valueName":"search_term_string"}}],"inLanguage":"es"},{"@type":["Person","Organization"],"@id":"https:\/\/www.pivelgregoriano.com\/tienda\/#\/schema\/person\/1d010b70231deefe56affbc088b309ee","name":"PIVEL AD TIENDA","image":{"@type":"ImageObject","inLanguage":"es","@id":"https:\/\/www.pivelgregoriano.com\/tienda\/#\/schema\/person\/image\/","url":"https:\/\/www.pivelgregoriano.com\/tienda\/wp-content\/uploads\/2016\/12\/cropped-LOGO-Misa-Tridentina-249x300-2-2.png","contentUrl":"https:\/\/www.pivelgregoriano.com\/tienda\/wp-content\/uploads\/2016\/12\/cropped-LOGO-Misa-Tridentina-249x300-2-2.png","width":240,"height":121,"caption":"PIVEL AD TIENDA"},"logo":{"@id":"https:\/\/www.pivelgregoriano.com\/tienda\/#\/schema\/person\/image\/"}}]},"product_price_amount":"10000","product_price_currency":"COP","og_availability":"instock","product_availability":"instock","product_condition":"new"},"_links":{"self":[{"href":"https:\/\/www.pivelgregoriano.com\/tienda\/wp-json\/wp\/v2\/product\/61","targetHints":{"allow":["GET"]}}],"collection":[{"href":"https:\/\/www.pivelgregoriano.com\/tienda\/wp-json\/wp\/v2\/product"}],"about":[{"href":"https:\/\/www.pivelgregoriano.com\/tienda\/wp-json\/wp\/v2\/types\/product"}],"replies":[{"embeddable":true,"href":"https:\/\/www.pivelgregoriano.com\/tienda\/wp-json\/wp\/v2\/comments?post=61"}],"wp:featuredmedia":[{"embeddable":true,"href":"https:\/\/www.pivelgregoriano.com\/tienda\/wp-json\/wp\/v2\/media\/146"}],"wp:attachment":[{"href":"https:\/\/www.pivelgregoriano.com\/tienda\/wp-json\/wp\/v2\/media?parent=61"}],"wp:term":[{"taxonomy":"product_brand","embeddable":true,"href":"https:\/\/www.pivelgregoriano.com\/tienda\/wp-json\/wp\/v2\/product_brand?post=61"},{"taxonomy":"product_cat","embeddable":true,"href":"https:\/\/www.pivelgregoriano.com\/tienda\/wp-json\/wp\/v2\/product_cat?post=61"},{"taxonomy":"product_tag","embeddable":true,"href":"https:\/\/www.pivelgregoriano.com\/tienda\/wp-json\/wp\/v2\/product_tag?post=61"}],"curies":[{"name":"wp","href":"https:\/\/api.w.org\/{rel}","templated":true}]}}