{"id":63,"date":"2016-12-04T16:02:19","date_gmt":"2016-12-04T16:02:19","guid":{"rendered":"http:\/\/pivelgregoriano.com\/tienda\/?post_type=product&#038;p=63"},"modified":"2022-10-11T21:45:21","modified_gmt":"2022-10-11T21:45:21","slug":"medicinas-alternativas-terapias-o-nuevas-doctrinas-espirituales","status":"publish","type":"product","link":"https:\/\/www.pivelgregoriano.com\/tienda\/tienda\/medicinas-alternativas-terapias-o-nuevas-doctrinas-espirituales\/","title":{"rendered":"Medicinas Alternativas\u2026 \u00bfTerapias o nuevas doctrinas espirituales? (Libro Electr\u00f3nico Descarga Inmediata)"},"content":{"rendered":"<p><strong>Autor: Jos\u00e9 Luis Pivel<br \/>\nN\u00famero de p\u00e1ginas: 158<br \/>\n<\/strong>Ent\u00e9rese de los peligros que esconden las medicinas alternativas que hoy est\u00e1n de moda. Estas ofrecen diagn\u00f3sticos y tratamientos espirituales de dudosa procedencia con curaciones prodigiosas. Este libro es una herramienta \u00fatil y necesaria para ayudar a discernir en momentos cr\u00edticos y as\u00ed no perder la salud del cuerpo y del alma cayendo en los enga\u00f1os del demonio tomando decisiones equivocadas.<\/p>\n","protected":false},"excerpt":{"rendered":"<p><strong>Autor: Jos\u00e9 Luis Pivel<br \/>\nN\u00famero de p\u00e1ginas: 158<br \/>\n<\/strong>Ent\u00e9rese de los peligros que esconden las medicinas alternativas que hoy est\u00e1n de moda. Estas ofrecen diagn\u00f3sticos y tratamientos espirituales de dudosa procedencia con curaciones prodigiosas. Este libro es una herramienta \u00fatil y necesaria para ayudar a discernir en momentos cr\u00edticos y as\u00ed no perder la salud del cuerpo y del alma cayendo en los enga\u00f1os del demonio tomando decisiones equivocadas.<\/p>\n","protected":false},"featured_media":148,"comment_status":"open","ping_status":"closed","template":"","meta":[],"product_brand":[],"product_cat":[7,35],"product_tag":[],"class_list":{"0":"post-63","1":"product","2":"type-product","3":"status-publish","4":"has-post-thumbnail","6":"product_cat-descarga","7":"product_cat-ebook","9":"first","10":"instock","11":"downloadable","12":"virtual","13":"sold-individually","14":"purchasable","15":"product-type-simple"},"yoast_head":"<!-- This site is optimized with the Yoast SEO Premium plugin v20.1 (Yoast SEO v26.9) - https:\/\/yoast.com\/product\/yoast-seo-premium-wordpress\/ -->\n<title>Medicinas Alternativas\u2026 \u00bfTerapias o nuevas doctrinas espirituales? (Libro Electr\u00f3nico Descarga Inmediata) - TIENDA PIVEL<\/title>\n<meta name=\"robots\" content=\"index, follow, max-snippet:-1, max-image-preview:large, max-video-preview:-1\" \/>\n<link rel=\"canonical\" href=\"https:\/\/www.pivelgregoriano.com\/tienda\/tienda\/medicinas-alternativas-terapias-o-nuevas-doctrinas-espirituales\/\" \/>\n<meta property=\"og:locale\" content=\"es_ES\" \/>\n<meta property=\"og:type\" content=\"article\" \/>\n<meta property=\"og:title\" content=\"Medicinas Alternativas\u2026 \u00bfTerapias o nuevas doctrinas espirituales? (Libro Electr\u00f3nico Descarga Inmediata)\" \/>\n<meta property=\"og:description\" content=\"Autor: Jos\u00e9 Luis Pivel N\u00famero de p\u00e1ginas: 158 Ent\u00e9rese de los peligros que esconden las medicinas alternativas que hoy est\u00e1n de moda. Estas ofrecen diagn\u00f3sticos y tratamientos espirituales de dudosa procedencia con curaciones prodigiosas. Este libro es una herramienta \u00fatil y necesaria para ayudar a discernir en momentos cr\u00edticos y as\u00ed no perder la salud del cuerpo y del alma cayendo en los enga\u00f1os del demonio tomando decisiones equivocadas.\" \/>\n<meta property=\"og:url\" content=\"https:\/\/www.pivelgregoriano.com\/tienda\/tienda\/medicinas-alternativas-terapias-o-nuevas-doctrinas-espirituales\/\" \/>\n<meta property=\"og:site_name\" content=\"TIENDA PIVEL\" \/>\n<meta property=\"article:modified_time\" content=\"2022-10-11T21:45:21+00:00\" \/>\n<meta property=\"og:image\" content=\"https:\/\/www.pivelgregoriano.com\/tienda\/wp-content\/uploads\/2016\/12\/Medicinas_Alternativas_Terapias_o_nuevas_doctrinas-espirituales.jpg\" \/>\n\t<meta property=\"og:image:width\" content=\"552\" \/>\n\t<meta property=\"og:image:height\" content=\"552\" \/>\n\t<meta property=\"og:image:type\" content=\"image\/jpeg\" \/>\n<meta name=\"twitter:card\" content=\"summary_large_image\" \/>\n<meta name=\"twitter:label1\" content=\"Precio\" \/>\n\t<meta name=\"twitter:data1\" content=\"&#036;15.000\" \/>\n\t<meta name=\"twitter:label2\" content=\"Availability\" \/>\n\t<meta name=\"twitter:data2\" content=\"In stock\" \/>\n<script type=\"application\/ld+json\" class=\"yoast-schema-graph\">{\"@context\":\"https:\/\/schema.org\",\"@graph\":[{\"@type\":\"WebPage\",\"@id\":\"https:\/\/www.pivelgregoriano.com\/tienda\/tienda\/medicinas-alternativas-terapias-o-nuevas-doctrinas-espirituales\/\",\"url\":\"https:\/\/www.pivelgregoriano.com\/tienda\/tienda\/medicinas-alternativas-terapias-o-nuevas-doctrinas-espirituales\/\",\"name\":\"Medicinas Alternativas\u2026 \u00bfTerapias o nuevas doctrinas espirituales? (Libro Electr\u00f3nico Descarga Inmediata) - TIENDA PIVEL\",\"isPartOf\":{\"@id\":\"https:\/\/www.pivelgregoriano.com\/tienda\/#website\"},\"primaryImageOfPage\":{\"@id\":\"https:\/\/www.pivelgregoriano.com\/tienda\/tienda\/medicinas-alternativas-terapias-o-nuevas-doctrinas-espirituales\/#primaryimage\"},\"image\":{\"@id\":\"https:\/\/www.pivelgregoriano.com\/tienda\/tienda\/medicinas-alternativas-terapias-o-nuevas-doctrinas-espirituales\/#primaryimage\"},\"thumbnailUrl\":\"https:\/\/www.pivelgregoriano.com\/tienda\/wp-content\/uploads\/2016\/12\/Medicinas_Alternativas_Terapias_o_nuevas_doctrinas-espirituales.jpg\",\"datePublished\":\"2016-12-04T16:02:19+00:00\",\"dateModified\":\"2022-10-11T21:45:21+00:00\",\"breadcrumb\":{\"@id\":\"https:\/\/www.pivelgregoriano.com\/tienda\/tienda\/medicinas-alternativas-terapias-o-nuevas-doctrinas-espirituales\/#breadcrumb\"},\"inLanguage\":\"es\",\"potentialAction\":[{\"@type\":\"ReadAction\",\"target\":[\"https:\/\/www.pivelgregoriano.com\/tienda\/tienda\/medicinas-alternativas-terapias-o-nuevas-doctrinas-espirituales\/\"]}]},{\"@type\":\"ImageObject\",\"inLanguage\":\"es\",\"@id\":\"https:\/\/www.pivelgregoriano.com\/tienda\/tienda\/medicinas-alternativas-terapias-o-nuevas-doctrinas-espirituales\/#primaryimage\",\"url\":\"https:\/\/www.pivelgregoriano.com\/tienda\/wp-content\/uploads\/2016\/12\/Medicinas_Alternativas_Terapias_o_nuevas_doctrinas-espirituales.jpg\",\"contentUrl\":\"https:\/\/www.pivelgregoriano.com\/tienda\/wp-content\/uploads\/2016\/12\/Medicinas_Alternativas_Terapias_o_nuevas_doctrinas-espirituales.jpg\",\"width\":552,\"height\":552},{\"@type\":\"BreadcrumbList\",\"@id\":\"https:\/\/www.pivelgregoriano.com\/tienda\/tienda\/medicinas-alternativas-terapias-o-nuevas-doctrinas-espirituales\/#breadcrumb\",\"itemListElement\":[{\"@type\":\"ListItem\",\"position\":1,\"name\":\"Home\",\"item\":\"https:\/\/www.pivelgregoriano.com\/tienda\/\"},{\"@type\":\"ListItem\",\"position\":2,\"name\":\"Tienda\",\"item\":\"https:\/\/www.pivelgregoriano.com\/tienda\/\"},{\"@type\":\"ListItem\",\"position\":3,\"name\":\"Medicinas Alternativas\u2026 \u00bfTerapias o nuevas doctrinas espirituales? (Libro Electr\u00f3nico Descarga Inmediata)\"}]},{\"@type\":\"WebSite\",\"@id\":\"https:\/\/www.pivelgregoriano.com\/tienda\/#website\",\"url\":\"https:\/\/www.pivelgregoriano.com\/tienda\/\",\"name\":\"Tienda Pivel Gregoriano\",\"description\":\"Tienda PivelGregoriano\",\"publisher\":{\"@id\":\"https:\/\/www.pivelgregoriano.com\/tienda\/#\/schema\/person\/1d010b70231deefe56affbc088b309ee\"},\"potentialAction\":[{\"@type\":\"SearchAction\",\"target\":{\"@type\":\"EntryPoint\",\"urlTemplate\":\"https:\/\/www.pivelgregoriano.com\/tienda\/?s={search_term_string}\"},\"query-input\":{\"@type\":\"PropertyValueSpecification\",\"valueRequired\":true,\"valueName\":\"search_term_string\"}}],\"inLanguage\":\"es\"},{\"@type\":[\"Person\",\"Organization\"],\"@id\":\"https:\/\/www.pivelgregoriano.com\/tienda\/#\/schema\/person\/1d010b70231deefe56affbc088b309ee\",\"name\":\"PIVEL AD TIENDA\",\"image\":{\"@type\":\"ImageObject\",\"inLanguage\":\"es\",\"@id\":\"https:\/\/www.pivelgregoriano.com\/tienda\/#\/schema\/person\/image\/\",\"url\":\"https:\/\/www.pivelgregoriano.com\/tienda\/wp-content\/uploads\/2016\/12\/cropped-LOGO-Misa-Tridentina-249x300-2-2.png\",\"contentUrl\":\"https:\/\/www.pivelgregoriano.com\/tienda\/wp-content\/uploads\/2016\/12\/cropped-LOGO-Misa-Tridentina-249x300-2-2.png\",\"width\":240,\"height\":121,\"caption\":\"PIVEL AD TIENDA\"},\"logo\":{\"@id\":\"https:\/\/www.pivelgregoriano.com\/tienda\/#\/schema\/person\/image\/\"}}]}<\/script>\n<meta property=\"product:price:amount\" content=\"15000\" \/>\n<meta property=\"product:price:currency\" content=\"COP\" \/>\n<meta property=\"og:availability\" content=\"instock\" \/>\n<meta property=\"product:availability\" content=\"instock\" \/>\n<meta property=\"product:condition\" content=\"new\" \/>\n<!-- \/ Yoast SEO Premium plugin. -->","yoast_head_json":{"title":"Medicinas Alternativas\u2026 \u00bfTerapias o nuevas doctrinas espirituales? (Libro Electr\u00f3nico Descarga Inmediata) - TIENDA PIVEL","robots":{"index":"index","follow":"follow","max-snippet":"max-snippet:-1","max-image-preview":"max-image-preview:large","max-video-preview":"max-video-preview:-1"},"canonical":"https:\/\/www.pivelgregoriano.com\/tienda\/tienda\/medicinas-alternativas-terapias-o-nuevas-doctrinas-espirituales\/","og_locale":"es_ES","og_type":"article","og_title":"Medicinas Alternativas\u2026 \u00bfTerapias o nuevas doctrinas espirituales? (Libro Electr\u00f3nico Descarga Inmediata)","og_description":"Autor: Jos\u00e9 Luis Pivel N\u00famero de p\u00e1ginas: 158 Ent\u00e9rese de los peligros que esconden las medicinas alternativas que hoy est\u00e1n de moda. Estas ofrecen diagn\u00f3sticos y tratamientos espirituales de dudosa procedencia con curaciones prodigiosas. Este libro es una herramienta \u00fatil y necesaria para ayudar a discernir en momentos cr\u00edticos y as\u00ed no perder la salud del cuerpo y del alma cayendo en los enga\u00f1os del demonio tomando decisiones equivocadas.","og_url":"https:\/\/www.pivelgregoriano.com\/tienda\/tienda\/medicinas-alternativas-terapias-o-nuevas-doctrinas-espirituales\/","og_site_name":"TIENDA PIVEL","article_modified_time":"2022-10-11T21:45:21+00:00","og_image":[{"width":552,"height":552,"url":"https:\/\/www.pivelgregoriano.com\/tienda\/wp-content\/uploads\/2016\/12\/Medicinas_Alternativas_Terapias_o_nuevas_doctrinas-espirituales.jpg","type":"image\/jpeg"}],"twitter_card":"summary_large_image","twitter_misc":{"Precio":"&#36;15.000","Availability":"In stock"},"schema":{"@context":"https:\/\/schema.org","@graph":[{"@type":"WebPage","@id":"https:\/\/www.pivelgregoriano.com\/tienda\/tienda\/medicinas-alternativas-terapias-o-nuevas-doctrinas-espirituales\/","url":"https:\/\/www.pivelgregoriano.com\/tienda\/tienda\/medicinas-alternativas-terapias-o-nuevas-doctrinas-espirituales\/","name":"Medicinas Alternativas\u2026 \u00bfTerapias o nuevas doctrinas espirituales? (Libro Electr\u00f3nico Descarga Inmediata) - TIENDA PIVEL","isPartOf":{"@id":"https:\/\/www.pivelgregoriano.com\/tienda\/#website"},"primaryImageOfPage":{"@id":"https:\/\/www.pivelgregoriano.com\/tienda\/tienda\/medicinas-alternativas-terapias-o-nuevas-doctrinas-espirituales\/#primaryimage"},"image":{"@id":"https:\/\/www.pivelgregoriano.com\/tienda\/tienda\/medicinas-alternativas-terapias-o-nuevas-doctrinas-espirituales\/#primaryimage"},"thumbnailUrl":"https:\/\/www.pivelgregoriano.com\/tienda\/wp-content\/uploads\/2016\/12\/Medicinas_Alternativas_Terapias_o_nuevas_doctrinas-espirituales.jpg","datePublished":"2016-12-04T16:02:19+00:00","dateModified":"2022-10-11T21:45:21+00:00","breadcrumb":{"@id":"https:\/\/www.pivelgregoriano.com\/tienda\/tienda\/medicinas-alternativas-terapias-o-nuevas-doctrinas-espirituales\/#breadcrumb"},"inLanguage":"es","potentialAction":[{"@type":"ReadAction","target":["https:\/\/www.pivelgregoriano.com\/tienda\/tienda\/medicinas-alternativas-terapias-o-nuevas-doctrinas-espirituales\/"]}]},{"@type":"ImageObject","inLanguage":"es","@id":"https:\/\/www.pivelgregoriano.com\/tienda\/tienda\/medicinas-alternativas-terapias-o-nuevas-doctrinas-espirituales\/#primaryimage","url":"https:\/\/www.pivelgregoriano.com\/tienda\/wp-content\/uploads\/2016\/12\/Medicinas_Alternativas_Terapias_o_nuevas_doctrinas-espirituales.jpg","contentUrl":"https:\/\/www.pivelgregoriano.com\/tienda\/wp-content\/uploads\/2016\/12\/Medicinas_Alternativas_Terapias_o_nuevas_doctrinas-espirituales.jpg","width":552,"height":552},{"@type":"BreadcrumbList","@id":"https:\/\/www.pivelgregoriano.com\/tienda\/tienda\/medicinas-alternativas-terapias-o-nuevas-doctrinas-espirituales\/#breadcrumb","itemListElement":[{"@type":"ListItem","position":1,"name":"Home","item":"https:\/\/www.pivelgregoriano.com\/tienda\/"},{"@type":"ListItem","position":2,"name":"Tienda","item":"https:\/\/www.pivelgregoriano.com\/tienda\/"},{"@type":"ListItem","position":3,"name":"Medicinas Alternativas\u2026 \u00bfTerapias o nuevas doctrinas espirituales? (Libro Electr\u00f3nico Descarga Inmediata)"}]},{"@type":"WebSite","@id":"https:\/\/www.pivelgregoriano.com\/tienda\/#website","url":"https:\/\/www.pivelgregoriano.com\/tienda\/","name":"Tienda Pivel Gregoriano","description":"Tienda PivelGregoriano","publisher":{"@id":"https:\/\/www.pivelgregoriano.com\/tienda\/#\/schema\/person\/1d010b70231deefe56affbc088b309ee"},"potentialAction":[{"@type":"SearchAction","target":{"@type":"EntryPoint","urlTemplate":"https:\/\/www.pivelgregoriano.com\/tienda\/?s={search_term_string}"},"query-input":{"@type":"PropertyValueSpecification","valueRequired":true,"valueName":"search_term_string"}}],"inLanguage":"es"},{"@type":["Person","Organization"],"@id":"https:\/\/www.pivelgregoriano.com\/tienda\/#\/schema\/person\/1d010b70231deefe56affbc088b309ee","name":"PIVEL AD TIENDA","image":{"@type":"ImageObject","inLanguage":"es","@id":"https:\/\/www.pivelgregoriano.com\/tienda\/#\/schema\/person\/image\/","url":"https:\/\/www.pivelgregoriano.com\/tienda\/wp-content\/uploads\/2016\/12\/cropped-LOGO-Misa-Tridentina-249x300-2-2.png","contentUrl":"https:\/\/www.pivelgregoriano.com\/tienda\/wp-content\/uploads\/2016\/12\/cropped-LOGO-Misa-Tridentina-249x300-2-2.png","width":240,"height":121,"caption":"PIVEL AD TIENDA"},"logo":{"@id":"https:\/\/www.pivelgregoriano.com\/tienda\/#\/schema\/person\/image\/"}}]},"product_price_amount":"15000","product_price_currency":"COP","og_availability":"instock","product_availability":"instock","product_condition":"new"},"_links":{"self":[{"href":"https:\/\/www.pivelgregoriano.com\/tienda\/wp-json\/wp\/v2\/product\/63","targetHints":{"allow":["GET"]}}],"collection":[{"href":"https:\/\/www.pivelgregoriano.com\/tienda\/wp-json\/wp\/v2\/product"}],"about":[{"href":"https:\/\/www.pivelgregoriano.com\/tienda\/wp-json\/wp\/v2\/types\/product"}],"replies":[{"embeddable":true,"href":"https:\/\/www.pivelgregoriano.com\/tienda\/wp-json\/wp\/v2\/comments?post=63"}],"wp:featuredmedia":[{"embeddable":true,"href":"https:\/\/www.pivelgregoriano.com\/tienda\/wp-json\/wp\/v2\/media\/148"}],"wp:attachment":[{"href":"https:\/\/www.pivelgregoriano.com\/tienda\/wp-json\/wp\/v2\/media?parent=63"}],"wp:term":[{"taxonomy":"product_brand","embeddable":true,"href":"https:\/\/www.pivelgregoriano.com\/tienda\/wp-json\/wp\/v2\/product_brand?post=63"},{"taxonomy":"product_cat","embeddable":true,"href":"https:\/\/www.pivelgregoriano.com\/tienda\/wp-json\/wp\/v2\/product_cat?post=63"},{"taxonomy":"product_tag","embeddable":true,"href":"https:\/\/www.pivelgregoriano.com\/tienda\/wp-json\/wp\/v2\/product_tag?post=63"}],"curies":[{"name":"wp","href":"https:\/\/api.w.org\/{rel}","templated":true}]}}