{"id":67,"date":"2016-12-04T16:23:02","date_gmt":"2016-12-04T16:23:02","guid":{"rendered":"http:\/\/pivelgregoriano.com\/tienda\/?post_type=product&#038;p=67"},"modified":"2024-10-31T17:23:24","modified_gmt":"2024-10-31T17:23:24","slug":"misas-gregorianas-para-sacar-almas-del-purgatorio","status":"publish","type":"product","link":"https:\/\/www.pivelgregoriano.com\/tienda\/tienda\/misas-gregorianas-para-sacar-almas-del-purgatorio\/","title":{"rendered":"Misas Gregorianas para sacar almas del Purgatorio (Libro Electr\u00f3nico Descarga Inmediata)"},"content":{"rendered":"<p><strong>Autor: Jos\u00e9 Luis Pivel<br \/>\nN\u00famero de p\u00e1ginas: 62<\/strong><br \/>\nEl Catecismo cat\u00f3lico ense\u00f1a que: \u00abDespu\u00e9s de la muerte el Alma tiene una purificaci\u00f3n en el Purgatorio para poder ir al Cielo\u00bb (No. 1030). La Iglesia, a trav\u00e9s\u00a0 de la misa Gregoriana, ayuda a nuestros familiares para que sean liberados del purgatorio. Las misas gregorianas las instituy\u00f3 san Gregorio Magno en el siglo VII, cuando ofreci\u00f3 30 misas seguidas (una misa diaria) por el Alma de \u00a0un difunto, quien luego se le apareci\u00f3 en sue\u00f1os agradeci\u00e9ndole por esta obra de caridad.<\/p>\n","protected":false},"excerpt":{"rendered":"<p><strong>Autor: Jos\u00e9 Luis Pivel<br \/>\nN\u00famero de p\u00e1ginas: 62<\/strong><br \/>\nEl Catecismo cat\u00f3lico ense\u00f1a que: \u00abDespu\u00e9s de la muerte el Alma tiene una purificaci\u00f3n en el Purgatorio para poder ir al Cielo\u00bb (No. 1030). La Iglesia, a trav\u00e9s\u00a0 de la misa Gregoriana, ayuda a nuestros familiares para que sean liberados del purgatorio. Las misas gregorianas las instituy\u00f3 san Gregorio Magno en el siglo VII, cuando ofreci\u00f3 30 misas seguidas (una misa diaria) por el Alma de \u00a0un difunto, quien luego se le apareci\u00f3 en sue\u00f1os agradeci\u00e9ndole por esta obra de caridad.<\/p>\n","protected":false},"featured_media":1060,"comment_status":"open","ping_status":"closed","template":"","meta":[],"product_brand":[],"product_cat":[7,35],"product_tag":[],"class_list":{"0":"post-67","1":"product","2":"type-product","3":"status-publish","4":"has-post-thumbnail","6":"product_cat-descarga","7":"product_cat-ebook","9":"first","10":"instock","11":"downloadable","12":"virtual","13":"sold-individually","14":"purchasable","15":"product-type-simple"},"yoast_head":"<!-- This site is optimized with the Yoast SEO Premium plugin v20.1 (Yoast SEO v26.9) - https:\/\/yoast.com\/product\/yoast-seo-premium-wordpress\/ -->\n<title>Misas Gregorianas para sacar almas del Purgatorio (Libro Electr\u00f3nico Descarga Inmediata) - TIENDA PIVEL<\/title>\n<meta name=\"robots\" content=\"index, follow, max-snippet:-1, max-image-preview:large, max-video-preview:-1\" \/>\n<link rel=\"canonical\" href=\"https:\/\/www.pivelgregoriano.com\/tienda\/tienda\/misas-gregorianas-para-sacar-almas-del-purgatorio\/\" \/>\n<meta property=\"og:locale\" content=\"es_ES\" \/>\n<meta property=\"og:type\" content=\"article\" \/>\n<meta property=\"og:title\" content=\"Misas Gregorianas para sacar almas del Purgatorio (Libro Electr\u00f3nico Descarga Inmediata)\" \/>\n<meta property=\"og:description\" content=\"El Catecismo cat\u00f3lico ense\u00f1a que: \u00abDespu\u00e9s de la muerte el Alma tiene una purificaci\u00f3n en el Purgatorio para poder ir al Cielo\u00bb (No. 1030). La Iglesia, a trav\u00e9s de la misa Gregoriana, ayuda a nuestros familiares para que sean liberados del purgatorio\" \/>\n<meta property=\"og:url\" content=\"https:\/\/www.pivelgregoriano.com\/tienda\/tienda\/misas-gregorianas-para-sacar-almas-del-purgatorio\/\" \/>\n<meta property=\"og:site_name\" content=\"TIENDA PIVEL\" \/>\n<meta property=\"article:modified_time\" content=\"2024-10-31T17:23:24+00:00\" \/>\n<meta property=\"og:image\" content=\"https:\/\/www.pivelgregoriano.com\/tienda\/wp-content\/uploads\/2016\/12\/Misas-Gregorianas-para-sacar-almas-del-Purgatorio-TIENDA.jpg\" \/>\n\t<meta property=\"og:image:width\" content=\"600\" \/>\n\t<meta property=\"og:image:height\" content=\"600\" \/>\n\t<meta property=\"og:image:type\" content=\"image\/jpeg\" \/>\n<meta name=\"twitter:card\" content=\"summary_large_image\" \/>\n<meta name=\"twitter:label1\" content=\"Precio\" \/>\n\t<meta name=\"twitter:data1\" content=\"&#036;25.000\" \/>\n\t<meta name=\"twitter:label2\" content=\"Availability\" \/>\n\t<meta name=\"twitter:data2\" content=\"In stock\" \/>\n<script type=\"application\/ld+json\" class=\"yoast-schema-graph\">{\"@context\":\"https:\/\/schema.org\",\"@graph\":[{\"@type\":\"WebPage\",\"@id\":\"https:\/\/www.pivelgregoriano.com\/tienda\/tienda\/misas-gregorianas-para-sacar-almas-del-purgatorio\/\",\"url\":\"https:\/\/www.pivelgregoriano.com\/tienda\/tienda\/misas-gregorianas-para-sacar-almas-del-purgatorio\/\",\"name\":\"Misas Gregorianas para sacar almas del Purgatorio (Libro Electr\u00f3nico Descarga Inmediata) - TIENDA PIVEL\",\"isPartOf\":{\"@id\":\"https:\/\/www.pivelgregoriano.com\/tienda\/#website\"},\"primaryImageOfPage\":{\"@id\":\"https:\/\/www.pivelgregoriano.com\/tienda\/tienda\/misas-gregorianas-para-sacar-almas-del-purgatorio\/#primaryimage\"},\"image\":{\"@id\":\"https:\/\/www.pivelgregoriano.com\/tienda\/tienda\/misas-gregorianas-para-sacar-almas-del-purgatorio\/#primaryimage\"},\"thumbnailUrl\":\"https:\/\/www.pivelgregoriano.com\/tienda\/wp-content\/uploads\/2016\/12\/Misas-Gregorianas-para-sacar-almas-del-Purgatorio-TIENDA.jpg\",\"datePublished\":\"2016-12-04T16:23:02+00:00\",\"dateModified\":\"2024-10-31T17:23:24+00:00\",\"breadcrumb\":{\"@id\":\"https:\/\/www.pivelgregoriano.com\/tienda\/tienda\/misas-gregorianas-para-sacar-almas-del-purgatorio\/#breadcrumb\"},\"inLanguage\":\"es\",\"potentialAction\":[{\"@type\":\"ReadAction\",\"target\":[\"https:\/\/www.pivelgregoriano.com\/tienda\/tienda\/misas-gregorianas-para-sacar-almas-del-purgatorio\/\"]}]},{\"@type\":\"ImageObject\",\"inLanguage\":\"es\",\"@id\":\"https:\/\/www.pivelgregoriano.com\/tienda\/tienda\/misas-gregorianas-para-sacar-almas-del-purgatorio\/#primaryimage\",\"url\":\"https:\/\/www.pivelgregoriano.com\/tienda\/wp-content\/uploads\/2016\/12\/Misas-Gregorianas-para-sacar-almas-del-Purgatorio-TIENDA.jpg\",\"contentUrl\":\"https:\/\/www.pivelgregoriano.com\/tienda\/wp-content\/uploads\/2016\/12\/Misas-Gregorianas-para-sacar-almas-del-Purgatorio-TIENDA.jpg\",\"width\":600,\"height\":600},{\"@type\":\"BreadcrumbList\",\"@id\":\"https:\/\/www.pivelgregoriano.com\/tienda\/tienda\/misas-gregorianas-para-sacar-almas-del-purgatorio\/#breadcrumb\",\"itemListElement\":[{\"@type\":\"ListItem\",\"position\":1,\"name\":\"Home\",\"item\":\"https:\/\/www.pivelgregoriano.com\/tienda\/\"},{\"@type\":\"ListItem\",\"position\":2,\"name\":\"Tienda\",\"item\":\"https:\/\/www.pivelgregoriano.com\/tienda\/\"},{\"@type\":\"ListItem\",\"position\":3,\"name\":\"Misas Gregorianas para sacar almas del Purgatorio (Libro Electr\u00f3nico Descarga Inmediata)\"}]},{\"@type\":\"WebSite\",\"@id\":\"https:\/\/www.pivelgregoriano.com\/tienda\/#website\",\"url\":\"https:\/\/www.pivelgregoriano.com\/tienda\/\",\"name\":\"Tienda Pivel Gregoriano\",\"description\":\"Tienda PivelGregoriano\",\"publisher\":{\"@id\":\"https:\/\/www.pivelgregoriano.com\/tienda\/#\/schema\/person\/1d010b70231deefe56affbc088b309ee\"},\"potentialAction\":[{\"@type\":\"SearchAction\",\"target\":{\"@type\":\"EntryPoint\",\"urlTemplate\":\"https:\/\/www.pivelgregoriano.com\/tienda\/?s={search_term_string}\"},\"query-input\":{\"@type\":\"PropertyValueSpecification\",\"valueRequired\":true,\"valueName\":\"search_term_string\"}}],\"inLanguage\":\"es\"},{\"@type\":[\"Person\",\"Organization\"],\"@id\":\"https:\/\/www.pivelgregoriano.com\/tienda\/#\/schema\/person\/1d010b70231deefe56affbc088b309ee\",\"name\":\"PIVEL AD TIENDA\",\"image\":{\"@type\":\"ImageObject\",\"inLanguage\":\"es\",\"@id\":\"https:\/\/www.pivelgregoriano.com\/tienda\/#\/schema\/person\/image\/\",\"url\":\"https:\/\/www.pivelgregoriano.com\/tienda\/wp-content\/uploads\/2016\/12\/cropped-LOGO-Misa-Tridentina-249x300-2-2.png\",\"contentUrl\":\"https:\/\/www.pivelgregoriano.com\/tienda\/wp-content\/uploads\/2016\/12\/cropped-LOGO-Misa-Tridentina-249x300-2-2.png\",\"width\":240,\"height\":121,\"caption\":\"PIVEL AD TIENDA\"},\"logo\":{\"@id\":\"https:\/\/www.pivelgregoriano.com\/tienda\/#\/schema\/person\/image\/\"}}]}<\/script>\n<meta property=\"product:price:amount\" content=\"25000\" \/>\n<meta property=\"product:price:currency\" content=\"COP\" \/>\n<meta property=\"og:availability\" content=\"instock\" \/>\n<meta property=\"product:availability\" content=\"instock\" \/>\n<meta property=\"product:condition\" content=\"new\" \/>\n<!-- \/ Yoast SEO Premium plugin. -->","yoast_head_json":{"title":"Misas Gregorianas para sacar almas del Purgatorio (Libro Electr\u00f3nico Descarga Inmediata) - TIENDA PIVEL","robots":{"index":"index","follow":"follow","max-snippet":"max-snippet:-1","max-image-preview":"max-image-preview:large","max-video-preview":"max-video-preview:-1"},"canonical":"https:\/\/www.pivelgregoriano.com\/tienda\/tienda\/misas-gregorianas-para-sacar-almas-del-purgatorio\/","og_locale":"es_ES","og_type":"article","og_title":"Misas Gregorianas para sacar almas del Purgatorio (Libro Electr\u00f3nico Descarga Inmediata)","og_description":"El Catecismo cat\u00f3lico ense\u00f1a que: \u00abDespu\u00e9s de la muerte el Alma tiene una purificaci\u00f3n en el Purgatorio para poder ir al Cielo\u00bb (No. 1030). La Iglesia, a trav\u00e9s de la misa Gregoriana, ayuda a nuestros familiares para que sean liberados del purgatorio","og_url":"https:\/\/www.pivelgregoriano.com\/tienda\/tienda\/misas-gregorianas-para-sacar-almas-del-purgatorio\/","og_site_name":"TIENDA PIVEL","article_modified_time":"2024-10-31T17:23:24+00:00","og_image":[{"width":600,"height":600,"url":"https:\/\/www.pivelgregoriano.com\/tienda\/wp-content\/uploads\/2016\/12\/Misas-Gregorianas-para-sacar-almas-del-Purgatorio-TIENDA.jpg","type":"image\/jpeg"}],"twitter_card":"summary_large_image","twitter_misc":{"Precio":"&#36;25.000","Availability":"In stock"},"schema":{"@context":"https:\/\/schema.org","@graph":[{"@type":"WebPage","@id":"https:\/\/www.pivelgregoriano.com\/tienda\/tienda\/misas-gregorianas-para-sacar-almas-del-purgatorio\/","url":"https:\/\/www.pivelgregoriano.com\/tienda\/tienda\/misas-gregorianas-para-sacar-almas-del-purgatorio\/","name":"Misas Gregorianas para sacar almas del Purgatorio (Libro Electr\u00f3nico Descarga Inmediata) - TIENDA PIVEL","isPartOf":{"@id":"https:\/\/www.pivelgregoriano.com\/tienda\/#website"},"primaryImageOfPage":{"@id":"https:\/\/www.pivelgregoriano.com\/tienda\/tienda\/misas-gregorianas-para-sacar-almas-del-purgatorio\/#primaryimage"},"image":{"@id":"https:\/\/www.pivelgregoriano.com\/tienda\/tienda\/misas-gregorianas-para-sacar-almas-del-purgatorio\/#primaryimage"},"thumbnailUrl":"https:\/\/www.pivelgregoriano.com\/tienda\/wp-content\/uploads\/2016\/12\/Misas-Gregorianas-para-sacar-almas-del-Purgatorio-TIENDA.jpg","datePublished":"2016-12-04T16:23:02+00:00","dateModified":"2024-10-31T17:23:24+00:00","breadcrumb":{"@id":"https:\/\/www.pivelgregoriano.com\/tienda\/tienda\/misas-gregorianas-para-sacar-almas-del-purgatorio\/#breadcrumb"},"inLanguage":"es","potentialAction":[{"@type":"ReadAction","target":["https:\/\/www.pivelgregoriano.com\/tienda\/tienda\/misas-gregorianas-para-sacar-almas-del-purgatorio\/"]}]},{"@type":"ImageObject","inLanguage":"es","@id":"https:\/\/www.pivelgregoriano.com\/tienda\/tienda\/misas-gregorianas-para-sacar-almas-del-purgatorio\/#primaryimage","url":"https:\/\/www.pivelgregoriano.com\/tienda\/wp-content\/uploads\/2016\/12\/Misas-Gregorianas-para-sacar-almas-del-Purgatorio-TIENDA.jpg","contentUrl":"https:\/\/www.pivelgregoriano.com\/tienda\/wp-content\/uploads\/2016\/12\/Misas-Gregorianas-para-sacar-almas-del-Purgatorio-TIENDA.jpg","width":600,"height":600},{"@type":"BreadcrumbList","@id":"https:\/\/www.pivelgregoriano.com\/tienda\/tienda\/misas-gregorianas-para-sacar-almas-del-purgatorio\/#breadcrumb","itemListElement":[{"@type":"ListItem","position":1,"name":"Home","item":"https:\/\/www.pivelgregoriano.com\/tienda\/"},{"@type":"ListItem","position":2,"name":"Tienda","item":"https:\/\/www.pivelgregoriano.com\/tienda\/"},{"@type":"ListItem","position":3,"name":"Misas Gregorianas para sacar almas del Purgatorio (Libro Electr\u00f3nico Descarga Inmediata)"}]},{"@type":"WebSite","@id":"https:\/\/www.pivelgregoriano.com\/tienda\/#website","url":"https:\/\/www.pivelgregoriano.com\/tienda\/","name":"Tienda Pivel Gregoriano","description":"Tienda PivelGregoriano","publisher":{"@id":"https:\/\/www.pivelgregoriano.com\/tienda\/#\/schema\/person\/1d010b70231deefe56affbc088b309ee"},"potentialAction":[{"@type":"SearchAction","target":{"@type":"EntryPoint","urlTemplate":"https:\/\/www.pivelgregoriano.com\/tienda\/?s={search_term_string}"},"query-input":{"@type":"PropertyValueSpecification","valueRequired":true,"valueName":"search_term_string"}}],"inLanguage":"es"},{"@type":["Person","Organization"],"@id":"https:\/\/www.pivelgregoriano.com\/tienda\/#\/schema\/person\/1d010b70231deefe56affbc088b309ee","name":"PIVEL AD TIENDA","image":{"@type":"ImageObject","inLanguage":"es","@id":"https:\/\/www.pivelgregoriano.com\/tienda\/#\/schema\/person\/image\/","url":"https:\/\/www.pivelgregoriano.com\/tienda\/wp-content\/uploads\/2016\/12\/cropped-LOGO-Misa-Tridentina-249x300-2-2.png","contentUrl":"https:\/\/www.pivelgregoriano.com\/tienda\/wp-content\/uploads\/2016\/12\/cropped-LOGO-Misa-Tridentina-249x300-2-2.png","width":240,"height":121,"caption":"PIVEL AD TIENDA"},"logo":{"@id":"https:\/\/www.pivelgregoriano.com\/tienda\/#\/schema\/person\/image\/"}}]},"product_price_amount":"25000","product_price_currency":"COP","og_availability":"instock","product_availability":"instock","product_condition":"new"},"_links":{"self":[{"href":"https:\/\/www.pivelgregoriano.com\/tienda\/wp-json\/wp\/v2\/product\/67","targetHints":{"allow":["GET"]}}],"collection":[{"href":"https:\/\/www.pivelgregoriano.com\/tienda\/wp-json\/wp\/v2\/product"}],"about":[{"href":"https:\/\/www.pivelgregoriano.com\/tienda\/wp-json\/wp\/v2\/types\/product"}],"replies":[{"embeddable":true,"href":"https:\/\/www.pivelgregoriano.com\/tienda\/wp-json\/wp\/v2\/comments?post=67"}],"wp:featuredmedia":[{"embeddable":true,"href":"https:\/\/www.pivelgregoriano.com\/tienda\/wp-json\/wp\/v2\/media\/1060"}],"wp:attachment":[{"href":"https:\/\/www.pivelgregoriano.com\/tienda\/wp-json\/wp\/v2\/media?parent=67"}],"wp:term":[{"taxonomy":"product_brand","embeddable":true,"href":"https:\/\/www.pivelgregoriano.com\/tienda\/wp-json\/wp\/v2\/product_brand?post=67"},{"taxonomy":"product_cat","embeddable":true,"href":"https:\/\/www.pivelgregoriano.com\/tienda\/wp-json\/wp\/v2\/product_cat?post=67"},{"taxonomy":"product_tag","embeddable":true,"href":"https:\/\/www.pivelgregoriano.com\/tienda\/wp-json\/wp\/v2\/product_tag?post=67"}],"curies":[{"name":"wp","href":"https:\/\/api.w.org\/{rel}","templated":true}]}}