{"id":683,"date":"2021-04-07T21:08:12","date_gmt":"2021-04-07T21:08:12","guid":{"rendered":"https:\/\/pivelgregoriano.com\/tienda\/?post_type=product&#038;p=683"},"modified":"2024-06-27T21:28:29","modified_gmt":"2024-06-27T21:28:29","slug":"historia-de-las-herejias-2021-libro-electronico-descarga-inmediata","status":"publish","type":"product","link":"https:\/\/www.pivelgregoriano.com\/tienda\/tienda\/historia-de-las-herejias-2021-libro-electronico-descarga-inmediata\/","title":{"rendered":"Historia de las Herej\u00edas 2021 (Libro Electr\u00f3nico Descarga Inmediata)"},"content":{"rendered":"<p>T\u00edtulo: <strong>Historia de las herej\u00edas y las herej\u00edas en la historia<\/strong><br \/>\nAutor: Jos\u00e9 Luis Pivel<br \/>\nN\u00famero de p\u00e1ginas: 332<br \/>\nEste resumen de las herej\u00edas agrupa los principales errores en materia de la fe que, a lo largo de la historia de la Iglesia, han intentado socavar la doctrina, la moral, el culto y la sucesi\u00f3n apost\u00f3lica heredada de nuestro Se\u00f1or Jesucristo, el \u00fanico fundador de religiones que ha resucitado y sigue vivo.<\/p>\n<p>Tres son las principales fracturas que han lesionado al cuerpo m\u00edstico de Cristo:<br \/>\n1- La herej\u00eda, que ataca el dep\u00f3sito de la fe expresada en el credo.<br \/>\n2- La apostas\u00eda, que hace abandonar la fe cat\u00f3lica al cambiar de religi\u00f3n.<br \/>\n3- El cisma, que rompe la unidad jer\u00e1rquica al no obedecer al papa, vicario de Cristo en la Tierra.<\/p>\n<p>Adem\u00e1s del gnosticismo , el arrianismo, el protestantismo y el modernismo, existen otras herej\u00edas que tambi\u00e9n atacan y cuestionan la divinidad de Jesucristo, de las cuales el lector encontrar\u00e1 informaci\u00f3n en el presente libro, y que es necesario conocer para que se pueda identificar el error en materia de fe y no dejarse confundir en estos tiempos de caos y crisis espiritual.<br \/>\nLos herejes siempre han sido los mismos: rebeldes, orgullosos e inventores de falsas doctrinas. Las herej\u00edas han dejado huellas imborrables en la sociedad y en la Iglesia en su af\u00e1n por perseguir a los fieles cat\u00f3licos. Sin embargo, la Iglesia, guiada por el Esp\u00edritu Santo, contin\u00faa custodiando el dep\u00f3sito de la fe hasta el final de los tiempos, porque \u00ablas puertas del infierno no prevalecer\u00e1n contra ella\u00bb (Mateo 16, 18).<\/p>\n","protected":false},"excerpt":{"rendered":"<p>T\u00edtulo: <strong>Historia de las herej\u00edas y las herej\u00edas en la historia<\/strong><br \/>\nAutor: Jos\u00e9 Luis Pivel<br \/>\nN\u00famero de p\u00e1ginas: 332<br \/>\nEste resumen de las herej\u00edas agrupa los principales errores en materia de la fe que, a lo largo de la historia de la Iglesia, han intentado socavar la doctrina, la moral, el culto y la sucesi\u00f3n apost\u00f3lica heredada de nuestro Se\u00f1or Jesucristo, el \u00fanico fundador de religiones que ha resucitado y sigue vivo.<\/p>\n<p>Tres son las principales fracturas que han lesionado al cuerpo m\u00edstico de Cristo:<br \/>\n1- La herej\u00eda, que ataca el dep\u00f3sito de la fe expresada en el credo.<br \/>\n2- La apostas\u00eda, que hace abandonar la fe cat\u00f3lica al cambiar de religi\u00f3n.<br \/>\n3- El cisma, que rompe la unidad jer\u00e1rquica al no obedecer al papa, vicario de Cristo en la Tierra.<\/p>\n<p>Adem\u00e1s del gnosticismo , el arrianismo, el protestantismo y el modernismo, existen otras herej\u00edas que tambi\u00e9n atacan y cuestionan la divinidad de Jesucristo, de las cuales el lector encontrar\u00e1 informaci\u00f3n en el presente libro, y que es necesario conocer para que se pueda identificar el error en materia de fe y no dejarse confundir en estos tiempos de caos y crisis espiritual.<br \/>\nLos herejes siempre han sido los mismos: rebeldes, orgullosos e inventores de falsas doctrinas. Las herej\u00edas han dejado huellas imborrables en la sociedad y en la Iglesia en su af\u00e1n por perseguir a los fieles cat\u00f3licos. Sin embargo, la Iglesia, guiada por el Esp\u00edritu Santo, contin\u00faa custodiando el dep\u00f3sito de la fe hasta el final de los tiempos, porque \u00ablas puertas del infierno no prevalecer\u00e1n contra ella\u00bb (Mateo 16, 18).<\/p>\n","protected":false},"featured_media":847,"comment_status":"open","ping_status":"closed","template":"","meta":[],"product_brand":[],"product_cat":[7,35],"product_tag":[],"class_list":{"0":"post-683","1":"product","2":"type-product","3":"status-publish","4":"has-post-thumbnail","6":"product_cat-descarga","7":"product_cat-ebook","9":"first","10":"instock","11":"downloadable","12":"virtual","13":"sold-individually","14":"purchasable","15":"product-type-simple"},"yoast_head":"<!-- This site is optimized with the Yoast SEO Premium plugin v20.1 (Yoast SEO v26.9) - https:\/\/yoast.com\/product\/yoast-seo-premium-wordpress\/ -->\n<title>Historia de las Herej\u00edas 2021 (Libro Electr\u00f3nico Descarga Inmediata) - TIENDA PIVEL<\/title>\n<meta name=\"robots\" content=\"index, follow, max-snippet:-1, max-image-preview:large, max-video-preview:-1\" \/>\n<link rel=\"canonical\" href=\"https:\/\/www.pivelgregoriano.com\/tienda\/tienda\/historia-de-las-herejias-2021-libro-electronico-descarga-inmediata\/\" \/>\n<meta property=\"og:locale\" content=\"es_ES\" \/>\n<meta property=\"og:type\" content=\"article\" \/>\n<meta property=\"og:title\" content=\"Historia de las Herej\u00edas 2021 (Libro Electr\u00f3nico Descarga Inmediata)\" \/>\n<meta property=\"og:description\" content=\"T\u00edtulo: Historia de las herej\u00edas y las herej\u00edas en la historia Autor: Jos\u00e9 Luis Pivel N\u00famero de p\u00e1ginas: 332 Este resumen de las herej\u00edas agrupa los principales errores en materia de la fe que, a lo largo de la historia de la Iglesia, han intentado socavar la doctrina, la moral, el culto y la sucesi\u00f3n apost\u00f3lica heredada de nuestro Se\u00f1or Jesucristo, el \u00fanico fundador de religiones que ha resucitado y sigue vivo.  Tres son las principales fracturas que han lesionado al cuerpo m\u00edstico de Cristo: 1- La herej\u00eda, que ataca el dep\u00f3sito de la fe expresada en el credo. 2- La apostas\u00eda, que hace abandonar la fe cat\u00f3lica al cambiar de religi\u00f3n. 3- El cisma, que rompe la unidad jer\u00e1rquica al no obedecer al papa, vicario de Cristo en la Tierra.  Adem\u00e1s del gnosticismo , el arrianismo, el protestantismo y el modernismo, existen otras herej\u00edas que tambi\u00e9n atacan y cuestionan la divinidad de Jesucristo, de las cuales el lector encontrar\u00e1 informaci\u00f3n en el presente libro, y que es necesario conocer para que se pueda identificar el error en materia de fe y no dejarse confundir en estos tiempos de caos y crisis espiritual. Los herejes siempre han sido los mismos: rebeldes, orgullosos e inventores de falsas doctrinas. Las herej\u00edas han dejado huellas imborrables en la sociedad y en la Iglesia en su af\u00e1n por perseguir a los fieles cat\u00f3licos. Sin embargo, la Iglesia, guiada por el Esp\u00edritu Santo, contin\u00faa custodiando el dep\u00f3sito de la fe hasta el final de los tiempos, porque \u00ablas puertas del infierno no prevalecer\u00e1n contra ella\u00bb (Mateo 16, 18).\" \/>\n<meta property=\"og:url\" content=\"https:\/\/www.pivelgregoriano.com\/tienda\/tienda\/historia-de-las-herejias-2021-libro-electronico-descarga-inmediata\/\" \/>\n<meta property=\"og:site_name\" content=\"TIENDA PIVEL\" \/>\n<meta property=\"article:modified_time\" content=\"2024-06-27T21:28:29+00:00\" \/>\n<meta property=\"og:image\" content=\"https:\/\/www.pivelgregoriano.com\/tienda\/wp-content\/uploads\/2021\/04\/Historia-de-las-Herejias-2021-3d-TIENDA.jpg\" \/>\n\t<meta property=\"og:image:width\" content=\"800\" \/>\n\t<meta property=\"og:image:height\" content=\"800\" \/>\n\t<meta property=\"og:image:type\" content=\"image\/jpeg\" \/>\n<meta name=\"twitter:card\" content=\"summary_large_image\" \/>\n<meta name=\"twitter:label1\" content=\"Precio\" \/>\n\t<meta name=\"twitter:data1\" content=\"&#036;25.000\" \/>\n\t<meta name=\"twitter:label2\" content=\"Availability\" \/>\n\t<meta name=\"twitter:data2\" content=\"In stock\" \/>\n<script type=\"application\/ld+json\" class=\"yoast-schema-graph\">{\"@context\":\"https:\/\/schema.org\",\"@graph\":[{\"@type\":\"WebPage\",\"@id\":\"https:\/\/www.pivelgregoriano.com\/tienda\/tienda\/historia-de-las-herejias-2021-libro-electronico-descarga-inmediata\/\",\"url\":\"https:\/\/www.pivelgregoriano.com\/tienda\/tienda\/historia-de-las-herejias-2021-libro-electronico-descarga-inmediata\/\",\"name\":\"Historia de las Herej\u00edas 2021 (Libro Electr\u00f3nico Descarga Inmediata) - TIENDA PIVEL\",\"isPartOf\":{\"@id\":\"https:\/\/www.pivelgregoriano.com\/tienda\/#website\"},\"primaryImageOfPage\":{\"@id\":\"https:\/\/www.pivelgregoriano.com\/tienda\/tienda\/historia-de-las-herejias-2021-libro-electronico-descarga-inmediata\/#primaryimage\"},\"image\":{\"@id\":\"https:\/\/www.pivelgregoriano.com\/tienda\/tienda\/historia-de-las-herejias-2021-libro-electronico-descarga-inmediata\/#primaryimage\"},\"thumbnailUrl\":\"https:\/\/www.pivelgregoriano.com\/tienda\/wp-content\/uploads\/2021\/04\/Historia-de-las-Herejias-2021-3d-TIENDA.jpg\",\"datePublished\":\"2021-04-07T21:08:12+00:00\",\"dateModified\":\"2024-06-27T21:28:29+00:00\",\"breadcrumb\":{\"@id\":\"https:\/\/www.pivelgregoriano.com\/tienda\/tienda\/historia-de-las-herejias-2021-libro-electronico-descarga-inmediata\/#breadcrumb\"},\"inLanguage\":\"es\",\"potentialAction\":[{\"@type\":\"ReadAction\",\"target\":[\"https:\/\/www.pivelgregoriano.com\/tienda\/tienda\/historia-de-las-herejias-2021-libro-electronico-descarga-inmediata\/\"]}]},{\"@type\":\"ImageObject\",\"inLanguage\":\"es\",\"@id\":\"https:\/\/www.pivelgregoriano.com\/tienda\/tienda\/historia-de-las-herejias-2021-libro-electronico-descarga-inmediata\/#primaryimage\",\"url\":\"https:\/\/www.pivelgregoriano.com\/tienda\/wp-content\/uploads\/2021\/04\/Historia-de-las-Herejias-2021-3d-TIENDA.jpg\",\"contentUrl\":\"https:\/\/www.pivelgregoriano.com\/tienda\/wp-content\/uploads\/2021\/04\/Historia-de-las-Herejias-2021-3d-TIENDA.jpg\",\"width\":800,\"height\":800},{\"@type\":\"BreadcrumbList\",\"@id\":\"https:\/\/www.pivelgregoriano.com\/tienda\/tienda\/historia-de-las-herejias-2021-libro-electronico-descarga-inmediata\/#breadcrumb\",\"itemListElement\":[{\"@type\":\"ListItem\",\"position\":1,\"name\":\"Home\",\"item\":\"https:\/\/www.pivelgregoriano.com\/tienda\/\"},{\"@type\":\"ListItem\",\"position\":2,\"name\":\"Tienda\",\"item\":\"https:\/\/www.pivelgregoriano.com\/tienda\/\"},{\"@type\":\"ListItem\",\"position\":3,\"name\":\"Historia de las Herej\u00edas 2021 (Libro Electr\u00f3nico Descarga Inmediata)\"}]},{\"@type\":\"WebSite\",\"@id\":\"https:\/\/www.pivelgregoriano.com\/tienda\/#website\",\"url\":\"https:\/\/www.pivelgregoriano.com\/tienda\/\",\"name\":\"Tienda Pivel Gregoriano\",\"description\":\"Tienda PivelGregoriano\",\"publisher\":{\"@id\":\"https:\/\/www.pivelgregoriano.com\/tienda\/#\/schema\/person\/1d010b70231deefe56affbc088b309ee\"},\"potentialAction\":[{\"@type\":\"SearchAction\",\"target\":{\"@type\":\"EntryPoint\",\"urlTemplate\":\"https:\/\/www.pivelgregoriano.com\/tienda\/?s={search_term_string}\"},\"query-input\":{\"@type\":\"PropertyValueSpecification\",\"valueRequired\":true,\"valueName\":\"search_term_string\"}}],\"inLanguage\":\"es\"},{\"@type\":[\"Person\",\"Organization\"],\"@id\":\"https:\/\/www.pivelgregoriano.com\/tienda\/#\/schema\/person\/1d010b70231deefe56affbc088b309ee\",\"name\":\"PIVEL AD TIENDA\",\"image\":{\"@type\":\"ImageObject\",\"inLanguage\":\"es\",\"@id\":\"https:\/\/www.pivelgregoriano.com\/tienda\/#\/schema\/person\/image\/\",\"url\":\"https:\/\/www.pivelgregoriano.com\/tienda\/wp-content\/uploads\/2016\/12\/cropped-LOGO-Misa-Tridentina-249x300-2-2.png\",\"contentUrl\":\"https:\/\/www.pivelgregoriano.com\/tienda\/wp-content\/uploads\/2016\/12\/cropped-LOGO-Misa-Tridentina-249x300-2-2.png\",\"width\":240,\"height\":121,\"caption\":\"PIVEL AD TIENDA\"},\"logo\":{\"@id\":\"https:\/\/www.pivelgregoriano.com\/tienda\/#\/schema\/person\/image\/\"}}]}<\/script>\n<meta property=\"product:price:amount\" content=\"25000\" \/>\n<meta property=\"product:price:currency\" content=\"COP\" \/>\n<meta property=\"og:availability\" content=\"instock\" \/>\n<meta property=\"product:availability\" content=\"instock\" \/>\n<meta property=\"product:condition\" content=\"new\" \/>\n<!-- \/ Yoast SEO Premium plugin. -->","yoast_head_json":{"title":"Historia de las Herej\u00edas 2021 (Libro Electr\u00f3nico Descarga Inmediata) - TIENDA PIVEL","robots":{"index":"index","follow":"follow","max-snippet":"max-snippet:-1","max-image-preview":"max-image-preview:large","max-video-preview":"max-video-preview:-1"},"canonical":"https:\/\/www.pivelgregoriano.com\/tienda\/tienda\/historia-de-las-herejias-2021-libro-electronico-descarga-inmediata\/","og_locale":"es_ES","og_type":"article","og_title":"Historia de las Herej\u00edas 2021 (Libro Electr\u00f3nico Descarga Inmediata)","og_description":"T\u00edtulo: Historia de las herej\u00edas y las herej\u00edas en la historia Autor: Jos\u00e9 Luis Pivel N\u00famero de p\u00e1ginas: 332 Este resumen de las herej\u00edas agrupa los principales errores en materia de la fe que, a lo largo de la historia de la Iglesia, han intentado socavar la doctrina, la moral, el culto y la sucesi\u00f3n apost\u00f3lica heredada de nuestro Se\u00f1or Jesucristo, el \u00fanico fundador de religiones que ha resucitado y sigue vivo.  Tres son las principales fracturas que han lesionado al cuerpo m\u00edstico de Cristo: 1- La herej\u00eda, que ataca el dep\u00f3sito de la fe expresada en el credo. 2- La apostas\u00eda, que hace abandonar la fe cat\u00f3lica al cambiar de religi\u00f3n. 3- El cisma, que rompe la unidad jer\u00e1rquica al no obedecer al papa, vicario de Cristo en la Tierra.  Adem\u00e1s del gnosticismo , el arrianismo, el protestantismo y el modernismo, existen otras herej\u00edas que tambi\u00e9n atacan y cuestionan la divinidad de Jesucristo, de las cuales el lector encontrar\u00e1 informaci\u00f3n en el presente libro, y que es necesario conocer para que se pueda identificar el error en materia de fe y no dejarse confundir en estos tiempos de caos y crisis espiritual. Los herejes siempre han sido los mismos: rebeldes, orgullosos e inventores de falsas doctrinas. Las herej\u00edas han dejado huellas imborrables en la sociedad y en la Iglesia en su af\u00e1n por perseguir a los fieles cat\u00f3licos. Sin embargo, la Iglesia, guiada por el Esp\u00edritu Santo, contin\u00faa custodiando el dep\u00f3sito de la fe hasta el final de los tiempos, porque \u00ablas puertas del infierno no prevalecer\u00e1n contra ella\u00bb (Mateo 16, 18).","og_url":"https:\/\/www.pivelgregoriano.com\/tienda\/tienda\/historia-de-las-herejias-2021-libro-electronico-descarga-inmediata\/","og_site_name":"TIENDA PIVEL","article_modified_time":"2024-06-27T21:28:29+00:00","og_image":[{"width":800,"height":800,"url":"https:\/\/www.pivelgregoriano.com\/tienda\/wp-content\/uploads\/2021\/04\/Historia-de-las-Herejias-2021-3d-TIENDA.jpg","type":"image\/jpeg"}],"twitter_card":"summary_large_image","twitter_misc":{"Precio":"&#36;25.000","Availability":"In stock"},"schema":{"@context":"https:\/\/schema.org","@graph":[{"@type":"WebPage","@id":"https:\/\/www.pivelgregoriano.com\/tienda\/tienda\/historia-de-las-herejias-2021-libro-electronico-descarga-inmediata\/","url":"https:\/\/www.pivelgregoriano.com\/tienda\/tienda\/historia-de-las-herejias-2021-libro-electronico-descarga-inmediata\/","name":"Historia de las Herej\u00edas 2021 (Libro Electr\u00f3nico Descarga Inmediata) - TIENDA PIVEL","isPartOf":{"@id":"https:\/\/www.pivelgregoriano.com\/tienda\/#website"},"primaryImageOfPage":{"@id":"https:\/\/www.pivelgregoriano.com\/tienda\/tienda\/historia-de-las-herejias-2021-libro-electronico-descarga-inmediata\/#primaryimage"},"image":{"@id":"https:\/\/www.pivelgregoriano.com\/tienda\/tienda\/historia-de-las-herejias-2021-libro-electronico-descarga-inmediata\/#primaryimage"},"thumbnailUrl":"https:\/\/www.pivelgregoriano.com\/tienda\/wp-content\/uploads\/2021\/04\/Historia-de-las-Herejias-2021-3d-TIENDA.jpg","datePublished":"2021-04-07T21:08:12+00:00","dateModified":"2024-06-27T21:28:29+00:00","breadcrumb":{"@id":"https:\/\/www.pivelgregoriano.com\/tienda\/tienda\/historia-de-las-herejias-2021-libro-electronico-descarga-inmediata\/#breadcrumb"},"inLanguage":"es","potentialAction":[{"@type":"ReadAction","target":["https:\/\/www.pivelgregoriano.com\/tienda\/tienda\/historia-de-las-herejias-2021-libro-electronico-descarga-inmediata\/"]}]},{"@type":"ImageObject","inLanguage":"es","@id":"https:\/\/www.pivelgregoriano.com\/tienda\/tienda\/historia-de-las-herejias-2021-libro-electronico-descarga-inmediata\/#primaryimage","url":"https:\/\/www.pivelgregoriano.com\/tienda\/wp-content\/uploads\/2021\/04\/Historia-de-las-Herejias-2021-3d-TIENDA.jpg","contentUrl":"https:\/\/www.pivelgregoriano.com\/tienda\/wp-content\/uploads\/2021\/04\/Historia-de-las-Herejias-2021-3d-TIENDA.jpg","width":800,"height":800},{"@type":"BreadcrumbList","@id":"https:\/\/www.pivelgregoriano.com\/tienda\/tienda\/historia-de-las-herejias-2021-libro-electronico-descarga-inmediata\/#breadcrumb","itemListElement":[{"@type":"ListItem","position":1,"name":"Home","item":"https:\/\/www.pivelgregoriano.com\/tienda\/"},{"@type":"ListItem","position":2,"name":"Tienda","item":"https:\/\/www.pivelgregoriano.com\/tienda\/"},{"@type":"ListItem","position":3,"name":"Historia de las Herej\u00edas 2021 (Libro Electr\u00f3nico Descarga Inmediata)"}]},{"@type":"WebSite","@id":"https:\/\/www.pivelgregoriano.com\/tienda\/#website","url":"https:\/\/www.pivelgregoriano.com\/tienda\/","name":"Tienda Pivel Gregoriano","description":"Tienda PivelGregoriano","publisher":{"@id":"https:\/\/www.pivelgregoriano.com\/tienda\/#\/schema\/person\/1d010b70231deefe56affbc088b309ee"},"potentialAction":[{"@type":"SearchAction","target":{"@type":"EntryPoint","urlTemplate":"https:\/\/www.pivelgregoriano.com\/tienda\/?s={search_term_string}"},"query-input":{"@type":"PropertyValueSpecification","valueRequired":true,"valueName":"search_term_string"}}],"inLanguage":"es"},{"@type":["Person","Organization"],"@id":"https:\/\/www.pivelgregoriano.com\/tienda\/#\/schema\/person\/1d010b70231deefe56affbc088b309ee","name":"PIVEL AD TIENDA","image":{"@type":"ImageObject","inLanguage":"es","@id":"https:\/\/www.pivelgregoriano.com\/tienda\/#\/schema\/person\/image\/","url":"https:\/\/www.pivelgregoriano.com\/tienda\/wp-content\/uploads\/2016\/12\/cropped-LOGO-Misa-Tridentina-249x300-2-2.png","contentUrl":"https:\/\/www.pivelgregoriano.com\/tienda\/wp-content\/uploads\/2016\/12\/cropped-LOGO-Misa-Tridentina-249x300-2-2.png","width":240,"height":121,"caption":"PIVEL AD TIENDA"},"logo":{"@id":"https:\/\/www.pivelgregoriano.com\/tienda\/#\/schema\/person\/image\/"}}]},"product_price_amount":"25000","product_price_currency":"COP","og_availability":"instock","product_availability":"instock","product_condition":"new"},"_links":{"self":[{"href":"https:\/\/www.pivelgregoriano.com\/tienda\/wp-json\/wp\/v2\/product\/683","targetHints":{"allow":["GET"]}}],"collection":[{"href":"https:\/\/www.pivelgregoriano.com\/tienda\/wp-json\/wp\/v2\/product"}],"about":[{"href":"https:\/\/www.pivelgregoriano.com\/tienda\/wp-json\/wp\/v2\/types\/product"}],"replies":[{"embeddable":true,"href":"https:\/\/www.pivelgregoriano.com\/tienda\/wp-json\/wp\/v2\/comments?post=683"}],"wp:featuredmedia":[{"embeddable":true,"href":"https:\/\/www.pivelgregoriano.com\/tienda\/wp-json\/wp\/v2\/media\/847"}],"wp:attachment":[{"href":"https:\/\/www.pivelgregoriano.com\/tienda\/wp-json\/wp\/v2\/media?parent=683"}],"wp:term":[{"taxonomy":"product_brand","embeddable":true,"href":"https:\/\/www.pivelgregoriano.com\/tienda\/wp-json\/wp\/v2\/product_brand?post=683"},{"taxonomy":"product_cat","embeddable":true,"href":"https:\/\/www.pivelgregoriano.com\/tienda\/wp-json\/wp\/v2\/product_cat?post=683"},{"taxonomy":"product_tag","embeddable":true,"href":"https:\/\/www.pivelgregoriano.com\/tienda\/wp-json\/wp\/v2\/product_tag?post=683"}],"curies":[{"name":"wp","href":"https:\/\/api.w.org\/{rel}","templated":true}]}}