{"id":72,"date":"2016-12-04T17:06:50","date_gmt":"2016-12-04T17:06:50","guid":{"rendered":"http:\/\/pivelgregoriano.com\/tienda\/?post_type=product&#038;p=72"},"modified":"2022-10-11T21:44:42","modified_gmt":"2022-10-11T21:44:42","slug":"un-arbol-que-dio-buen-fruto","status":"publish","type":"product","link":"https:\/\/www.pivelgregoriano.com\/tienda\/tienda\/un-arbol-que-dio-buen-fruto\/","title":{"rendered":"Un \u00e1rbol que dio buen fruto (Libro Electr\u00f3nico Descarga Inmediata)"},"content":{"rendered":"<p><strong>Autor: Jos\u00e9 Luis Pivel<br \/>\nN\u00famero de p\u00e1ginas: 406<\/strong><br \/>\nEl padre Jos\u00e9 Luis Pinz\u00f3n V\u00e9lez, protagonista de esta historia, compara su vida con la de un \u00e1rbol que enfrenta con valor las tormentas y los embates de la agreste naturaleza, para dar buen fruto. Los \u00e1rboles han estado en el planeta mucho m\u00e1s tiempo que los seres humanos. La selecci\u00f3n natural los ha dotado de caracter\u00edsticas de supervivencia; de la misma manera, el autor de este libro, tuvo que sortear y vencer muchas vicisitudes desde ni\u00f1o, al enfrentar la destrucci\u00f3n de su familia durante la violencia colombiana de la d\u00e9cada de los a\u00f1os 50, cuando apenas ten\u00eda cuatro a\u00f1os. Es un ejemplo de fe, coraje y superaci\u00f3n personal que vale la pena conocer para comprender la obra y el actuar de Dios en la vida de cada ser humano.<\/p>\n","protected":false},"excerpt":{"rendered":"<p><strong>Autor: Jos\u00e9 Luis Pivel<br \/>\nN\u00famero de p\u00e1ginas: 406<\/strong><br \/>\nEl padre Jos\u00e9 Luis Pinz\u00f3n V\u00e9lez, protagonista de esta historia, compara su vida con la de un \u00e1rbol que enfrenta con valor las tormentas y los embates de la agreste naturaleza, para dar buen fruto. Los \u00e1rboles han estado en el planeta mucho m\u00e1s tiempo que los seres humanos. La selecci\u00f3n natural los ha dotado de caracter\u00edsticas de supervivencia; de la misma manera, el autor de este libro, tuvo que sortear y vencer muchas vicisitudes desde ni\u00f1o, al enfrentar la destrucci\u00f3n de su familia durante la violencia colombiana de la d\u00e9cada de los a\u00f1os 50, cuando apenas ten\u00eda cuatro a\u00f1os. Es un ejemplo de fe, coraje y superaci\u00f3n personal que vale la pena conocer para comprender la obra y el actuar de Dios en la vida de cada ser humano.<\/p>\n","protected":false},"featured_media":160,"comment_status":"open","ping_status":"closed","template":"","meta":[],"product_brand":[],"product_cat":[7,35],"product_tag":[],"class_list":{"0":"post-72","1":"product","2":"type-product","3":"status-publish","4":"has-post-thumbnail","6":"product_cat-descarga","7":"product_cat-ebook","9":"first","10":"instock","11":"downloadable","12":"virtual","13":"sold-individually","14":"purchasable","15":"product-type-simple"},"yoast_head":"<!-- This site is optimized with the Yoast SEO Premium plugin v20.1 (Yoast SEO v26.9) - https:\/\/yoast.com\/product\/yoast-seo-premium-wordpress\/ -->\n<title>Un \u00e1rbol que dio buen fruto (Libro Electr\u00f3nico Descarga Inmediata) - TIENDA PIVEL<\/title>\n<meta name=\"robots\" content=\"index, follow, max-snippet:-1, max-image-preview:large, max-video-preview:-1\" \/>\n<link rel=\"canonical\" href=\"https:\/\/www.pivelgregoriano.com\/tienda\/tienda\/un-arbol-que-dio-buen-fruto\/\" \/>\n<meta property=\"og:locale\" content=\"es_ES\" \/>\n<meta property=\"og:type\" content=\"article\" \/>\n<meta property=\"og:title\" content=\"Un \u00e1rbol que dio buen fruto (Libro Electr\u00f3nico Descarga Inmediata)\" \/>\n<meta property=\"og:description\" content=\"Autor: Jos\u00e9 Luis Pivel N\u00famero de p\u00e1ginas: 406 El padre Jos\u00e9 Luis Pinz\u00f3n V\u00e9lez, protagonista de esta historia, compara su vida con la de un \u00e1rbol que enfrenta con valor las tormentas y los embates de la agreste naturaleza, para dar buen fruto. Los \u00e1rboles han estado en el planeta mucho m\u00e1s tiempo que los seres humanos. La selecci\u00f3n natural los ha dotado de caracter\u00edsticas de supervivencia; de la misma manera, el autor de este libro, tuvo que sortear y vencer muchas vicisitudes desde ni\u00f1o, al enfrentar la destrucci\u00f3n de su familia durante la violencia colombiana de la d\u00e9cada de los a\u00f1os 50, cuando apenas ten\u00eda cuatro a\u00f1os. Es un ejemplo de fe, coraje y superaci\u00f3n personal que vale la pena conocer para comprender la obra y el actuar de Dios en la vida de cada ser humano.\" \/>\n<meta property=\"og:url\" content=\"https:\/\/www.pivelgregoriano.com\/tienda\/tienda\/un-arbol-que-dio-buen-fruto\/\" \/>\n<meta property=\"og:site_name\" content=\"TIENDA PIVEL\" \/>\n<meta property=\"article:modified_time\" content=\"2022-10-11T21:44:42+00:00\" \/>\n<meta property=\"og:image\" content=\"https:\/\/www.pivelgregoriano.com\/tienda\/wp-content\/uploads\/2016\/12\/Un_arbol_que_dio_buen_fruto-CUADRO.zip.jpg\" \/>\n\t<meta property=\"og:image:width\" content=\"552\" \/>\n\t<meta property=\"og:image:height\" content=\"552\" \/>\n\t<meta property=\"og:image:type\" content=\"image\/jpeg\" \/>\n<meta name=\"twitter:card\" content=\"summary_large_image\" \/>\n<meta name=\"twitter:label1\" content=\"Precio\" \/>\n\t<meta name=\"twitter:data1\" content=\"&#036;20.000\" \/>\n\t<meta name=\"twitter:label2\" content=\"Availability\" \/>\n\t<meta name=\"twitter:data2\" content=\"In stock\" \/>\n<script type=\"application\/ld+json\" class=\"yoast-schema-graph\">{\"@context\":\"https:\/\/schema.org\",\"@graph\":[{\"@type\":\"WebPage\",\"@id\":\"https:\/\/www.pivelgregoriano.com\/tienda\/tienda\/un-arbol-que-dio-buen-fruto\/\",\"url\":\"https:\/\/www.pivelgregoriano.com\/tienda\/tienda\/un-arbol-que-dio-buen-fruto\/\",\"name\":\"Un \u00e1rbol que dio buen fruto (Libro Electr\u00f3nico Descarga Inmediata) - TIENDA PIVEL\",\"isPartOf\":{\"@id\":\"https:\/\/www.pivelgregoriano.com\/tienda\/#website\"},\"primaryImageOfPage\":{\"@id\":\"https:\/\/www.pivelgregoriano.com\/tienda\/tienda\/un-arbol-que-dio-buen-fruto\/#primaryimage\"},\"image\":{\"@id\":\"https:\/\/www.pivelgregoriano.com\/tienda\/tienda\/un-arbol-que-dio-buen-fruto\/#primaryimage\"},\"thumbnailUrl\":\"https:\/\/www.pivelgregoriano.com\/tienda\/wp-content\/uploads\/2016\/12\/Un_arbol_que_dio_buen_fruto-CUADRO.zip.jpg\",\"datePublished\":\"2016-12-04T17:06:50+00:00\",\"dateModified\":\"2022-10-11T21:44:42+00:00\",\"breadcrumb\":{\"@id\":\"https:\/\/www.pivelgregoriano.com\/tienda\/tienda\/un-arbol-que-dio-buen-fruto\/#breadcrumb\"},\"inLanguage\":\"es\",\"potentialAction\":[{\"@type\":\"ReadAction\",\"target\":[\"https:\/\/www.pivelgregoriano.com\/tienda\/tienda\/un-arbol-que-dio-buen-fruto\/\"]}]},{\"@type\":\"ImageObject\",\"inLanguage\":\"es\",\"@id\":\"https:\/\/www.pivelgregoriano.com\/tienda\/tienda\/un-arbol-que-dio-buen-fruto\/#primaryimage\",\"url\":\"https:\/\/www.pivelgregoriano.com\/tienda\/wp-content\/uploads\/2016\/12\/Un_arbol_que_dio_buen_fruto-CUADRO.zip.jpg\",\"contentUrl\":\"https:\/\/www.pivelgregoriano.com\/tienda\/wp-content\/uploads\/2016\/12\/Un_arbol_que_dio_buen_fruto-CUADRO.zip.jpg\",\"width\":552,\"height\":552},{\"@type\":\"BreadcrumbList\",\"@id\":\"https:\/\/www.pivelgregoriano.com\/tienda\/tienda\/un-arbol-que-dio-buen-fruto\/#breadcrumb\",\"itemListElement\":[{\"@type\":\"ListItem\",\"position\":1,\"name\":\"Home\",\"item\":\"https:\/\/www.pivelgregoriano.com\/tienda\/\"},{\"@type\":\"ListItem\",\"position\":2,\"name\":\"Tienda\",\"item\":\"https:\/\/www.pivelgregoriano.com\/tienda\/\"},{\"@type\":\"ListItem\",\"position\":3,\"name\":\"Un \u00e1rbol que dio buen fruto (Libro Electr\u00f3nico Descarga Inmediata)\"}]},{\"@type\":\"WebSite\",\"@id\":\"https:\/\/www.pivelgregoriano.com\/tienda\/#website\",\"url\":\"https:\/\/www.pivelgregoriano.com\/tienda\/\",\"name\":\"Tienda Pivel Gregoriano\",\"description\":\"Tienda PivelGregoriano\",\"publisher\":{\"@id\":\"https:\/\/www.pivelgregoriano.com\/tienda\/#\/schema\/person\/1d010b70231deefe56affbc088b309ee\"},\"potentialAction\":[{\"@type\":\"SearchAction\",\"target\":{\"@type\":\"EntryPoint\",\"urlTemplate\":\"https:\/\/www.pivelgregoriano.com\/tienda\/?s={search_term_string}\"},\"query-input\":{\"@type\":\"PropertyValueSpecification\",\"valueRequired\":true,\"valueName\":\"search_term_string\"}}],\"inLanguage\":\"es\"},{\"@type\":[\"Person\",\"Organization\"],\"@id\":\"https:\/\/www.pivelgregoriano.com\/tienda\/#\/schema\/person\/1d010b70231deefe56affbc088b309ee\",\"name\":\"PIVEL AD TIENDA\",\"image\":{\"@type\":\"ImageObject\",\"inLanguage\":\"es\",\"@id\":\"https:\/\/www.pivelgregoriano.com\/tienda\/#\/schema\/person\/image\/\",\"url\":\"https:\/\/www.pivelgregoriano.com\/tienda\/wp-content\/uploads\/2016\/12\/cropped-LOGO-Misa-Tridentina-249x300-2-2.png\",\"contentUrl\":\"https:\/\/www.pivelgregoriano.com\/tienda\/wp-content\/uploads\/2016\/12\/cropped-LOGO-Misa-Tridentina-249x300-2-2.png\",\"width\":240,\"height\":121,\"caption\":\"PIVEL AD TIENDA\"},\"logo\":{\"@id\":\"https:\/\/www.pivelgregoriano.com\/tienda\/#\/schema\/person\/image\/\"}}]}<\/script>\n<meta property=\"product:price:amount\" content=\"20000\" \/>\n<meta property=\"product:price:currency\" content=\"COP\" \/>\n<meta property=\"og:availability\" content=\"instock\" \/>\n<meta property=\"product:availability\" content=\"instock\" \/>\n<meta property=\"product:condition\" content=\"new\" \/>\n<!-- \/ Yoast SEO Premium plugin. -->","yoast_head_json":{"title":"Un \u00e1rbol que dio buen fruto (Libro Electr\u00f3nico Descarga Inmediata) - TIENDA PIVEL","robots":{"index":"index","follow":"follow","max-snippet":"max-snippet:-1","max-image-preview":"max-image-preview:large","max-video-preview":"max-video-preview:-1"},"canonical":"https:\/\/www.pivelgregoriano.com\/tienda\/tienda\/un-arbol-que-dio-buen-fruto\/","og_locale":"es_ES","og_type":"article","og_title":"Un \u00e1rbol que dio buen fruto (Libro Electr\u00f3nico Descarga Inmediata)","og_description":"Autor: Jos\u00e9 Luis Pivel N\u00famero de p\u00e1ginas: 406 El padre Jos\u00e9 Luis Pinz\u00f3n V\u00e9lez, protagonista de esta historia, compara su vida con la de un \u00e1rbol que enfrenta con valor las tormentas y los embates de la agreste naturaleza, para dar buen fruto. Los \u00e1rboles han estado en el planeta mucho m\u00e1s tiempo que los seres humanos. La selecci\u00f3n natural los ha dotado de caracter\u00edsticas de supervivencia; de la misma manera, el autor de este libro, tuvo que sortear y vencer muchas vicisitudes desde ni\u00f1o, al enfrentar la destrucci\u00f3n de su familia durante la violencia colombiana de la d\u00e9cada de los a\u00f1os 50, cuando apenas ten\u00eda cuatro a\u00f1os. Es un ejemplo de fe, coraje y superaci\u00f3n personal que vale la pena conocer para comprender la obra y el actuar de Dios en la vida de cada ser humano.","og_url":"https:\/\/www.pivelgregoriano.com\/tienda\/tienda\/un-arbol-que-dio-buen-fruto\/","og_site_name":"TIENDA PIVEL","article_modified_time":"2022-10-11T21:44:42+00:00","og_image":[{"width":552,"height":552,"url":"https:\/\/www.pivelgregoriano.com\/tienda\/wp-content\/uploads\/2016\/12\/Un_arbol_que_dio_buen_fruto-CUADRO.zip.jpg","type":"image\/jpeg"}],"twitter_card":"summary_large_image","twitter_misc":{"Precio":"&#36;20.000","Availability":"In stock"},"schema":{"@context":"https:\/\/schema.org","@graph":[{"@type":"WebPage","@id":"https:\/\/www.pivelgregoriano.com\/tienda\/tienda\/un-arbol-que-dio-buen-fruto\/","url":"https:\/\/www.pivelgregoriano.com\/tienda\/tienda\/un-arbol-que-dio-buen-fruto\/","name":"Un \u00e1rbol que dio buen fruto (Libro Electr\u00f3nico Descarga Inmediata) - TIENDA PIVEL","isPartOf":{"@id":"https:\/\/www.pivelgregoriano.com\/tienda\/#website"},"primaryImageOfPage":{"@id":"https:\/\/www.pivelgregoriano.com\/tienda\/tienda\/un-arbol-que-dio-buen-fruto\/#primaryimage"},"image":{"@id":"https:\/\/www.pivelgregoriano.com\/tienda\/tienda\/un-arbol-que-dio-buen-fruto\/#primaryimage"},"thumbnailUrl":"https:\/\/www.pivelgregoriano.com\/tienda\/wp-content\/uploads\/2016\/12\/Un_arbol_que_dio_buen_fruto-CUADRO.zip.jpg","datePublished":"2016-12-04T17:06:50+00:00","dateModified":"2022-10-11T21:44:42+00:00","breadcrumb":{"@id":"https:\/\/www.pivelgregoriano.com\/tienda\/tienda\/un-arbol-que-dio-buen-fruto\/#breadcrumb"},"inLanguage":"es","potentialAction":[{"@type":"ReadAction","target":["https:\/\/www.pivelgregoriano.com\/tienda\/tienda\/un-arbol-que-dio-buen-fruto\/"]}]},{"@type":"ImageObject","inLanguage":"es","@id":"https:\/\/www.pivelgregoriano.com\/tienda\/tienda\/un-arbol-que-dio-buen-fruto\/#primaryimage","url":"https:\/\/www.pivelgregoriano.com\/tienda\/wp-content\/uploads\/2016\/12\/Un_arbol_que_dio_buen_fruto-CUADRO.zip.jpg","contentUrl":"https:\/\/www.pivelgregoriano.com\/tienda\/wp-content\/uploads\/2016\/12\/Un_arbol_que_dio_buen_fruto-CUADRO.zip.jpg","width":552,"height":552},{"@type":"BreadcrumbList","@id":"https:\/\/www.pivelgregoriano.com\/tienda\/tienda\/un-arbol-que-dio-buen-fruto\/#breadcrumb","itemListElement":[{"@type":"ListItem","position":1,"name":"Home","item":"https:\/\/www.pivelgregoriano.com\/tienda\/"},{"@type":"ListItem","position":2,"name":"Tienda","item":"https:\/\/www.pivelgregoriano.com\/tienda\/"},{"@type":"ListItem","position":3,"name":"Un \u00e1rbol que dio buen fruto (Libro Electr\u00f3nico Descarga Inmediata)"}]},{"@type":"WebSite","@id":"https:\/\/www.pivelgregoriano.com\/tienda\/#website","url":"https:\/\/www.pivelgregoriano.com\/tienda\/","name":"Tienda Pivel Gregoriano","description":"Tienda PivelGregoriano","publisher":{"@id":"https:\/\/www.pivelgregoriano.com\/tienda\/#\/schema\/person\/1d010b70231deefe56affbc088b309ee"},"potentialAction":[{"@type":"SearchAction","target":{"@type":"EntryPoint","urlTemplate":"https:\/\/www.pivelgregoriano.com\/tienda\/?s={search_term_string}"},"query-input":{"@type":"PropertyValueSpecification","valueRequired":true,"valueName":"search_term_string"}}],"inLanguage":"es"},{"@type":["Person","Organization"],"@id":"https:\/\/www.pivelgregoriano.com\/tienda\/#\/schema\/person\/1d010b70231deefe56affbc088b309ee","name":"PIVEL AD TIENDA","image":{"@type":"ImageObject","inLanguage":"es","@id":"https:\/\/www.pivelgregoriano.com\/tienda\/#\/schema\/person\/image\/","url":"https:\/\/www.pivelgregoriano.com\/tienda\/wp-content\/uploads\/2016\/12\/cropped-LOGO-Misa-Tridentina-249x300-2-2.png","contentUrl":"https:\/\/www.pivelgregoriano.com\/tienda\/wp-content\/uploads\/2016\/12\/cropped-LOGO-Misa-Tridentina-249x300-2-2.png","width":240,"height":121,"caption":"PIVEL AD TIENDA"},"logo":{"@id":"https:\/\/www.pivelgregoriano.com\/tienda\/#\/schema\/person\/image\/"}}]},"product_price_amount":"20000","product_price_currency":"COP","og_availability":"instock","product_availability":"instock","product_condition":"new"},"_links":{"self":[{"href":"https:\/\/www.pivelgregoriano.com\/tienda\/wp-json\/wp\/v2\/product\/72","targetHints":{"allow":["GET"]}}],"collection":[{"href":"https:\/\/www.pivelgregoriano.com\/tienda\/wp-json\/wp\/v2\/product"}],"about":[{"href":"https:\/\/www.pivelgregoriano.com\/tienda\/wp-json\/wp\/v2\/types\/product"}],"replies":[{"embeddable":true,"href":"https:\/\/www.pivelgregoriano.com\/tienda\/wp-json\/wp\/v2\/comments?post=72"}],"wp:featuredmedia":[{"embeddable":true,"href":"https:\/\/www.pivelgregoriano.com\/tienda\/wp-json\/wp\/v2\/media\/160"}],"wp:attachment":[{"href":"https:\/\/www.pivelgregoriano.com\/tienda\/wp-json\/wp\/v2\/media?parent=72"}],"wp:term":[{"taxonomy":"product_brand","embeddable":true,"href":"https:\/\/www.pivelgregoriano.com\/tienda\/wp-json\/wp\/v2\/product_brand?post=72"},{"taxonomy":"product_cat","embeddable":true,"href":"https:\/\/www.pivelgregoriano.com\/tienda\/wp-json\/wp\/v2\/product_cat?post=72"},{"taxonomy":"product_tag","embeddable":true,"href":"https:\/\/www.pivelgregoriano.com\/tienda\/wp-json\/wp\/v2\/product_tag?post=72"}],"curies":[{"name":"wp","href":"https:\/\/api.w.org\/{rel}","templated":true}]}}