{"id":81,"date":"2016-12-04T18:38:01","date_gmt":"2016-12-04T18:38:01","guid":{"rendered":"http:\/\/pivelgregoriano.com\/tienda\/?post_type=product&#038;p=81"},"modified":"2022-10-12T16:54:55","modified_gmt":"2022-10-12T16:54:55","slug":"que-celebramos-en-semana-santa","status":"publish","type":"product","link":"https:\/\/www.pivelgregoriano.com\/tienda\/tienda\/que-celebramos-en-semana-santa\/","title":{"rendered":"\u00bfQu\u00e9 celebramos en la Semana Santa? (Libro Electr\u00f3nico Descarga Inmediata)"},"content":{"rendered":"<p><strong>Autor: Jos\u00e9 Luis Pivel<br \/>\nN\u00famero de p\u00e1ginas: 108<br \/>\n<\/strong>El ritmo acelerado de la vida, el cambio de costumbres, la invasi\u00f3n de religiones for\u00e1neas, y la influencia nefasta de algunos medios de comunicaci\u00f3n, han hecho que la Semana Santa se vaya paganizando cada d\u00eda m\u00e1s. Por eso este libro es para aprender lo que no sab\u00edamos y recordar lo olvidado acerca de la Semana Mayor, en la cual nuestro Se\u00f1or Jesucristo entreg\u00f3 su vida derramando su Precios\u00edsima Sangre por la salvaci\u00f3n y redenci\u00f3n de la humanidad, conozca en detalle estos hechos salv\u00edficos incluyendo el origen de la Sagrada Eucarist\u00eda, del Sacerdocio Cristiano y el mandamiento Nuevo ense\u00f1ado por nuestro Salvador para vivir en paz y armon\u00eda<\/p>\n","protected":false},"excerpt":{"rendered":"<p><strong>Autor: Jos\u00e9 Luis Pivel<br \/>\nN\u00famero de p\u00e1ginas: 108<br \/>\n<\/strong>El ritmo acelerado de la vida, el cambio de costumbres, la invasi\u00f3n de religiones for\u00e1neas, y la influencia nefasta de algunos medios de comunicaci\u00f3n, han hecho que la Semana Santa se vaya paganizando cada d\u00eda m\u00e1s. Por eso este libro es para aprender lo que no sab\u00edamos y recordar lo olvidado acerca de la Semana Mayor, en la cual nuestro Se\u00f1or Jesucristo entreg\u00f3 su vida derramando su Precios\u00edsima Sangre por la salvaci\u00f3n y redenci\u00f3n de la humanidad, conozca en detalle estos hechos salv\u00edficos incluyendo el origen de la Sagrada Eucarist\u00eda, del Sacerdocio Cristiano y el mandamiento Nuevo ense\u00f1ado por nuestro Salvador para vivir en paz y armon\u00eda<\/p>\n","protected":false},"featured_media":157,"comment_status":"open","ping_status":"closed","template":"","meta":[],"product_brand":[],"product_cat":[7,35],"product_tag":[],"class_list":{"0":"post-81","1":"product","2":"type-product","3":"status-publish","4":"has-post-thumbnail","6":"product_cat-descarga","7":"product_cat-ebook","9":"first","10":"instock","11":"downloadable","12":"virtual","13":"sold-individually","14":"purchasable","15":"product-type-simple"},"yoast_head":"<!-- This site is optimized with the Yoast SEO Premium plugin v20.1 (Yoast SEO v26.9) - https:\/\/yoast.com\/product\/yoast-seo-premium-wordpress\/ -->\n<title>\u00bfQu\u00e9 celebramos en la Semana Santa? (Libro Electr\u00f3nico Descarga Inmediata) - TIENDA PIVEL<\/title>\n<meta name=\"robots\" content=\"index, follow, max-snippet:-1, max-image-preview:large, max-video-preview:-1\" \/>\n<link rel=\"canonical\" href=\"https:\/\/www.pivelgregoriano.com\/tienda\/tienda\/que-celebramos-en-semana-santa\/\" \/>\n<meta property=\"og:locale\" content=\"es_ES\" \/>\n<meta property=\"og:type\" content=\"article\" \/>\n<meta property=\"og:title\" content=\"\u00bfQu\u00e9 celebramos en la Semana Santa? (Libro Electr\u00f3nico Descarga Inmediata)\" \/>\n<meta property=\"og:description\" content=\"Autor: Jos\u00e9 Luis Pivel N\u00famero de p\u00e1ginas: 108 El ritmo acelerado de la vida, el cambio de costumbres, la invasi\u00f3n de religiones for\u00e1neas, y la influencia nefasta de algunos medios de comunicaci\u00f3n, han hecho que la Semana Santa se vaya paganizando cada d\u00eda m\u00e1s. Por eso este libro es para aprender lo que no sab\u00edamos y recordar lo olvidado acerca de la Semana Mayor, en la cual nuestro Se\u00f1or Jesucristo entreg\u00f3 su vida derramando su Precios\u00edsima Sangre por la salvaci\u00f3n y redenci\u00f3n de la humanidad, conozca en detalle estos hechos salv\u00edficos incluyendo el origen de la Sagrada Eucarist\u00eda, del Sacerdocio Cristiano y el mandamiento Nuevo ense\u00f1ado por nuestro Salvador para vivir en paz y armon\u00eda\" \/>\n<meta property=\"og:url\" content=\"https:\/\/www.pivelgregoriano.com\/tienda\/tienda\/que-celebramos-en-semana-santa\/\" \/>\n<meta property=\"og:site_name\" content=\"TIENDA PIVEL\" \/>\n<meta property=\"article:modified_time\" content=\"2022-10-12T16:54:55+00:00\" \/>\n<meta property=\"og:image\" content=\"https:\/\/www.pivelgregoriano.com\/tienda\/wp-content\/uploads\/2016\/12\/Que_celebramos_en_Semana_Santa-cuadro.jpg\" \/>\n\t<meta property=\"og:image:width\" content=\"552\" \/>\n\t<meta property=\"og:image:height\" content=\"552\" \/>\n\t<meta property=\"og:image:type\" content=\"image\/jpeg\" \/>\n<meta name=\"twitter:card\" content=\"summary_large_image\" \/>\n<meta name=\"twitter:label1\" content=\"Precio\" \/>\n\t<meta name=\"twitter:data1\" content=\"&#036;15.000\" \/>\n\t<meta name=\"twitter:label2\" content=\"Availability\" \/>\n\t<meta name=\"twitter:data2\" content=\"In stock\" \/>\n<script type=\"application\/ld+json\" class=\"yoast-schema-graph\">{\"@context\":\"https:\/\/schema.org\",\"@graph\":[{\"@type\":\"WebPage\",\"@id\":\"https:\/\/www.pivelgregoriano.com\/tienda\/tienda\/que-celebramos-en-semana-santa\/\",\"url\":\"https:\/\/www.pivelgregoriano.com\/tienda\/tienda\/que-celebramos-en-semana-santa\/\",\"name\":\"\u00bfQu\u00e9 celebramos en la Semana Santa? (Libro Electr\u00f3nico Descarga Inmediata) - TIENDA PIVEL\",\"isPartOf\":{\"@id\":\"https:\/\/www.pivelgregoriano.com\/tienda\/#website\"},\"primaryImageOfPage\":{\"@id\":\"https:\/\/www.pivelgregoriano.com\/tienda\/tienda\/que-celebramos-en-semana-santa\/#primaryimage\"},\"image\":{\"@id\":\"https:\/\/www.pivelgregoriano.com\/tienda\/tienda\/que-celebramos-en-semana-santa\/#primaryimage\"},\"thumbnailUrl\":\"https:\/\/www.pivelgregoriano.com\/tienda\/wp-content\/uploads\/2016\/12\/Que_celebramos_en_Semana_Santa-cuadro.jpg\",\"datePublished\":\"2016-12-04T18:38:01+00:00\",\"dateModified\":\"2022-10-12T16:54:55+00:00\",\"breadcrumb\":{\"@id\":\"https:\/\/www.pivelgregoriano.com\/tienda\/tienda\/que-celebramos-en-semana-santa\/#breadcrumb\"},\"inLanguage\":\"es\",\"potentialAction\":[{\"@type\":\"ReadAction\",\"target\":[\"https:\/\/www.pivelgregoriano.com\/tienda\/tienda\/que-celebramos-en-semana-santa\/\"]}]},{\"@type\":\"ImageObject\",\"inLanguage\":\"es\",\"@id\":\"https:\/\/www.pivelgregoriano.com\/tienda\/tienda\/que-celebramos-en-semana-santa\/#primaryimage\",\"url\":\"https:\/\/www.pivelgregoriano.com\/tienda\/wp-content\/uploads\/2016\/12\/Que_celebramos_en_Semana_Santa-cuadro.jpg\",\"contentUrl\":\"https:\/\/www.pivelgregoriano.com\/tienda\/wp-content\/uploads\/2016\/12\/Que_celebramos_en_Semana_Santa-cuadro.jpg\",\"width\":552,\"height\":552},{\"@type\":\"BreadcrumbList\",\"@id\":\"https:\/\/www.pivelgregoriano.com\/tienda\/tienda\/que-celebramos-en-semana-santa\/#breadcrumb\",\"itemListElement\":[{\"@type\":\"ListItem\",\"position\":1,\"name\":\"Home\",\"item\":\"https:\/\/www.pivelgregoriano.com\/tienda\/\"},{\"@type\":\"ListItem\",\"position\":2,\"name\":\"Tienda\",\"item\":\"https:\/\/www.pivelgregoriano.com\/tienda\/\"},{\"@type\":\"ListItem\",\"position\":3,\"name\":\"\u00bfQu\u00e9 celebramos en la Semana Santa? (Libro Electr\u00f3nico Descarga Inmediata)\"}]},{\"@type\":\"WebSite\",\"@id\":\"https:\/\/www.pivelgregoriano.com\/tienda\/#website\",\"url\":\"https:\/\/www.pivelgregoriano.com\/tienda\/\",\"name\":\"Tienda Pivel Gregoriano\",\"description\":\"Tienda PivelGregoriano\",\"publisher\":{\"@id\":\"https:\/\/www.pivelgregoriano.com\/tienda\/#\/schema\/person\/1d010b70231deefe56affbc088b309ee\"},\"potentialAction\":[{\"@type\":\"SearchAction\",\"target\":{\"@type\":\"EntryPoint\",\"urlTemplate\":\"https:\/\/www.pivelgregoriano.com\/tienda\/?s={search_term_string}\"},\"query-input\":{\"@type\":\"PropertyValueSpecification\",\"valueRequired\":true,\"valueName\":\"search_term_string\"}}],\"inLanguage\":\"es\"},{\"@type\":[\"Person\",\"Organization\"],\"@id\":\"https:\/\/www.pivelgregoriano.com\/tienda\/#\/schema\/person\/1d010b70231deefe56affbc088b309ee\",\"name\":\"PIVEL AD TIENDA\",\"image\":{\"@type\":\"ImageObject\",\"inLanguage\":\"es\",\"@id\":\"https:\/\/www.pivelgregoriano.com\/tienda\/#\/schema\/person\/image\/\",\"url\":\"https:\/\/www.pivelgregoriano.com\/tienda\/wp-content\/uploads\/2016\/12\/cropped-LOGO-Misa-Tridentina-249x300-2-2.png\",\"contentUrl\":\"https:\/\/www.pivelgregoriano.com\/tienda\/wp-content\/uploads\/2016\/12\/cropped-LOGO-Misa-Tridentina-249x300-2-2.png\",\"width\":240,\"height\":121,\"caption\":\"PIVEL AD TIENDA\"},\"logo\":{\"@id\":\"https:\/\/www.pivelgregoriano.com\/tienda\/#\/schema\/person\/image\/\"}}]}<\/script>\n<meta property=\"product:price:amount\" content=\"15000\" \/>\n<meta property=\"product:price:currency\" content=\"COP\" \/>\n<meta property=\"og:availability\" content=\"instock\" \/>\n<meta property=\"product:availability\" content=\"instock\" \/>\n<meta property=\"product:condition\" content=\"new\" \/>\n<!-- \/ Yoast SEO Premium plugin. -->","yoast_head_json":{"title":"\u00bfQu\u00e9 celebramos en la Semana Santa? (Libro Electr\u00f3nico Descarga Inmediata) - TIENDA PIVEL","robots":{"index":"index","follow":"follow","max-snippet":"max-snippet:-1","max-image-preview":"max-image-preview:large","max-video-preview":"max-video-preview:-1"},"canonical":"https:\/\/www.pivelgregoriano.com\/tienda\/tienda\/que-celebramos-en-semana-santa\/","og_locale":"es_ES","og_type":"article","og_title":"\u00bfQu\u00e9 celebramos en la Semana Santa? (Libro Electr\u00f3nico Descarga Inmediata)","og_description":"Autor: Jos\u00e9 Luis Pivel N\u00famero de p\u00e1ginas: 108 El ritmo acelerado de la vida, el cambio de costumbres, la invasi\u00f3n de religiones for\u00e1neas, y la influencia nefasta de algunos medios de comunicaci\u00f3n, han hecho que la Semana Santa se vaya paganizando cada d\u00eda m\u00e1s. Por eso este libro es para aprender lo que no sab\u00edamos y recordar lo olvidado acerca de la Semana Mayor, en la cual nuestro Se\u00f1or Jesucristo entreg\u00f3 su vida derramando su Precios\u00edsima Sangre por la salvaci\u00f3n y redenci\u00f3n de la humanidad, conozca en detalle estos hechos salv\u00edficos incluyendo el origen de la Sagrada Eucarist\u00eda, del Sacerdocio Cristiano y el mandamiento Nuevo ense\u00f1ado por nuestro Salvador para vivir en paz y armon\u00eda","og_url":"https:\/\/www.pivelgregoriano.com\/tienda\/tienda\/que-celebramos-en-semana-santa\/","og_site_name":"TIENDA PIVEL","article_modified_time":"2022-10-12T16:54:55+00:00","og_image":[{"width":552,"height":552,"url":"https:\/\/www.pivelgregoriano.com\/tienda\/wp-content\/uploads\/2016\/12\/Que_celebramos_en_Semana_Santa-cuadro.jpg","type":"image\/jpeg"}],"twitter_card":"summary_large_image","twitter_misc":{"Precio":"&#36;15.000","Availability":"In stock"},"schema":{"@context":"https:\/\/schema.org","@graph":[{"@type":"WebPage","@id":"https:\/\/www.pivelgregoriano.com\/tienda\/tienda\/que-celebramos-en-semana-santa\/","url":"https:\/\/www.pivelgregoriano.com\/tienda\/tienda\/que-celebramos-en-semana-santa\/","name":"\u00bfQu\u00e9 celebramos en la Semana Santa? (Libro Electr\u00f3nico Descarga Inmediata) - TIENDA PIVEL","isPartOf":{"@id":"https:\/\/www.pivelgregoriano.com\/tienda\/#website"},"primaryImageOfPage":{"@id":"https:\/\/www.pivelgregoriano.com\/tienda\/tienda\/que-celebramos-en-semana-santa\/#primaryimage"},"image":{"@id":"https:\/\/www.pivelgregoriano.com\/tienda\/tienda\/que-celebramos-en-semana-santa\/#primaryimage"},"thumbnailUrl":"https:\/\/www.pivelgregoriano.com\/tienda\/wp-content\/uploads\/2016\/12\/Que_celebramos_en_Semana_Santa-cuadro.jpg","datePublished":"2016-12-04T18:38:01+00:00","dateModified":"2022-10-12T16:54:55+00:00","breadcrumb":{"@id":"https:\/\/www.pivelgregoriano.com\/tienda\/tienda\/que-celebramos-en-semana-santa\/#breadcrumb"},"inLanguage":"es","potentialAction":[{"@type":"ReadAction","target":["https:\/\/www.pivelgregoriano.com\/tienda\/tienda\/que-celebramos-en-semana-santa\/"]}]},{"@type":"ImageObject","inLanguage":"es","@id":"https:\/\/www.pivelgregoriano.com\/tienda\/tienda\/que-celebramos-en-semana-santa\/#primaryimage","url":"https:\/\/www.pivelgregoriano.com\/tienda\/wp-content\/uploads\/2016\/12\/Que_celebramos_en_Semana_Santa-cuadro.jpg","contentUrl":"https:\/\/www.pivelgregoriano.com\/tienda\/wp-content\/uploads\/2016\/12\/Que_celebramos_en_Semana_Santa-cuadro.jpg","width":552,"height":552},{"@type":"BreadcrumbList","@id":"https:\/\/www.pivelgregoriano.com\/tienda\/tienda\/que-celebramos-en-semana-santa\/#breadcrumb","itemListElement":[{"@type":"ListItem","position":1,"name":"Home","item":"https:\/\/www.pivelgregoriano.com\/tienda\/"},{"@type":"ListItem","position":2,"name":"Tienda","item":"https:\/\/www.pivelgregoriano.com\/tienda\/"},{"@type":"ListItem","position":3,"name":"\u00bfQu\u00e9 celebramos en la Semana Santa? (Libro Electr\u00f3nico Descarga Inmediata)"}]},{"@type":"WebSite","@id":"https:\/\/www.pivelgregoriano.com\/tienda\/#website","url":"https:\/\/www.pivelgregoriano.com\/tienda\/","name":"Tienda Pivel Gregoriano","description":"Tienda PivelGregoriano","publisher":{"@id":"https:\/\/www.pivelgregoriano.com\/tienda\/#\/schema\/person\/1d010b70231deefe56affbc088b309ee"},"potentialAction":[{"@type":"SearchAction","target":{"@type":"EntryPoint","urlTemplate":"https:\/\/www.pivelgregoriano.com\/tienda\/?s={search_term_string}"},"query-input":{"@type":"PropertyValueSpecification","valueRequired":true,"valueName":"search_term_string"}}],"inLanguage":"es"},{"@type":["Person","Organization"],"@id":"https:\/\/www.pivelgregoriano.com\/tienda\/#\/schema\/person\/1d010b70231deefe56affbc088b309ee","name":"PIVEL AD TIENDA","image":{"@type":"ImageObject","inLanguage":"es","@id":"https:\/\/www.pivelgregoriano.com\/tienda\/#\/schema\/person\/image\/","url":"https:\/\/www.pivelgregoriano.com\/tienda\/wp-content\/uploads\/2016\/12\/cropped-LOGO-Misa-Tridentina-249x300-2-2.png","contentUrl":"https:\/\/www.pivelgregoriano.com\/tienda\/wp-content\/uploads\/2016\/12\/cropped-LOGO-Misa-Tridentina-249x300-2-2.png","width":240,"height":121,"caption":"PIVEL AD TIENDA"},"logo":{"@id":"https:\/\/www.pivelgregoriano.com\/tienda\/#\/schema\/person\/image\/"}}]},"product_price_amount":"15000","product_price_currency":"COP","og_availability":"instock","product_availability":"instock","product_condition":"new"},"_links":{"self":[{"href":"https:\/\/www.pivelgregoriano.com\/tienda\/wp-json\/wp\/v2\/product\/81","targetHints":{"allow":["GET"]}}],"collection":[{"href":"https:\/\/www.pivelgregoriano.com\/tienda\/wp-json\/wp\/v2\/product"}],"about":[{"href":"https:\/\/www.pivelgregoriano.com\/tienda\/wp-json\/wp\/v2\/types\/product"}],"replies":[{"embeddable":true,"href":"https:\/\/www.pivelgregoriano.com\/tienda\/wp-json\/wp\/v2\/comments?post=81"}],"wp:featuredmedia":[{"embeddable":true,"href":"https:\/\/www.pivelgregoriano.com\/tienda\/wp-json\/wp\/v2\/media\/157"}],"wp:attachment":[{"href":"https:\/\/www.pivelgregoriano.com\/tienda\/wp-json\/wp\/v2\/media?parent=81"}],"wp:term":[{"taxonomy":"product_brand","embeddable":true,"href":"https:\/\/www.pivelgregoriano.com\/tienda\/wp-json\/wp\/v2\/product_brand?post=81"},{"taxonomy":"product_cat","embeddable":true,"href":"https:\/\/www.pivelgregoriano.com\/tienda\/wp-json\/wp\/v2\/product_cat?post=81"},{"taxonomy":"product_tag","embeddable":true,"href":"https:\/\/www.pivelgregoriano.com\/tienda\/wp-json\/wp\/v2\/product_tag?post=81"}],"curies":[{"name":"wp","href":"https:\/\/api.w.org\/{rel}","templated":true}]}}